{"id":68,"date":"2016-04-07T10:19:37","date_gmt":"2016-04-07T09:19:37","guid":{"rendered":"http:\/\/www.body-vip.fr\/club-de-gym\/?page_id=68"},"modified":"2026-03-09T17:11:40","modified_gmt":"2026-03-09T16:11:40","slug":"contacter-body-vip","status":"publish","type":"page","link":"https:\/\/www.body-vip.fr\/club-de-gym\/contacter-body-vip\/","title":{"rendered":""},"content":{"rendered":"<h1 style=\"text-align: center;\">PR\u00caT \u00c0 COMMENCER ?<\/h1>\n<p style=\"text-align: center;\"><span style=\"color: #ebebeb;\">Le plus dur n\u2019est pas l\u2019entra\u00eenement.<\/span><\/p>\n<p style=\"text-align: center;\"><span style=\"color: #ebebeb;\">Le plus dur\u2026 c\u2019est de faire le premier pas.<\/span><\/p>\n<p style=\"text-align: center;\"><span style=\"color: #ebebeb;\">&#x1f4de; T\u00e9l\u00e9phone : <strong><a style=\"color: #ebebeb;\" href=\"https:\/\/www.google.com\/search?gs_ssp=eJzj4tVP1zc0zDA2rDIqyasyYLRSNagwMU81M0g2MbRIMjQytDAztzKosDAzNba0sDCzNDVPM7VINfUSSi9KTc8vqlQoSEtNSy1KSi1KBwDmLxVY&amp;q=gregory+pfeferberg&amp;rlz=1C1CHBF_frFR716FR716&amp;oq=greg&amp;aqs=chrome.1.35i39j46i67i175i199j69i57j0i67j46i433i512j69i60j69i61j69i60.1975j0j7&amp;sourceid=chrome&amp;ie=UTF-8#\" data-dtype=\"d3ph\" data-local-attribute=\"d3ph\" data-ved=\"2ahUKEwjZ_Pr6mPf8AhVjT6QEHeTgDcYQkAgoAHoECEUQAw\"><span aria-label=\"Appeler le 06 17 95 25 12\">06 17 95 25 12<\/span><\/a> (7 jours \/7).<\/strong><\/span><br \/>\n<span style=\"color: #ebebeb;\">&#x1f4cd; Adresse :\u00a0<strong style=\"font-size: 16px; font-style: normal;\">67 Avenue Foch 94100 Saint-Maur-des-Foss\u00e9s<\/strong><\/span><br \/>\n<span style=\"color: #ebebeb;\">&#x1f4f2; Instagram\u00a0 : <a style=\"color: #ebebeb;\" href=\"https:\/\/www.instagram.com\/body_vip_fight94\/\" target=\"_blank\" rel=\"noopener\">body_vip_fight94<\/a><\/span><\/p>\n<p style=\"text-align: center;\"><img loading=\"lazy\" decoding=\"async\" class=\"aligncenter size-large wp-image-3728\" src=\"https:\/\/www.body-vip.fr\/club-de-gym\/wp-content\/uploads\/2026\/03\/transformation-physique-1024x208.png\" alt=\"\" width=\"1024\" height=\"208\" srcset=\"https:\/\/www.body-vip.fr\/club-de-gym\/wp-content\/uploads\/2026\/03\/transformation-physique-1024x208.png 1024w, https:\/\/www.body-vip.fr\/club-de-gym\/wp-content\/uploads\/2026\/03\/transformation-physique-300x61.png 300w, https:\/\/www.body-vip.fr\/club-de-gym\/wp-content\/uploads\/2026\/03\/transformation-physique-768x156.png 768w, https:\/\/www.body-vip.fr\/club-de-gym\/wp-content\/uploads\/2026\/03\/transformation-physique-600x122.png 600w, https:\/\/www.body-vip.fr\/club-de-gym\/wp-content\/uploads\/2026\/03\/transformation-physique-200x41.png 200w, https:\/\/www.body-vip.fr\/club-de-gym\/wp-content\/uploads\/2026\/03\/transformation-physique.png 1108w\" sizes=\"auto, (max-width: 1024px) 100vw, 1024px\" \/><\/p>\n<p style=\"text-align: center;\"><span style=\"text-align: -webkit-center;\"><strong>BODY-VIP &#8211;\u00a0 \/\u00a0 <\/strong><\/span><strong>SIRET : 44886803400019<\/strong><\/p>\n<p align=\"center\">\n<div class=\"wpcf7 no-js\" id=\"wpcf7-f656-o1\" lang=\"fr-FR\" dir=\"ltr\" data-wpcf7-id=\"656\">\n<div class=\"screen-reader-response\"><p role=\"status\" aria-live=\"polite\" aria-atomic=\"true\"><\/p> <ul><\/ul><\/div>\n<form action=\"\/club-de-gym\/wp-json\/wp\/v2\/pages\/68#wpcf7-f656-o1\" method=\"post\" class=\"wpcf7-form init\" aria-label=\"Formulaire de contact\" novalidate=\"novalidate\" data-status=\"init\">\n<fieldset class=\"hidden-fields-container\"><input type=\"hidden\" name=\"_wpcf7\" value=\"656\" \/><input type=\"hidden\" name=\"_wpcf7_version\" value=\"6.1.5\" \/><input type=\"hidden\" name=\"_wpcf7_locale\" value=\"fr_FR\" \/><input type=\"hidden\" name=\"_wpcf7_unit_tag\" value=\"wpcf7-f656-o1\" \/><input type=\"hidden\" name=\"_wpcf7_container_post\" value=\"0\" \/><input type=\"hidden\" name=\"_wpcf7_posted_data_hash\" value=\"\" \/>\n<\/fieldset>\n<p><label>Votre nom (obligatoire)<br \/>\n<span class=\"wpcf7-form-control-wrap\" data-name=\"your-name\"><input size=\"40\" maxlength=\"400\" class=\"wpcf7-form-control wpcf7-text wpcf7-validates-as-required\" aria-required=\"true\" aria-invalid=\"false\" value=\"\" type=\"text\" name=\"your-name\" \/><\/span> <\/label><br \/>\n<label>Votre Email (obligatoire)<br \/>\n<span class=\"wpcf7-form-control-wrap\" data-name=\"email-276\"><input size=\"40\" maxlength=\"400\" class=\"wpcf7-form-control wpcf7-email wpcf7-validates-as-required wpcf7-text wpcf7-validates-as-email\" aria-required=\"true\" aria-invalid=\"false\" value=\"Email\" type=\"email\" name=\"email-276\" \/><\/span><\/label>\n<\/p>\n<p><label> Votre pr\u00e9nom<span class=\"wpcf7-form-control-wrap\" data-name=\"prenom\"><input size=\"40\" maxlength=\"400\" class=\"wpcf7-form-control wpcf7-text\" aria-invalid=\"false\" value=\"\" type=\"text\" name=\"prenom\" \/><\/span><\/label>\n<\/p>\n<p><label> Votre adresse<span class=\"wpcf7-form-control-wrap\" data-name=\"adresse\"><input size=\"40\" maxlength=\"400\" class=\"wpcf7-form-control wpcf7-text\" aria-invalid=\"false\" value=\"\" type=\"text\" name=\"adresse\" \/><\/span><\/label><br \/>\n<label> Votre t\u00e9l\u00e9phone<span class=\"wpcf7-form-control-wrap\" data-name=\"telephone\"><input size=\"40\" maxlength=\"400\" class=\"wpcf7-form-control wpcf7-text\" aria-invalid=\"false\" value=\"\" type=\"text\" name=\"telephone\" \/><\/span><\/label><br \/>\n<label> Votre \u00e2ge<span class=\"wpcf7-form-control-wrap\" data-name=\"age\"><input size=\"40\" maxlength=\"400\" class=\"wpcf7-form-control wpcf7-text\" aria-invalid=\"false\" value=\"\" type=\"text\" name=\"age\" \/><\/span><\/label><br \/>\n<label> Quel est l'objet de votre prise de contact ?<span class=\"wpcf7-form-control-wrap\" data-name=\"objetdemoncontact\"><textarea cols=\"40\" rows=\"10\" maxlength=\"2000\" class=\"wpcf7-form-control wpcf7-textarea wpcf7-validates-as-required\" aria-required=\"true\" aria-invalid=\"false\" name=\"objetdemoncontact\"><\/textarea><\/span><\/label><br \/>\n<label> Souhaitez vous \u00eatre rappel\u00e9 par un de nos conseill\u00e9s pour une prise de rendez vous ? Si oui, \u00e0 quelle heure ?<span class=\"wpcf7-form-control-wrap\" data-name=\"souhaitezvousetrerappele\"><input size=\"40\" maxlength=\"400\" class=\"wpcf7-form-control wpcf7-text\" aria-invalid=\"false\" value=\"\" type=\"text\" name=\"souhaitezvousetrerappele\" \/><\/span><\/label>\n<\/p>\n<p><input class=\"wpcf7-form-control wpcf7-submit has-spinner\" type=\"submit\" value=\"Envoyer\" \/>\n<\/p><p style=\"display: none !important;\" class=\"akismet-fields-container\" data-prefix=\"_wpcf7_ak_\"><label>&#916;<textarea name=\"_wpcf7_ak_hp_textarea\" cols=\"45\" rows=\"8\" maxlength=\"100\"><\/textarea><\/label><input type=\"hidden\" id=\"ak_js_1\" name=\"_wpcf7_ak_js\" value=\"192\"\/><script>\ndocument.getElementById( \"ak_js_1\" ).setAttribute( \"value\", ( new Date() ).getTime() );\n<\/script>\n<\/p><div class=\"wpcf7-response-output\" aria-hidden=\"true\"><\/div>\n<\/form>\n<\/div>\n<\/p>\n<figure id=\"attachment_732\" aria-describedby=\"caption-attachment-732\" style=\"width: 1200px\" class=\"wp-caption aligncenter\"><a href=\"https:\/\/www.body-vip.fr\/club-de-gym\/wp-content\/uploads\/2016\/04\/contacter-centre-de-remsie-en-forme-paris-2.jpg\"><img loading=\"lazy\" decoding=\"async\" class=\"wp-image-732 size-full\" src=\"https:\/\/www.body-vip.fr\/club-de-gym\/wp-content\/uploads\/2016\/04\/contacter-centre-de-remsie-en-forme-paris-2.jpg\" alt=\"\" width=\"1200\" height=\"666\" srcset=\"https:\/\/www.body-vip.fr\/club-de-gym\/wp-content\/uploads\/2016\/04\/contacter-centre-de-remsie-en-forme-paris-2.jpg 1200w, https:\/\/www.body-vip.fr\/club-de-gym\/wp-content\/uploads\/2016\/04\/contacter-centre-de-remsie-en-forme-paris-2-300x167.jpg 300w, https:\/\/www.body-vip.fr\/club-de-gym\/wp-content\/uploads\/2016\/04\/contacter-centre-de-remsie-en-forme-paris-2-768x426.jpg 768w, https:\/\/www.body-vip.fr\/club-de-gym\/wp-content\/uploads\/2016\/04\/contacter-centre-de-remsie-en-forme-paris-2-1024x568.jpg 1024w, https:\/\/www.body-vip.fr\/club-de-gym\/wp-content\/uploads\/2016\/04\/contacter-centre-de-remsie-en-forme-paris-2-600x333.jpg 600w\" sizes=\"auto, (max-width: 1200px) 100vw, 1200px\" \/><\/a><figcaption id=\"caption-attachment-732\" class=\"wp-caption-text\">Contactez Body vip : Votre club de boxe, de fitness et de coaching \u00e0 Saint Maur<\/figcaption><\/figure>\n","protected":false},"excerpt":{"rendered":"<p>PR\u00caT \u00c0 COMMENCER ? Le plus dur n\u2019est pas l\u2019entra\u00eenement. Le plus dur\u2026 c\u2019est de faire le premier pas. &#x1f4de; T\u00e9l\u00e9phone : 06 17 95 25 12 (7 jours \/7). &#x1f4cd; Adresse :\u00a067 Avenue Foch 94100 Saint-Maur-des-Foss\u00e9s &#x1f4f2; Instagram\u00a0 : body_vip_fight94 BODY-VIP &#8211;\u00a0 \/\u00a0 SIRET : 44886803400019<\/p>\n","protected":false},"author":1,"featured_media":0,"parent":0,"menu_order":0,"comment_status":"closed","ping_status":"closed","template":"","meta":{"site-sidebar-layout":"default","site-content-layout":"default","ast-site-content-layout":"default","site-content-style":"default","site-sidebar-style":"default","ast-global-header-display":"","ast-banner-title-visibility":"","ast-main-header-display":"","ast-hfb-above-header-display":"","ast-hfb-below-header-display":"","ast-hfb-mobile-header-display":"","site-post-title":"","ast-breadcrumbs-content":"","ast-featured-img":"","footer-sml-layout":"","ast-disable-related-posts":"","theme-transparent-header-meta":"default","adv-header-id-meta":"","stick-header-meta":"","header-above-stick-meta":"","header-main-stick-meta":"","header-below-stick-meta":"","astra-migrate-meta-layouts":"set","ast-page-background-enabled":"default","ast-page-background-meta":{"desktop":{"background-color":"var(--ast-global-color-4)","background-image":"","background-repeat":"repeat","background-position":"center center","background-size":"auto","background-attachment":"scroll","background-type":"","background-media":"","overlay-type":"","overlay-color":"","overlay-opacity":"","overlay-gradient":""},"tablet":{"background-color":"","background-image":"","background-repeat":"repeat","background-position":"center center","background-size":"auto","background-attachment":"scroll","background-type":"","background-media":"","overlay-type":"","overlay-color":"","overlay-opacity":"","overlay-gradient":""},"mobile":{"background-color":"","background-image":"","background-repeat":"repeat","background-position":"center center","background-size":"auto","background-attachment":"scroll","background-type":"","background-media":"","overlay-type":"","overlay-color":"","overlay-opacity":"","overlay-gradient":""}},"ast-content-background-meta":{"desktop":{"background-color":"var(--ast-global-color-5)","background-image":"","background-repeat":"repeat","background-position":"center center","background-size":"auto","background-attachment":"scroll","background-type":"","background-media":"","overlay-type":"","overlay-color":"","overlay-opacity":"","overlay-gradient":""},"tablet":{"background-color":"var(--ast-global-color-5)","background-image":"","background-repeat":"repeat","background-position":"center center","background-size":"auto","background-attachment":"scroll","background-type":"","background-media":"","overlay-type":"","overlay-color":"","overlay-opacity":"","overlay-gradient":""},"mobile":{"background-color":"var(--ast-global-color-5)","background-image":"","background-repeat":"repeat","background-position":"center center","background-size":"auto","background-attachment":"scroll","background-type":"","background-media":"","overlay-type":"","overlay-color":"","overlay-opacity":"","overlay-gradient":""}},"footnotes":""},"class_list":["post-68","page","type-page","status-publish","hentry"],"yoast_head":"<!-- This site is optimized with the Yoast SEO plugin v27.6 - https:\/\/yoast.com\/product\/yoast-seo-wordpress\/ -->\n<title>- sports de combat, fitness, coaching et Yoga<\/title>\n<meta name=\"description\" content=\"Club de boxe et fitness tous niveaux \u00e0 Saint Maur des Foss\u00e9s \/ 94100 Proche de la r\u00e9gion parisienne et dirig\u00e9 par des professeurs dipl\u00f4m\u00e9s.\" \/>\n<meta name=\"robots\" content=\"index, follow, max-snippet:-1, max-image-preview:large, max-video-preview:-1\" \/>\n<link rel=\"canonical\" href=\"https:\/\/www.body-vip.fr\/club-de-gym\/contacter-body-vip\/\" \/>\n<meta property=\"og:locale\" content=\"fr_FR\" \/>\n<meta property=\"og:type\" content=\"article\" \/>\n<meta property=\"og:title\" content=\"- sports de combat, fitness, coaching et Yoga\" \/>\n<meta property=\"og:description\" content=\"Club de boxe et fitness tous niveaux \u00e0 Saint Maur des Foss\u00e9s \/ 94100 Proche de la r\u00e9gion parisienne et dirig\u00e9 par des professeurs dipl\u00f4m\u00e9s.\" \/>\n<meta property=\"og:url\" content=\"https:\/\/www.body-vip.fr\/club-de-gym\/contacter-body-vip\/\" \/>\n<meta property=\"og:site_name\" content=\"Club de Sport\" \/>\n<meta property=\"article:modified_time\" content=\"2026-03-09T16:11:40+00:00\" \/>\n<meta property=\"og:image\" content=\"https:\/\/www.body-vip.fr\/club-de-gym\/wp-content\/uploads\/2026\/03\/transformation-physique.png\" \/>\n\t<meta property=\"og:image:width\" content=\"1108\" \/>\n\t<meta property=\"og:image:height\" content=\"225\" \/>\n\t<meta property=\"og:image:type\" content=\"image\/png\" \/>\n<meta name=\"twitter:card\" content=\"summary_large_image\" \/>\n<meta name=\"twitter:label1\" content=\"Dur\u00e9e de lecture estim\u00e9e\" \/>\n\t<meta name=\"twitter:data1\" content=\"1 minute\" \/>\n<script type=\"application\/ld+json\" class=\"yoast-schema-graph\">{\"@context\":\"https:\\\/\\\/schema.org\",\"@graph\":[{\"@type\":\"WebPage\",\"@id\":\"https:\\\/\\\/www.body-vip.fr\\\/club-de-gym\\\/contacter-body-vip\\\/\",\"url\":\"https:\\\/\\\/www.body-vip.fr\\\/club-de-gym\\\/contacter-body-vip\\\/\",\"name\":\"- sports de combat, fitness, coaching et Yoga\",\"isPartOf\":{\"@id\":\"https:\\\/\\\/www.body-vip.fr\\\/club-de-gym\\\/#website\"},\"primaryImageOfPage\":{\"@id\":\"https:\\\/\\\/www.body-vip.fr\\\/club-de-gym\\\/contacter-body-vip\\\/#primaryimage\"},\"image\":{\"@id\":\"https:\\\/\\\/www.body-vip.fr\\\/club-de-gym\\\/contacter-body-vip\\\/#primaryimage\"},\"thumbnailUrl\":\"https:\\\/\\\/www.body-vip.fr\\\/club-de-gym\\\/wp-content\\\/uploads\\\/2026\\\/03\\\/transformation-physique-1024x208.png\",\"datePublished\":\"2016-04-07T09:19:37+00:00\",\"dateModified\":\"2026-03-09T16:11:40+00:00\",\"description\":\"Club de boxe et fitness tous niveaux \u00e0 Saint Maur des Foss\u00e9s \\\/ 94100 Proche de la r\u00e9gion parisienne et dirig\u00e9 par des professeurs dipl\u00f4m\u00e9s.\",\"inLanguage\":\"fr-FR\",\"potentialAction\":[{\"@type\":\"ReadAction\",\"target\":[\"https:\\\/\\\/www.body-vip.fr\\\/club-de-gym\\\/contacter-body-vip\\\/\"]}]},{\"@type\":\"ImageObject\",\"inLanguage\":\"fr-FR\",\"@id\":\"https:\\\/\\\/www.body-vip.fr\\\/club-de-gym\\\/contacter-body-vip\\\/#primaryimage\",\"url\":\"https:\\\/\\\/www.body-vip.fr\\\/club-de-gym\\\/wp-content\\\/uploads\\\/2026\\\/03\\\/transformation-physique.png\",\"contentUrl\":\"https:\\\/\\\/www.body-vip.fr\\\/club-de-gym\\\/wp-content\\\/uploads\\\/2026\\\/03\\\/transformation-physique.png\",\"width\":1108,\"height\":225},{\"@type\":\"WebSite\",\"@id\":\"https:\\\/\\\/www.body-vip.fr\\\/club-de-gym\\\/#website\",\"url\":\"https:\\\/\\\/www.body-vip.fr\\\/club-de-gym\\\/\",\"name\":\"Club de Sport\",\"description\":\"\",\"publisher\":{\"@id\":\"https:\\\/\\\/www.body-vip.fr\\\/club-de-gym\\\/#organization\"},\"potentialAction\":[{\"@type\":\"SearchAction\",\"target\":{\"@type\":\"EntryPoint\",\"urlTemplate\":\"https:\\\/\\\/www.body-vip.fr\\\/club-de-gym\\\/?s={search_term_string}\"},\"query-input\":{\"@type\":\"PropertyValueSpecification\",\"valueRequired\":true,\"valueName\":\"search_term_string\"}}],\"inLanguage\":\"fr-FR\"},{\"@type\":\"Organization\",\"@id\":\"https:\\\/\\\/www.body-vip.fr\\\/club-de-gym\\\/#organization\",\"name\":\"Club de Sport\",\"url\":\"https:\\\/\\\/www.body-vip.fr\\\/club-de-gym\\\/\",\"logo\":{\"@type\":\"ImageObject\",\"inLanguage\":\"fr-FR\",\"@id\":\"https:\\\/\\\/www.body-vip.fr\\\/club-de-gym\\\/#\\\/schema\\\/logo\\\/image\\\/\",\"url\":\"https:\\\/\\\/www.body-vip.fr\\\/club-de-gym\\\/wp-content\\\/uploads\\\/2026\\\/03\\\/cropped-rect4204.png\",\"contentUrl\":\"https:\\\/\\\/www.body-vip.fr\\\/club-de-gym\\\/wp-content\\\/uploads\\\/2026\\\/03\\\/cropped-rect4204.png\",\"width\":700,\"height\":233,\"caption\":\"Club de Sport\"},\"image\":{\"@id\":\"https:\\\/\\\/www.body-vip.fr\\\/club-de-gym\\\/#\\\/schema\\\/logo\\\/image\\\/\"}}]}<\/script>\n<!-- \/ Yoast SEO plugin. -->","yoast_head_json":{"title":"- sports de combat, fitness, coaching et Yoga","description":"Club de boxe et fitness tous niveaux \u00e0 Saint Maur des Foss\u00e9s \/ 94100 Proche de la r\u00e9gion parisienne et dirig\u00e9 par des professeurs dipl\u00f4m\u00e9s.","robots":{"index":"index","follow":"follow","max-snippet":"max-snippet:-1","max-image-preview":"max-image-preview:large","max-video-preview":"max-video-preview:-1"},"canonical":"https:\/\/www.body-vip.fr\/club-de-gym\/contacter-body-vip\/","og_locale":"fr_FR","og_type":"article","og_title":"- sports de combat, fitness, coaching et Yoga","og_description":"Club de boxe et fitness tous niveaux \u00e0 Saint Maur des Foss\u00e9s \/ 94100 Proche de la r\u00e9gion parisienne et dirig\u00e9 par des professeurs dipl\u00f4m\u00e9s.","og_url":"https:\/\/www.body-vip.fr\/club-de-gym\/contacter-body-vip\/","og_site_name":"Club de Sport","article_modified_time":"2026-03-09T16:11:40+00:00","og_image":[{"width":1108,"height":225,"url":"https:\/\/www.body-vip.fr\/club-de-gym\/wp-content\/uploads\/2026\/03\/transformation-physique.png","type":"image\/png"}],"twitter_card":"summary_large_image","twitter_misc":{"Dur\u00e9e de lecture estim\u00e9e":"1 minute"},"schema":{"@context":"https:\/\/schema.org","@graph":[{"@type":"WebPage","@id":"https:\/\/www.body-vip.fr\/club-de-gym\/contacter-body-vip\/","url":"https:\/\/www.body-vip.fr\/club-de-gym\/contacter-body-vip\/","name":"- sports de combat, fitness, coaching et Yoga","isPartOf":{"@id":"https:\/\/www.body-vip.fr\/club-de-gym\/#website"},"primaryImageOfPage":{"@id":"https:\/\/www.body-vip.fr\/club-de-gym\/contacter-body-vip\/#primaryimage"},"image":{"@id":"https:\/\/www.body-vip.fr\/club-de-gym\/contacter-body-vip\/#primaryimage"},"thumbnailUrl":"https:\/\/www.body-vip.fr\/club-de-gym\/wp-content\/uploads\/2026\/03\/transformation-physique-1024x208.png","datePublished":"2016-04-07T09:19:37+00:00","dateModified":"2026-03-09T16:11:40+00:00","description":"Club de boxe et fitness tous niveaux \u00e0 Saint Maur des Foss\u00e9s \/ 94100 Proche de la r\u00e9gion parisienne et dirig\u00e9 par des professeurs dipl\u00f4m\u00e9s.","inLanguage":"fr-FR","potentialAction":[{"@type":"ReadAction","target":["https:\/\/www.body-vip.fr\/club-de-gym\/contacter-body-vip\/"]}]},{"@type":"ImageObject","inLanguage":"fr-FR","@id":"https:\/\/www.body-vip.fr\/club-de-gym\/contacter-body-vip\/#primaryimage","url":"https:\/\/www.body-vip.fr\/club-de-gym\/wp-content\/uploads\/2026\/03\/transformation-physique.png","contentUrl":"https:\/\/www.body-vip.fr\/club-de-gym\/wp-content\/uploads\/2026\/03\/transformation-physique.png","width":1108,"height":225},{"@type":"WebSite","@id":"https:\/\/www.body-vip.fr\/club-de-gym\/#website","url":"https:\/\/www.body-vip.fr\/club-de-gym\/","name":"Club de Sport","description":"","publisher":{"@id":"https:\/\/www.body-vip.fr\/club-de-gym\/#organization"},"potentialAction":[{"@type":"SearchAction","target":{"@type":"EntryPoint","urlTemplate":"https:\/\/www.body-vip.fr\/club-de-gym\/?s={search_term_string}"},"query-input":{"@type":"PropertyValueSpecification","valueRequired":true,"valueName":"search_term_string"}}],"inLanguage":"fr-FR"},{"@type":"Organization","@id":"https:\/\/www.body-vip.fr\/club-de-gym\/#organization","name":"Club de Sport","url":"https:\/\/www.body-vip.fr\/club-de-gym\/","logo":{"@type":"ImageObject","inLanguage":"fr-FR","@id":"https:\/\/www.body-vip.fr\/club-de-gym\/#\/schema\/logo\/image\/","url":"https:\/\/www.body-vip.fr\/club-de-gym\/wp-content\/uploads\/2026\/03\/cropped-rect4204.png","contentUrl":"https:\/\/www.body-vip.fr\/club-de-gym\/wp-content\/uploads\/2026\/03\/cropped-rect4204.png","width":700,"height":233,"caption":"Club de Sport"},"image":{"@id":"https:\/\/www.body-vip.fr\/club-de-gym\/#\/schema\/logo\/image\/"}}]}},"_links":{"self":[{"href":"https:\/\/www.body-vip.fr\/club-de-gym\/wp-json\/wp\/v2\/pages\/68","targetHints":{"allow":["GET"]}}],"collection":[{"href":"https:\/\/www.body-vip.fr\/club-de-gym\/wp-json\/wp\/v2\/pages"}],"about":[{"href":"https:\/\/www.body-vip.fr\/club-de-gym\/wp-json\/wp\/v2\/types\/page"}],"author":[{"embeddable":true,"href":"https:\/\/www.body-vip.fr\/club-de-gym\/wp-json\/wp\/v2\/users\/1"}],"replies":[{"embeddable":true,"href":"https:\/\/www.body-vip.fr\/club-de-gym\/wp-json\/wp\/v2\/comments?post=68"}],"version-history":[{"count":7,"href":"https:\/\/www.body-vip.fr\/club-de-gym\/wp-json\/wp\/v2\/pages\/68\/revisions"}],"predecessor-version":[{"id":3730,"href":"https:\/\/www.body-vip.fr\/club-de-gym\/wp-json\/wp\/v2\/pages\/68\/revisions\/3730"}],"wp:attachment":[{"href":"https:\/\/www.body-vip.fr\/club-de-gym\/wp-json\/wp\/v2\/media?parent=68"}],"curies":[{"name":"wp","href":"https:\/\/api.w.org\/{rel}","templated":true}]}}