{"id":3721,"date":"2026-03-09T17:00:20","date_gmt":"2026-03-09T16:00:20","guid":{"rendered":"https:\/\/www.body-vip.fr\/club-de-gym\/?page_id=3721"},"modified":"2026-03-09T17:18:26","modified_gmt":"2026-03-09T16:18:26","slug":"transformation-perte-de-poids","status":"publish","type":"page","link":"https:\/\/www.body-vip.fr\/club-de-gym\/transformation-perte-de-poids\/","title":{"rendered":""},"content":{"rendered":"<p style=\"text-align: center;\"><style id=\"depicter-510-inline-pre-css\">\n\n.depicter-510:not(.depicter-ready){\n\theight:600px;\n}\n\n\/***** Tablet *****\/\n@media screen and (max-width: 1024px){\n\n.depicter-510:not(.depicter-ready){\n\theight:700px;\n}\n\n}\n\/***** Mobile *****\/\n@media screen and (max-width: 767px){\n\n.depicter-510:not(.depicter-ready){\n\theight:740px;\n}\n\n}\n<\/style>\n<div id=\"depicter-510\" class=\"depicter depicter-document depicter-revert depicter-510 depicter-layout-fullwidth\">\n\n<div class=\"depicter-loading-container depicter-loading dotFlashing-dark\"><div class=\"depicter-loading-dark depicter-dot-flashing\">\n   <span><\/span>\n   <span><\/span>\n   <span><\/span>\n<\/div>\n<\/div>\n<div id=\"depicter-510-section-1\" class=\"depicter-section depicter-510-section-1\" data-name=\"Section 1\" data-type=\"section\" data-local-id=\"section-1\">\n<picture data-animation-in=\"{'direction':'right','easing':'easeOutQuart','duration':2500,'movement':{'value':350,'unit':'px'},'type':'move'}\" data-between-in-out=\"false\" id=\"depicter-510-element-2\" class=\"depicter-element depicter-layer depicter-510-element-2\" data-type=\"image\" data-wrap=\"true\" data-name=\"Image 1\" data-local-id=\"element-2\" data-offset=\"x:-67px;y:0px;origin:tl\" data-tablet-offset=\"x:-67px;y:0px;origin:tl\" data-mobile-offset=\"x:-138px;y:87px;origin:tl\" data-width=\"1100px,1283px,635px\" data-height=\"600px,699px,555px\" data-responsive-scale=\"true,,\" data-crop=\"false\">\n<source data-depicter-srcset=\"https:\/\/www.body-vip.fr\/club-de-gym\/wp-content\/uploads\/2026\/03\/2-musculation-et-remise-en-forme-635x555.jpg, https:\/\/www.body-vip.fr\/club-de-gym\/wp-content\/uploads\/2026\/03\/2-musculation-et-remise-en-forme-1270x1110.jpg 2x\" srcset=\"data:image\/gif;base64,R0lGODlhAQABAIAAAAAAAP\/\/\/yH5BAEAAAAALAAAAAABAAEAAAIBRAA7\" media=\"(max-width: 767px)\" \/>\n\n<source data-depicter-srcset=\"https:\/\/www.body-vip.fr\/club-de-gym\/wp-content\/uploads\/2026\/03\/2-musculation-et-remise-en-forme-1283x699.jpg, https:\/\/www.body-vip.fr\/club-de-gym\/wp-content\/uploads\/2026\/03\/2-musculation-et-remise-en-forme-2566x1398.jpg 2x\" srcset=\"data:image\/gif;base64,R0lGODlhAQABAIAAAAAAAP\/\/\/yH5BAEAAAAALAAAAAABAAEAAAIBRAA7\" media=\"(max-width: 1024px)\" \/>\n\n<source data-depicter-srcset=\"https:\/\/www.body-vip.fr\/club-de-gym\/wp-content\/uploads\/2026\/03\/2-musculation-et-remise-en-forme-1100x600.jpg, https:\/\/www.body-vip.fr\/club-de-gym\/wp-content\/uploads\/2026\/03\/2-musculation-et-remise-en-forme-2200x1200.jpg 2x\" srcset=\"data:image\/gif;base64,R0lGODlhAQABAIAAAAAAAP\/\/\/yH5BAEAAAAALAAAAAABAAEAAAIBRAA7\" media=\"(min-width: 1025px)\" \/>\n<img decoding=\"async\" src=\"data:image\/gif;base64,R0lGODlhAQABAIAAAAAAAP\/\/\/yH5BAEAAAAALAAAAAABAAEAAAIBRAA7\" data-depicter-src=\"https:\/\/www.body-vip.fr\/club-de-gym\/wp-content\/uploads\/2026\/03\/2-musculation-et-remise-en-forme-1100x600.jpg\" alt=\"\" \/>\n<\/picture>\n<picture data-animation-in=\"{'direction':'left','easing':'easeInOutExpo','duration':1800,'movement':{'value':800,'unit':'px'},'type':'move'}\" data-between-in-out=\"false\" id=\"depicter-510-element-3\" class=\"depicter-element depicter-layer depicter-510-element-3\" data-type=\"image\" data-wrap=\"true\" data-name=\"Image 2\" data-local-id=\"element-3\" data-offset=\"x:424px;y:389px;origin:tl\" data-mobile-offset=\"x:-12px;y:633px;origin:tl\" data-width=\"500px,,383px\" data-height=\"149px,,114px\" data-responsive-scale=\"true,,\" data-crop=\"false\">\n<source data-depicter-srcset=\"https:\/\/www.body-vip.fr\/club-de-gym\/wp-content\/uploads\/2026\/03\/perte-de-poids-383x114.png, https:\/\/www.body-vip.fr\/club-de-gym\/wp-content\/uploads\/2026\/03\/perte-de-poids-766x228.png 2x\" srcset=\"data:image\/gif;base64,R0lGODlhAQABAIAAAAAAAP\/\/\/yH5BAEAAAAALAAAAAABAAEAAAIBRAA7\" media=\"(max-width: 767px)\" \/>\n\n<source data-depicter-srcset=\"https:\/\/www.body-vip.fr\/club-de-gym\/wp-content\/uploads\/2026\/03\/perte-de-poids-500x149.png, https:\/\/www.body-vip.fr\/club-de-gym\/wp-content\/uploads\/2026\/03\/perte-de-poids-1000x298.png 2x\" srcset=\"data:image\/gif;base64,R0lGODlhAQABAIAAAAAAAP\/\/\/yH5BAEAAAAALAAAAAABAAEAAAIBRAA7\" media=\"(min-width: 768px)\" \/>\n<img decoding=\"async\" src=\"data:image\/gif;base64,R0lGODlhAQABAIAAAAAAAP\/\/\/yH5BAEAAAAALAAAAAABAAEAAAIBRAA7\" data-depicter-src=\"https:\/\/www.body-vip.fr\/club-de-gym\/wp-content\/uploads\/2026\/03\/perte-de-poids-500x149.png\" alt=\"\" \/>\n<\/picture>\n<picture data-animation-in=\"{'direction':'left','easing':'easeInOutExpo','duration':2500,'movement':{'value':900,'unit':'px'},'type':'move'}\" data-between-in-out=\"false\" id=\"depicter-510-element-4\" class=\"depicter-element depicter-layer depicter-510-element-4\" data-type=\"image\" data-wrap=\"true\" data-name=\"Image 3\" data-local-id=\"element-4\" data-offset=\"x:37px;y:53px;origin:tl\" data-mobile-offset=\"x:0px;y:8px;origin:tl\" data-width=\"518px,,371px\" data-height=\"104px,,73px\" data-responsive-scale=\"true,,\" data-crop=\"false\">\n<source data-depicter-srcset=\"https:\/\/www.body-vip.fr\/club-de-gym\/wp-content\/uploads\/2026\/03\/transfo-physique-371x73.png, https:\/\/www.body-vip.fr\/club-de-gym\/wp-content\/uploads\/2026\/03\/transfo-physique-742x146.png 2x\" srcset=\"data:image\/gif;base64,R0lGODlhAQABAIAAAAAAAP\/\/\/yH5BAEAAAAALAAAAAABAAEAAAIBRAA7\" media=\"(max-width: 767px)\" \/>\n\n<source data-depicter-srcset=\"https:\/\/www.body-vip.fr\/club-de-gym\/wp-content\/uploads\/2026\/03\/transfo-physique-518x104.png, https:\/\/www.body-vip.fr\/club-de-gym\/wp-content\/uploads\/2026\/03\/transfo-physique-1036x208.png 2x\" srcset=\"data:image\/gif;base64,R0lGODlhAQABAIAAAAAAAP\/\/\/yH5BAEAAAAALAAAAAABAAEAAAIBRAA7\" media=\"(min-width: 768px)\" \/>\n<img decoding=\"async\" src=\"data:image\/gif;base64,R0lGODlhAQABAIAAAAAAAP\/\/\/yH5BAEAAAAALAAAAAABAAEAAAIBRAA7\" data-depicter-src=\"https:\/\/www.body-vip.fr\/club-de-gym\/wp-content\/uploads\/2026\/03\/transfo-physique-518x104.png\" alt=\"\" \/>\n<\/picture><\/div>\n<\/div>\n<script>\n(window.depicterSetups = window.depicterSetups || []).push(function(){\n\tDepicter.basePath = 'https:\/\/www.body-vip.fr\/club-de-gym\/wp-content\/plugins\/depicter\/resources\/scripts\/player\/';\n\tconst dpPlayer = Depicter.setup('.depicter-510',\n\t\t{\"width\":[\"1000\",\"1024\",\"360\"],\"height\":[\"600\",\"700\",\"740\"],\"view\":\"basic\",\"keepAspectRatio\":true,\"preload\":0,\"layout\":\"fullwidth\",\"rtl\":false,\"initAfterAppear\":false,\"ajaxApiUrl\":\"https:\\\/\\\/www.body-vip.fr\\\/club-de-gym\\\/wp-admin\\\/admin-ajax.php\",\"mouseSwipe\":true,\"touchSwipe\":true,\"useWatermark\":false}\n\t);\n});\n<\/script><\/p>\n<hr \/>\n<h1 style=\"text-align: center;\">TRANSFORMATION PHYSIQUE<\/h1>\n<p style=\"text-align: center;\"><span style=\"color: #e8e8e8;\">Perdre du poids n\u2019est pas une question de chance.<\/span><br \/>\n<span style=\"color: #e8e8e8;\">C\u2019est une strat\u00e9gie.<\/span><\/p>\n<p style=\"text-align: center;\"><span style=\"color: #e8e8e8;\">Chez BODY VIP, nous combinons entra\u00eenement intelligent, nutrition et discipline pour transformer ton corps durablement.<\/span><\/p>\n<h2 style=\"text-align: center;\">&#x1f525; R\u00e9sultats rapides. Transformation durable.<\/h2>\n<ul>\n<li style=\"text-align: center;\">Perte de poids<\/li>\n<li style=\"text-align: center;\">Remise en forme<\/li>\n<li style=\"text-align: center;\">Nutrition<\/li>\n<li style=\"text-align: center;\">Suivi personnalis\u00e9<\/li>\n<\/ul>\n<h3 style=\"text-align: center;\">Ton corps peut changer !<\/h3>\n<hr \/>\n<p>&nbsp;<\/p>\n","protected":false},"excerpt":{"rendered":"<p>TRANSFORMATION PHYSIQUE Perdre du poids n\u2019est pas une question de chance. C\u2019est une strat\u00e9gie. Chez BODY VIP, nous combinons entra\u00eenement intelligent, nutrition et discipline pour transformer ton corps durablement. &#x1f525; R\u00e9sultats rapides. Transformation durable. Perte de poids Remise en forme Nutrition Suivi personnalis\u00e9 Ton corps peut changer ! &nbsp;<\/p>\n","protected":false},"author":1,"featured_media":0,"parent":0,"menu_order":0,"comment_status":"closed","ping_status":"closed","template":"","meta":{"site-sidebar-layout":"default","site-content-layout":"","ast-site-content-layout":"default","site-content-style":"default","site-sidebar-style":"default","ast-global-header-display":"","ast-banner-title-visibility":"","ast-main-header-display":"","ast-hfb-above-header-display":"","ast-hfb-below-header-display":"","ast-hfb-mobile-header-display":"","site-post-title":"","ast-breadcrumbs-content":"","ast-featured-img":"","footer-sml-layout":"","ast-disable-related-posts":"","theme-transparent-header-meta":"default","adv-header-id-meta":"","stick-header-meta":"","header-above-stick-meta":"","header-main-stick-meta":"","header-below-stick-meta":"","astra-migrate-meta-layouts":"set","ast-page-background-enabled":"default","ast-page-background-meta":{"desktop":{"background-color":"var(--ast-global-color-4)","background-image":"","background-repeat":"repeat","background-position":"center center","background-size":"auto","background-attachment":"scroll","background-type":"","background-media":"","overlay-type":"","overlay-color":"","overlay-opacity":"","overlay-gradient":""},"tablet":{"background-color":"","background-image":"","background-repeat":"repeat","background-position":"center center","background-size":"auto","background-attachment":"scroll","background-type":"","background-media":"","overlay-type":"","overlay-color":"","overlay-opacity":"","overlay-gradient":""},"mobile":{"background-color":"","background-image":"","background-repeat":"repeat","background-position":"center center","background-size":"auto","background-attachment":"scroll","background-type":"","background-media":"","overlay-type":"","overlay-color":"","overlay-opacity":"","overlay-gradient":""}},"ast-content-background-meta":{"desktop":{"background-color":"var(--ast-global-color-5)","background-image":"","background-repeat":"repeat","background-position":"center center","background-size":"auto","background-attachment":"scroll","background-type":"","background-media":"","overlay-type":"","overlay-color":"","overlay-opacity":"","overlay-gradient":""},"tablet":{"background-color":"var(--ast-global-color-5)","background-image":"","background-repeat":"repeat","background-position":"center center","background-size":"auto","background-attachment":"scroll","background-type":"","background-media":"","overlay-type":"","overlay-color":"","overlay-opacity":"","overlay-gradient":""},"mobile":{"background-color":"var(--ast-global-color-5)","background-image":"","background-repeat":"repeat","background-position":"center center","background-size":"auto","background-attachment":"scroll","background-type":"","background-media":"","overlay-type":"","overlay-color":"","overlay-opacity":"","overlay-gradient":""}},"footnotes":""},"class_list":["post-3721","page","type-page","status-publish","hentry"],"yoast_head":"<!-- This site is optimized with the Yoast SEO plugin v27.5 - https:\/\/yoast.com\/product\/yoast-seo-wordpress\/ -->\n<title>Perte de poids et transformation physique<\/title>\n<meta name=\"description\" content=\"Perdre du poids n\u2019est pas une question de chance. C\u2019est une strat\u00e9gie. Transforme ton corps durablement.\" \/>\n<meta name=\"robots\" content=\"index, follow, max-snippet:-1, max-image-preview:large, max-video-preview:-1\" \/>\n<link rel=\"canonical\" href=\"https:\/\/www.body-vip.fr\/club-de-gym\/transformation-perte-de-poids\/\" \/>\n<meta property=\"og:locale\" content=\"fr_FR\" \/>\n<meta property=\"og:type\" content=\"article\" \/>\n<meta property=\"og:title\" content=\"Perte de poids et transformation physique\" \/>\n<meta property=\"og:description\" content=\"Perdre du poids n\u2019est pas une question de chance. C\u2019est une strat\u00e9gie. Transforme ton corps durablement.\" \/>\n<meta property=\"og:url\" content=\"https:\/\/www.body-vip.fr\/club-de-gym\/transformation-perte-de-poids\/\" \/>\n<meta property=\"og:site_name\" content=\"Club de Sport\" \/>\n<meta property=\"article:modified_time\" content=\"2026-03-09T16:18:26+00:00\" \/>\n<meta name=\"twitter:card\" content=\"summary_large_image\" \/>\n<meta name=\"twitter:label1\" content=\"Dur\u00e9e de lecture estim\u00e9e\" \/>\n\t<meta name=\"twitter:data1\" content=\"1 minute\" \/>\n<script type=\"application\/ld+json\" class=\"yoast-schema-graph\">{\"@context\":\"https:\\\/\\\/schema.org\",\"@graph\":[{\"@type\":\"WebPage\",\"@id\":\"https:\\\/\\\/www.body-vip.fr\\\/club-de-gym\\\/transformation-perte-de-poids\\\/\",\"url\":\"https:\\\/\\\/www.body-vip.fr\\\/club-de-gym\\\/transformation-perte-de-poids\\\/\",\"name\":\"Perte de poids et transformation physique\",\"isPartOf\":{\"@id\":\"https:\\\/\\\/www.body-vip.fr\\\/club-de-gym\\\/#website\"},\"datePublished\":\"2026-03-09T16:00:20+00:00\",\"dateModified\":\"2026-03-09T16:18:26+00:00\",\"description\":\"Perdre du poids n\u2019est pas une question de chance. C\u2019est une strat\u00e9gie. Transforme ton corps durablement.\",\"inLanguage\":\"fr-FR\",\"potentialAction\":[{\"@type\":\"ReadAction\",\"target\":[\"https:\\\/\\\/www.body-vip.fr\\\/club-de-gym\\\/transformation-perte-de-poids\\\/\"]}]},{\"@type\":\"WebSite\",\"@id\":\"https:\\\/\\\/www.body-vip.fr\\\/club-de-gym\\\/#website\",\"url\":\"https:\\\/\\\/www.body-vip.fr\\\/club-de-gym\\\/\",\"name\":\"Club de Sport\",\"description\":\"\",\"publisher\":{\"@id\":\"https:\\\/\\\/www.body-vip.fr\\\/club-de-gym\\\/#organization\"},\"potentialAction\":[{\"@type\":\"SearchAction\",\"target\":{\"@type\":\"EntryPoint\",\"urlTemplate\":\"https:\\\/\\\/www.body-vip.fr\\\/club-de-gym\\\/?s={search_term_string}\"},\"query-input\":{\"@type\":\"PropertyValueSpecification\",\"valueRequired\":true,\"valueName\":\"search_term_string\"}}],\"inLanguage\":\"fr-FR\"},{\"@type\":\"Organization\",\"@id\":\"https:\\\/\\\/www.body-vip.fr\\\/club-de-gym\\\/#organization\",\"name\":\"Club de Sport\",\"url\":\"https:\\\/\\\/www.body-vip.fr\\\/club-de-gym\\\/\",\"logo\":{\"@type\":\"ImageObject\",\"inLanguage\":\"fr-FR\",\"@id\":\"https:\\\/\\\/www.body-vip.fr\\\/club-de-gym\\\/#\\\/schema\\\/logo\\\/image\\\/\",\"url\":\"https:\\\/\\\/www.body-vip.fr\\\/club-de-gym\\\/wp-content\\\/uploads\\\/2026\\\/03\\\/cropped-rect4204.png\",\"contentUrl\":\"https:\\\/\\\/www.body-vip.fr\\\/club-de-gym\\\/wp-content\\\/uploads\\\/2026\\\/03\\\/cropped-rect4204.png\",\"width\":700,\"height\":233,\"caption\":\"Club de Sport\"},\"image\":{\"@id\":\"https:\\\/\\\/www.body-vip.fr\\\/club-de-gym\\\/#\\\/schema\\\/logo\\\/image\\\/\"}}]}<\/script>\n<!-- \/ Yoast SEO plugin. -->","yoast_head_json":{"title":"Perte de poids et transformation physique","description":"Perdre du poids n\u2019est pas une question de chance. C\u2019est une strat\u00e9gie. Transforme ton corps durablement.","robots":{"index":"index","follow":"follow","max-snippet":"max-snippet:-1","max-image-preview":"max-image-preview:large","max-video-preview":"max-video-preview:-1"},"canonical":"https:\/\/www.body-vip.fr\/club-de-gym\/transformation-perte-de-poids\/","og_locale":"fr_FR","og_type":"article","og_title":"Perte de poids et transformation physique","og_description":"Perdre du poids n\u2019est pas une question de chance. C\u2019est une strat\u00e9gie. Transforme ton corps durablement.","og_url":"https:\/\/www.body-vip.fr\/club-de-gym\/transformation-perte-de-poids\/","og_site_name":"Club de Sport","article_modified_time":"2026-03-09T16:18:26+00:00","twitter_card":"summary_large_image","twitter_misc":{"Dur\u00e9e de lecture estim\u00e9e":"1 minute"},"schema":{"@context":"https:\/\/schema.org","@graph":[{"@type":"WebPage","@id":"https:\/\/www.body-vip.fr\/club-de-gym\/transformation-perte-de-poids\/","url":"https:\/\/www.body-vip.fr\/club-de-gym\/transformation-perte-de-poids\/","name":"Perte de poids et transformation physique","isPartOf":{"@id":"https:\/\/www.body-vip.fr\/club-de-gym\/#website"},"datePublished":"2026-03-09T16:00:20+00:00","dateModified":"2026-03-09T16:18:26+00:00","description":"Perdre du poids n\u2019est pas une question de chance. C\u2019est une strat\u00e9gie. Transforme ton corps durablement.","inLanguage":"fr-FR","potentialAction":[{"@type":"ReadAction","target":["https:\/\/www.body-vip.fr\/club-de-gym\/transformation-perte-de-poids\/"]}]},{"@type":"WebSite","@id":"https:\/\/www.body-vip.fr\/club-de-gym\/#website","url":"https:\/\/www.body-vip.fr\/club-de-gym\/","name":"Club de Sport","description":"","publisher":{"@id":"https:\/\/www.body-vip.fr\/club-de-gym\/#organization"},"potentialAction":[{"@type":"SearchAction","target":{"@type":"EntryPoint","urlTemplate":"https:\/\/www.body-vip.fr\/club-de-gym\/?s={search_term_string}"},"query-input":{"@type":"PropertyValueSpecification","valueRequired":true,"valueName":"search_term_string"}}],"inLanguage":"fr-FR"},{"@type":"Organization","@id":"https:\/\/www.body-vip.fr\/club-de-gym\/#organization","name":"Club de Sport","url":"https:\/\/www.body-vip.fr\/club-de-gym\/","logo":{"@type":"ImageObject","inLanguage":"fr-FR","@id":"https:\/\/www.body-vip.fr\/club-de-gym\/#\/schema\/logo\/image\/","url":"https:\/\/www.body-vip.fr\/club-de-gym\/wp-content\/uploads\/2026\/03\/cropped-rect4204.png","contentUrl":"https:\/\/www.body-vip.fr\/club-de-gym\/wp-content\/uploads\/2026\/03\/cropped-rect4204.png","width":700,"height":233,"caption":"Club de Sport"},"image":{"@id":"https:\/\/www.body-vip.fr\/club-de-gym\/#\/schema\/logo\/image\/"}}]}},"_links":{"self":[{"href":"https:\/\/www.body-vip.fr\/club-de-gym\/wp-json\/wp\/v2\/pages\/3721","targetHints":{"allow":["GET"]}}],"collection":[{"href":"https:\/\/www.body-vip.fr\/club-de-gym\/wp-json\/wp\/v2\/pages"}],"about":[{"href":"https:\/\/www.body-vip.fr\/club-de-gym\/wp-json\/wp\/v2\/types\/page"}],"author":[{"embeddable":true,"href":"https:\/\/www.body-vip.fr\/club-de-gym\/wp-json\/wp\/v2\/users\/1"}],"replies":[{"embeddable":true,"href":"https:\/\/www.body-vip.fr\/club-de-gym\/wp-json\/wp\/v2\/comments?post=3721"}],"version-history":[{"count":3,"href":"https:\/\/www.body-vip.fr\/club-de-gym\/wp-json\/wp\/v2\/pages\/3721\/revisions"}],"predecessor-version":[{"id":3731,"href":"https:\/\/www.body-vip.fr\/club-de-gym\/wp-json\/wp\/v2\/pages\/3721\/revisions\/3731"}],"wp:attachment":[{"href":"https:\/\/www.body-vip.fr\/club-de-gym\/wp-json\/wp\/v2\/media?parent=3721"}],"curies":[{"name":"wp","href":"https:\/\/api.w.org\/{rel}","templated":true}]}}