{"id":3031,"date":"2024-01-09T11:02:06","date_gmt":"2024-01-09T10:02:06","guid":{"rendered":"https:\/\/www.body-vip.fr\/club-de-gym\/?page_id=3031"},"modified":"2024-01-09T12:08:04","modified_gmt":"2024-01-09T11:08:04","slug":"preparation-physique","status":"publish","type":"page","link":"https:\/\/www.body-vip.fr\/club-de-gym\/preparation-physique\/","title":{"rendered":""},"content":{"rendered":"<p style=\"text-align: center;\"><span style=\"color: #e6e6e6;\"><style id=\"depicter-334-inline-pre-css\">\n\n.depicter-334:not(.depicter-ready){\n\twidth:1000px;\n\theight:545px;\n}\n\n\/***** Tablet *****\/\n@media screen and (max-width: 1024px){\n\n.depicter-334:not(.depicter-ready){\n\twidth:1024px;\n\theight:700px;\n}\n\n}\n\/***** Mobile *****\/\n@media screen and (max-width: 767px){\n\n.depicter-334:not(.depicter-ready){\n\twidth:360px;\n\theight:740px;\n}\n\n}\n<\/style>\n<div id=\"depicter-334\" class=\"depicter depicter-document depicter-revert depicter-334\">\n\n<div class=\"depicter-loading-container depicter-loading dotFlashing-dark\"><div class=\"depicter-loading-dark depicter-dot-flashing\">\n   <span><\/span>\n   <span><\/span>\n   <span><\/span>\n<\/div>\n<\/div>\n<div id=\"depicter-334-section-1\" class=\"depicter-section depicter-334-section-1\" data-name=\"Section 1\" data-type=\"section\" data-local-id=\"section-1\">\n<picture class=\"depicter-bg\">\n<source data-depicter-srcset=\"https:\/\/www.body-vip.fr\/club-de-gym\/wp-content\/uploads\/2024\/01\/Fassel-mathieu-768x419.jpg, https:\/\/www.body-vip.fr\/club-de-gym\/wp-content\/uploads\/2024\/01\/Fassel-mathieu.jpg 2x\" srcset=\"data:image\/gif;base64,R0lGODlhAQABAIAAAAAAAP\/\/\/yH5BAEAAAAALAAAAAABAAEAAAIBRAA7\" media=\"(max-width: 1024px)\" \/>\n\n<source data-depicter-srcset=\"https:\/\/www.body-vip.fr\/club-de-gym\/wp-content\/uploads\/2024\/01\/Fassel-mathieu.jpg, https:\/\/www.body-vip.fr\/club-de-gym\/wp-content\/uploads\/2024\/01\/Fassel-mathieu-1000x545.jpg 2x\" srcset=\"data:image\/gif;base64,R0lGODlhAQABAIAAAAAAAP\/\/\/yH5BAEAAAAALAAAAAABAAEAAAIBRAA7\" media=\"(min-width: 1025px)\" \/>\n<img decoding=\"async\" src=\"data:image\/gif;base64,R0lGODlhAQABAIAAAAAAAP\/\/\/yH5BAEAAAAALAAAAAABAAEAAAIBRAA7\" alt=\"\" data-depicter-src=\"https:\/\/www.body-vip.fr\/club-de-gym\/wp-content\/uploads\/2024\/01\/Fassel-mathieu.jpg\" data-object-fit=\"contain,contain,\" \/>\n<\/picture>\n\n\n<picture data-animation-in=\"{'direction':'left','easing':'easeInOutExpo','duration':2500,'movement':0,'delay':1000,'type':'move'}\" data-between-in-out=\"false\" id=\"depicter-334-element-3\" class=\"depicter-element depicter-layer depicter-334-element-3\" data-type=\"image\" data-wrap=\"false\" data-name=\"Image 2\" data-local-id=\"element-3\" data-offset=\"x:67px;y:46px;origin:tl\" data-mobile-offset=\"x:-89px;y:411px;origin:tl\" data-width=\"537px,,537px\" data-height=\"322px,,322px\" data-responsive-scale=\"true,,\" data-crop=\"false\">\n<source data-depicter-srcset=\"https:\/\/www.body-vip.fr\/club-de-gym\/wp-content\/uploads\/2024\/01\/Fassel-11-537x322.jpg, https:\/\/www.body-vip.fr\/club-de-gym\/wp-content\/uploads\/2024\/01\/Fassel-11-1074x644.jpg 2x\" srcset=\"data:image\/gif;base64,R0lGODlhAQABAIAAAAAAAP\/\/\/yH5BAEAAAAALAAAAAABAAEAAAIBRAA7\" media=\"(max-width: 767px)\" \/>\n\n<source data-depicter-srcset=\"https:\/\/www.body-vip.fr\/club-de-gym\/wp-content\/uploads\/2024\/01\/Fassel-11-537x322.jpg, https:\/\/www.body-vip.fr\/club-de-gym\/wp-content\/uploads\/2024\/01\/Fassel-11-1074x644.jpg 2x\" srcset=\"data:image\/gif;base64,R0lGODlhAQABAIAAAAAAAP\/\/\/yH5BAEAAAAALAAAAAABAAEAAAIBRAA7\" media=\"(min-width: 768px)\" \/>\n<img decoding=\"async\" src=\"data:image\/gif;base64,R0lGODlhAQABAIAAAAAAAP\/\/\/yH5BAEAAAAALAAAAAABAAEAAAIBRAA7\" data-depicter-src=\"https:\/\/www.body-vip.fr\/club-de-gym\/wp-content\/uploads\/2024\/01\/Fassel-11-537x322.jpg\" alt=\"\" \/>\n<\/picture>\n<h2 data-animation-in=\"{'direction':'bottom','easing':'easeOutQuart','duration':2500,'movement':35,'delay':2000,'type':'move'}\" data-between-in-out=\"false\" id=\"depicter-334-element-4\" class=\"depicter-element depicter-layer depicter-334-element-4\" data-type=\"text\" data-wrap=\"true\" data-name=\"Text 1\" data-local-id=\"element-4\" data-offset=\"x:152px;y:26px;origin:tl\" data-tablet-offset=\"x:152px;y:20px;origin:tl\" data-mobile-offset=\"x:0px;y:437px;origin:tl\" data-width=\"366.516px,366.516px,365px\" data-height=\"auto,auto,auto\" data-responsive-scale=\"true,,\">Pr\u00e9paration Physique<\/h2>\n\n<picture id=\"depicter-334-element-5\" class=\"depicter-element depicter-layer depicter-334-element-5\" data-type=\"image\" data-wrap=\"true\" data-name=\"Image 3\" data-local-id=\"element-5\" data-offset=\"x:241px;y:580px;origin:tl\" data-tablet-offset=\"x:232px;y:721px;origin:tl\" data-mobile-offset=\"x:-388px;y:0px;origin:tl\" data-width=\"614px,614px,793px\" data-height=\"334px,334px,428px\" data-responsive-scale=\"true,,\" data-crop=\"false\">\n<source data-depicter-srcset=\"https:\/\/www.body-vip.fr\/club-de-gym\/wp-content\/uploads\/2024\/01\/Fassel-mathieu-793x428.jpg, https:\/\/www.body-vip.fr\/club-de-gym\/wp-content\/uploads\/2024\/01\/Fassel-mathieu-1586x856.jpg 2x\" srcset=\"data:image\/gif;base64,R0lGODlhAQABAIAAAAAAAP\/\/\/yH5BAEAAAAALAAAAAABAAEAAAIBRAA7\" media=\"(max-width: 767px)\" \/>\n\n<source data-depicter-srcset=\"https:\/\/www.body-vip.fr\/club-de-gym\/wp-content\/uploads\/2024\/01\/Fassel-mathieu-614x334.jpg, https:\/\/www.body-vip.fr\/club-de-gym\/wp-content\/uploads\/2024\/01\/Fassel-mathieu-1228x668.jpg 2x\" srcset=\"data:image\/gif;base64,R0lGODlhAQABAIAAAAAAAP\/\/\/yH5BAEAAAAALAAAAAABAAEAAAIBRAA7\" media=\"(min-width: 768px)\" \/>\n<img decoding=\"async\" src=\"data:image\/gif;base64,R0lGODlhAQABAIAAAAAAAP\/\/\/yH5BAEAAAAALAAAAAABAAEAAAIBRAA7\" data-depicter-src=\"https:\/\/www.body-vip.fr\/club-de-gym\/wp-content\/uploads\/2024\/01\/Fassel-mathieu-614x334.jpg\" alt=\"\" \/>\n<\/picture><\/div>\n<\/div>\n<script>\n(window.depicterSetups = window.depicterSetups || []).push(function(){\n\tDepicter.basePath = 'https:\/\/www.body-vip.fr\/club-de-gym\/wp-content\/plugins\/depicter\/resources\/scripts\/player\/';\n\tconst dpPlayer = Depicter.setup('.depicter-334',\n\t\t{\"width\":[\"1000\",\"1024\",\"360\"],\"height\":[\"545\",\"700\",\"740\"],\"view\":\"basic\",\"keepAspectRatio\":true,\"preload\":0,\"layout\":\"boxed\",\"rtl\":false,\"initAfterAppear\":false,\"ajaxApiUrl\":\"https:\\\/\\\/www.body-vip.fr\\\/club-de-gym\\\/wp-admin\\\/admin-ajax.php\",\"mouseSwipe\":true,\"touchSwipe\":true,\"useWatermark\":false}\n\t);\n});\n<\/script><\/span><\/p>\n<h1><span style=\"color: #e6e6e6;\">PR\u00c9PARATION PHYSIQUE AVEC Mathieu Fassel.<\/span><\/h1>\n<p><span style=\"color: #e6e6e6;\"><strong>Je suis Mathieu Fassel, j&rsquo;ai 31 ans, ancien pratiquant de taekwondo (7ans), ceinture noire. Pratiquant de MMA depuis 2012.<\/strong><\/span><\/p>\n<p><span style=\"color: #e6e6e6;\">Je suis dipl\u00f4m\u00e9 d\u2019\u00e9tat pr\u00e9parateur physique du MMA Factory depuis juillet 2020 et responsable du p\u00f4le performance du MMA factory depuis octobre 2022. Je suis \u00e9galement pr\u00e9parateur physique au club de K1 \u00e0 l\u2019acad\u00e9mie des boxes.<\/span><br \/>\n<span style=\"color: #e6e6e6;\">J\u2019ai accompagn\u00e9 des athl\u00e8tes de MMA au sein de plusieurs organisations : cage warrior, pfl, ares parmi les plus prestigieuses et remport\u00e9 la ceinture d\u2019ares chez les -57kgs. J\u2019ai \u00e9galement remport\u00e9 plusieurs titres mondiaux, continentaux et nationaux en K1.<\/span><br \/>\n<span style=\"color: #e6e6e6;\">Ma mission au sein de body vip sera de d\u00e9velopper toutes les qualit\u00e9s requises pour les pratiquants de sports de combats, afin de se sentir mieux lors de leurs pratiques, de pr\u00e9venir d\u2019\u00e9ventuelles blessures et surtout de pouvoir performer un maximum : gain musculaire, augmenter la force, la puissance et la vitesse.<\/span><\/p>\n<p><span style=\"color: #e6e6e6;\">Ayant un temp\u00e9rament tr\u00e8s sentimental avec mes athl\u00e8tes, je donnerai le maximum de mes connaissances aux pratiquants avec un esprit de bienveillance, tout en ayant une exigence du travail bien fait et du d\u00e9passement de soi.<\/span><br \/>\n<span style=\"color: #e6e6e6;\">Le tout dans une ambiance fraternelle avec un esprit de groupe !<\/span><\/p>\n<blockquote><p><span style=\"color: #e6e6e6;\"><strong>COURS ENCADRES PR\u00c9PARATION PHYSIQUE :<\/strong><\/span><br \/>\n<span style=\"color: #e6e6e6;\"><strong>Tous les lundis de 19h \u00e0 20h15 et les samedis de 13h \u00e0 14h15<\/strong><\/span><\/p><\/blockquote>\n<!-- Rendered by FancyBox WITH labels BEGIN -->\n\n\t<style type=\"text\/css\">\n\t\t\t\t\t#gallery-0 {\n\t\t\t\t\t\tmargin: auto;\n\t\t\t\t\t}\n\t\t\t\t\t#gallery-0 .gallery-item {\n\t\t\t\t\t\tfloat: left;\n\t\t\t\t\t\tmargin-top: 10px;\n\t\t\t\t\t\ttext-align: center;\n\t\t\t\t\t\twidth: 32%;\n\t\t\t\t\t}\n\t\t\t\t\t#gallery-0 img {\n\t\t\t\t\t\tborder: 2px solid #cfcfcf;\n\t\t\t\t\t}\n\t\t\t\t\t#gallery-0 .gallery-caption {\n\t\t\t\t\t\tmargin-left: 0;\n\t\t\t\t\t}\n\t<\/style>\n<script type=\"text\/javascript\">\n$(document).ready(function() {\n\t\/*\n\t *  Simple image gallery. Uses default settings\n\t *\/\n\n\t$(\".fancybox\").fancybox({\n\t\t\"transitionIn\"\t\t: \"none\",\n\t\t\"transitionOut\"\t\t: \"none\",\n\t\t\"titlePosition\" \t: \"over\"\n\t\t,\n\t\t\"titleFormat\"\t\t: function(title, currentArray, currentIndex, currentOpts) {\n\t\t\treturn \"<span id='fancybox-title-over'><span id='fancybox-title-pretext'>Image <\/span>\"+(currentIndex+1)+\" \/ \" + currentArray.length + (title.length ? \" &nbsp; \" + title : \"\") + \"<\/span>\";\n\t\t}\n\n\t});\n});\n<\/script>\n\n\t<div id=\"gallery-0\" class=\"gallery galleryid-0 gallery-size-thumbnail\" style=\"\"><dl class=\"gallery-item\"><dt class=\"gallery-icon\">\n\t\t<a class=\"fancybox\" href=\"https:\/\/www.body-vip.fr\/club-de-gym\/wp-content\/uploads\/2024\/01\/Fassel-1.jpg\" title=\"\" rel=\"gallery-0\"><img loading=\"lazy\" decoding=\"async\" width=\"150\" height=\"150\" class=\"attachment-thumbnail\" alt=\"\" src=\"https:\/\/www.body-vip.fr\/club-de-gym\/wp-content\/uploads\/2024\/01\/Fassel-1-150x150.jpg\" \/><\/a><\/dt><dd class=\"wp-caption-text gallery-caption\"><\/dd><\/dl>\n\n<dl class=\"gallery-item\"><dt class=\"gallery-icon\">\n\t\t<a class=\"fancybox\" href=\"https:\/\/www.body-vip.fr\/club-de-gym\/wp-content\/uploads\/2024\/01\/Fassel-2.jpg\" title=\"\" rel=\"gallery-0\"><img loading=\"lazy\" decoding=\"async\" width=\"150\" height=\"150\" class=\"attachment-thumbnail\" alt=\"\" src=\"https:\/\/www.body-vip.fr\/club-de-gym\/wp-content\/uploads\/2024\/01\/Fassel-2-150x150.jpg\" \/><\/a><\/dt><dd class=\"wp-caption-text gallery-caption\"><\/dd><\/dl>\n\n<dl class=\"gallery-item\"><dt class=\"gallery-icon\">\n\t\t<a class=\"fancybox\" href=\"https:\/\/www.body-vip.fr\/club-de-gym\/wp-content\/uploads\/2024\/01\/Fassel-3.jpg\" title=\"\" rel=\"gallery-0\"><img loading=\"lazy\" decoding=\"async\" width=\"150\" height=\"150\" class=\"attachment-thumbnail\" alt=\"\" src=\"https:\/\/www.body-vip.fr\/club-de-gym\/wp-content\/uploads\/2024\/01\/Fassel-3-150x150.jpg\" \/><\/a><\/dt><dd class=\"wp-caption-text gallery-caption\"><\/dd><\/dl>\n\n<dl class=\"gallery-item\"><dt class=\"gallery-icon\">\n\t\t<a class=\"fancybox\" href=\"https:\/\/www.body-vip.fr\/club-de-gym\/wp-content\/uploads\/2024\/01\/Fassel-4.jpg\" title=\"\" rel=\"gallery-0\"><img loading=\"lazy\" decoding=\"async\" width=\"150\" height=\"150\" class=\"attachment-thumbnail\" alt=\"\" src=\"https:\/\/www.body-vip.fr\/club-de-gym\/wp-content\/uploads\/2024\/01\/Fassel-4-150x150.jpg\" \/><\/a><\/dt><dd class=\"wp-caption-text gallery-caption\"><\/dd><\/dl>\n\n<dl class=\"gallery-item\"><dt class=\"gallery-icon\">\n\t\t<a class=\"fancybox\" href=\"https:\/\/www.body-vip.fr\/club-de-gym\/wp-content\/uploads\/2024\/01\/Fassel-5.jpg\" title=\"\" rel=\"gallery-0\"><img loading=\"lazy\" decoding=\"async\" width=\"150\" height=\"150\" class=\"attachment-thumbnail\" alt=\"\" src=\"https:\/\/www.body-vip.fr\/club-de-gym\/wp-content\/uploads\/2024\/01\/Fassel-5-150x150.jpg\" \/><\/a><\/dt><dd class=\"wp-caption-text gallery-caption\"><\/dd><\/dl>\n\n<dl class=\"gallery-item\"><dt class=\"gallery-icon\">\n\t\t<a class=\"fancybox\" href=\"https:\/\/www.body-vip.fr\/club-de-gym\/wp-content\/uploads\/2024\/01\/Fassel-6.jpg\" title=\"\" rel=\"gallery-0\"><img loading=\"lazy\" decoding=\"async\" width=\"150\" height=\"150\" class=\"attachment-thumbnail\" alt=\"\" src=\"https:\/\/www.body-vip.fr\/club-de-gym\/wp-content\/uploads\/2024\/01\/Fassel-6-150x150.jpg\" \/><\/a><\/dt><dd class=\"wp-caption-text gallery-caption\"><\/dd><\/dl>\n\n<dl class=\"gallery-item\"><dt class=\"gallery-icon\">\n\t\t<a class=\"fancybox\" href=\"https:\/\/www.body-vip.fr\/club-de-gym\/wp-content\/uploads\/2024\/01\/Fassel-7.jpg\" title=\"\" rel=\"gallery-0\"><img loading=\"lazy\" decoding=\"async\" width=\"150\" height=\"150\" class=\"attachment-thumbnail\" alt=\"\" src=\"https:\/\/www.body-vip.fr\/club-de-gym\/wp-content\/uploads\/2024\/01\/Fassel-7-150x150.jpg\" \/><\/a><\/dt><dd class=\"wp-caption-text gallery-caption\"><\/dd><\/dl>\n\n<dl class=\"gallery-item\"><dt class=\"gallery-icon\">\n\t\t<a class=\"fancybox\" href=\"https:\/\/www.body-vip.fr\/club-de-gym\/wp-content\/uploads\/2024\/01\/Fassel-8.jpg\" title=\"\" rel=\"gallery-0\"><img loading=\"lazy\" decoding=\"async\" width=\"150\" height=\"150\" class=\"attachment-thumbnail\" alt=\"\" src=\"https:\/\/www.body-vip.fr\/club-de-gym\/wp-content\/uploads\/2024\/01\/Fassel-8-150x150.jpg\" \/><\/a><\/dt><dd class=\"wp-caption-text gallery-caption\"><\/dd><\/dl>\n\n<dl class=\"gallery-item\"><dt class=\"gallery-icon\">\n\t\t<a class=\"fancybox\" href=\"https:\/\/www.body-vip.fr\/club-de-gym\/wp-content\/uploads\/2024\/01\/Fassel-9-1024x682.jpg\" title=\"\" rel=\"gallery-0\"><img loading=\"lazy\" decoding=\"async\" width=\"150\" height=\"150\" class=\"attachment-thumbnail\" alt=\"\" src=\"https:\/\/www.body-vip.fr\/club-de-gym\/wp-content\/uploads\/2024\/01\/Fassel-9-150x150.jpg\" \/><\/a><\/dt><dd class=\"wp-caption-text gallery-caption\"><\/dd><\/dl>\n\n<dl class=\"gallery-item\"><dt class=\"gallery-icon\">\n\t\t<a class=\"fancybox\" href=\"https:\/\/www.body-vip.fr\/club-de-gym\/wp-content\/uploads\/2024\/01\/Fassel-10-1024x681.jpg\" title=\"\" rel=\"gallery-0\"><img loading=\"lazy\" decoding=\"async\" width=\"150\" height=\"150\" class=\"attachment-thumbnail\" alt=\"\" src=\"https:\/\/www.body-vip.fr\/club-de-gym\/wp-content\/uploads\/2024\/01\/Fassel-10-150x150.jpg\" \/><\/a><\/dt><dd class=\"wp-caption-text gallery-caption\"><\/dd><\/dl>\n\n<dl class=\"gallery-item\"><dt class=\"gallery-icon\">\n\t\t<a class=\"fancybox\" href=\"https:\/\/www.body-vip.fr\/club-de-gym\/wp-content\/uploads\/2024\/01\/Fassel-11.jpg\" title=\"\" rel=\"gallery-0\"><img loading=\"lazy\" decoding=\"async\" width=\"150\" height=\"150\" class=\"attachment-thumbnail\" alt=\"\" src=\"https:\/\/www.body-vip.fr\/club-de-gym\/wp-content\/uploads\/2024\/01\/Fassel-11-150x150.jpg\" \/><\/a><\/dt><dd class=\"wp-caption-text gallery-caption\"><\/dd><\/dl>\n\n<\/div><br clear=\"all\" \/><!-- Rendered by FancyBox WITH labels END -->\n\n<p>&nbsp;<\/p>\n","protected":false},"excerpt":{"rendered":"<p>PR\u00c9PARATION PHYSIQUE AVEC Mathieu Fassel. Je suis Mathieu Fassel, j&rsquo;ai 31 ans, ancien pratiquant de taekwondo (7ans), ceinture noire. Pratiquant de MMA depuis 2012. Je suis dipl\u00f4m\u00e9 d\u2019\u00e9tat pr\u00e9parateur physique du MMA Factory depuis juillet 2020 et responsable du p\u00f4le performance du MMA factory depuis octobre 2022. Je suis \u00e9galement pr\u00e9parateur physique au club de [&hellip;]<\/p>\n","protected":false},"author":1,"featured_media":0,"parent":0,"menu_order":0,"comment_status":"closed","ping_status":"closed","template":"","meta":{"site-sidebar-layout":"default","site-content-layout":"default","ast-site-content-layout":"default","site-content-style":"default","site-sidebar-style":"default","ast-global-header-display":"","ast-banner-title-visibility":"","ast-main-header-display":"","ast-hfb-above-header-display":"","ast-hfb-below-header-display":"","ast-hfb-mobile-header-display":"","site-post-title":"","ast-breadcrumbs-content":"","ast-featured-img":"","footer-sml-layout":"","ast-disable-related-posts":"","theme-transparent-header-meta":"default","adv-header-id-meta":"","stick-header-meta":"","header-above-stick-meta":"","header-main-stick-meta":"","header-below-stick-meta":"","astra-migrate-meta-layouts":"default","ast-page-background-enabled":"default","ast-page-background-meta":{"desktop":{"background-color":"var(--ast-global-color-4)","background-image":"","background-repeat":"repeat","background-position":"center center","background-size":"auto","background-attachment":"scroll","background-type":"","background-media":"","overlay-type":"","overlay-color":"","overlay-opacity":"","overlay-gradient":""},"tablet":{"background-color":"","background-image":"","background-repeat":"repeat","background-position":"center center","background-size":"auto","background-attachment":"scroll","background-type":"","background-media":"","overlay-type":"","overlay-color":"","overlay-opacity":"","overlay-gradient":""},"mobile":{"background-color":"","background-image":"","background-repeat":"repeat","background-position":"center center","background-size":"auto","background-attachment":"scroll","background-type":"","background-media":"","overlay-type":"","overlay-color":"","overlay-opacity":"","overlay-gradient":""}},"ast-content-background-meta":{"desktop":{"background-color":"var(--ast-global-color-5)","background-image":"","background-repeat":"repeat","background-position":"center center","background-size":"auto","background-attachment":"scroll","background-type":"","background-media":"","overlay-type":"","overlay-color":"","overlay-opacity":"","overlay-gradient":""},"tablet":{"background-color":"var(--ast-global-color-5)","background-image":"","background-repeat":"repeat","background-position":"center center","background-size":"auto","background-attachment":"scroll","background-type":"","background-media":"","overlay-type":"","overlay-color":"","overlay-opacity":"","overlay-gradient":""},"mobile":{"background-color":"var(--ast-global-color-5)","background-image":"","background-repeat":"repeat","background-position":"center center","background-size":"auto","background-attachment":"scroll","background-type":"","background-media":"","overlay-type":"","overlay-color":"","overlay-opacity":"","overlay-gradient":""}},"footnotes":""},"class_list":["post-3031","page","type-page","status-publish","hentry"],"yoast_head":"<!-- This site is optimized with the Yoast SEO plugin v27.5 - https:\/\/yoast.com\/product\/yoast-seo-wordpress\/ -->\n<title>PR\u00c9PARATION PHYSIQUE AVEC Mathieu Fassel.<\/title>\n<meta name=\"description\" content=\"Proche de ses athl\u00e8tes, Mathieu Fassel met un point d&#039;honneur aux r\u00e9sultats de ses sportifs. Le tout dans l&#039; exigence et le d\u00e9passement de soi\" \/>\n<meta name=\"robots\" content=\"index, follow, max-snippet:-1, max-image-preview:large, max-video-preview:-1\" \/>\n<link rel=\"canonical\" href=\"https:\/\/www.body-vip.fr\/club-de-gym\/preparation-physique\/\" \/>\n<meta property=\"og:locale\" content=\"fr_FR\" \/>\n<meta property=\"og:type\" content=\"article\" \/>\n<meta property=\"og:title\" content=\"PR\u00c9PARATION PHYSIQUE AVEC Mathieu Fassel.\" \/>\n<meta property=\"og:description\" content=\"Proche de ses athl\u00e8tes, Mathieu Fassel met un point d&#039;honneur aux r\u00e9sultats de ses sportifs. Le tout dans l&#039; exigence et le d\u00e9passement de soi\" \/>\n<meta property=\"og:url\" content=\"https:\/\/www.body-vip.fr\/club-de-gym\/preparation-physique\/\" \/>\n<meta property=\"og:site_name\" content=\"Club de Sport\" \/>\n<meta property=\"article:modified_time\" content=\"2024-01-09T11:08:04+00:00\" \/>\n<meta property=\"og:image\" content=\"https:\/\/www.body-vip.fr\/club-de-gym\/wp-content\/uploads\/2024\/01\/Fassel-1-150x150.jpg\" \/>\n<meta name=\"twitter:card\" content=\"summary_large_image\" \/>\n<meta name=\"twitter:label1\" content=\"Dur\u00e9e de lecture estim\u00e9e\" \/>\n\t<meta name=\"twitter:data1\" content=\"2 minutes\" \/>\n<script type=\"application\/ld+json\" class=\"yoast-schema-graph\">{\"@context\":\"https:\\\/\\\/schema.org\",\"@graph\":[{\"@type\":\"WebPage\",\"@id\":\"https:\\\/\\\/www.body-vip.fr\\\/club-de-gym\\\/preparation-physique\\\/\",\"url\":\"https:\\\/\\\/www.body-vip.fr\\\/club-de-gym\\\/preparation-physique\\\/\",\"name\":\"PR\u00c9PARATION PHYSIQUE AVEC Mathieu Fassel.\",\"isPartOf\":{\"@id\":\"https:\\\/\\\/www.body-vip.fr\\\/club-de-gym\\\/#website\"},\"datePublished\":\"2024-01-09T10:02:06+00:00\",\"dateModified\":\"2024-01-09T11:08:04+00:00\",\"description\":\"Proche de ses athl\u00e8tes, Mathieu Fassel met un point d'honneur aux r\u00e9sultats de ses sportifs. Le tout dans l' exigence et le d\u00e9passement de soi\",\"inLanguage\":\"fr-FR\",\"potentialAction\":[{\"@type\":\"ReadAction\",\"target\":[\"https:\\\/\\\/www.body-vip.fr\\\/club-de-gym\\\/preparation-physique\\\/\"]}]},{\"@type\":\"WebSite\",\"@id\":\"https:\\\/\\\/www.body-vip.fr\\\/club-de-gym\\\/#website\",\"url\":\"https:\\\/\\\/www.body-vip.fr\\\/club-de-gym\\\/\",\"name\":\"Club de Sport\",\"description\":\"\",\"publisher\":{\"@id\":\"https:\\\/\\\/www.body-vip.fr\\\/club-de-gym\\\/#organization\"},\"potentialAction\":[{\"@type\":\"SearchAction\",\"target\":{\"@type\":\"EntryPoint\",\"urlTemplate\":\"https:\\\/\\\/www.body-vip.fr\\\/club-de-gym\\\/?s={search_term_string}\"},\"query-input\":{\"@type\":\"PropertyValueSpecification\",\"valueRequired\":true,\"valueName\":\"search_term_string\"}}],\"inLanguage\":\"fr-FR\"},{\"@type\":\"Organization\",\"@id\":\"https:\\\/\\\/www.body-vip.fr\\\/club-de-gym\\\/#organization\",\"name\":\"Club de Sport\",\"url\":\"https:\\\/\\\/www.body-vip.fr\\\/club-de-gym\\\/\",\"logo\":{\"@type\":\"ImageObject\",\"inLanguage\":\"fr-FR\",\"@id\":\"https:\\\/\\\/www.body-vip.fr\\\/club-de-gym\\\/#\\\/schema\\\/logo\\\/image\\\/\",\"url\":\"https:\\\/\\\/www.body-vip.fr\\\/club-de-gym\\\/wp-content\\\/uploads\\\/2026\\\/03\\\/cropped-rect4204.png\",\"contentUrl\":\"https:\\\/\\\/www.body-vip.fr\\\/club-de-gym\\\/wp-content\\\/uploads\\\/2026\\\/03\\\/cropped-rect4204.png\",\"width\":700,\"height\":233,\"caption\":\"Club de Sport\"},\"image\":{\"@id\":\"https:\\\/\\\/www.body-vip.fr\\\/club-de-gym\\\/#\\\/schema\\\/logo\\\/image\\\/\"}}]}<\/script>\n<!-- \/ Yoast SEO plugin. -->","yoast_head_json":{"title":"PR\u00c9PARATION PHYSIQUE AVEC Mathieu Fassel.","description":"Proche de ses athl\u00e8tes, Mathieu Fassel met un point d'honneur aux r\u00e9sultats de ses sportifs. Le tout dans l' exigence et le d\u00e9passement de soi","robots":{"index":"index","follow":"follow","max-snippet":"max-snippet:-1","max-image-preview":"max-image-preview:large","max-video-preview":"max-video-preview:-1"},"canonical":"https:\/\/www.body-vip.fr\/club-de-gym\/preparation-physique\/","og_locale":"fr_FR","og_type":"article","og_title":"PR\u00c9PARATION PHYSIQUE AVEC Mathieu Fassel.","og_description":"Proche de ses athl\u00e8tes, Mathieu Fassel met un point d'honneur aux r\u00e9sultats de ses sportifs. Le tout dans l' exigence et le d\u00e9passement de soi","og_url":"https:\/\/www.body-vip.fr\/club-de-gym\/preparation-physique\/","og_site_name":"Club de Sport","article_modified_time":"2024-01-09T11:08:04+00:00","og_image":[{"url":"https:\/\/www.body-vip.fr\/club-de-gym\/wp-content\/uploads\/2024\/01\/Fassel-1-150x150.jpg","type":"","width":"","height":""}],"twitter_card":"summary_large_image","twitter_misc":{"Dur\u00e9e de lecture estim\u00e9e":"2 minutes"},"schema":{"@context":"https:\/\/schema.org","@graph":[{"@type":"WebPage","@id":"https:\/\/www.body-vip.fr\/club-de-gym\/preparation-physique\/","url":"https:\/\/www.body-vip.fr\/club-de-gym\/preparation-physique\/","name":"PR\u00c9PARATION PHYSIQUE AVEC Mathieu Fassel.","isPartOf":{"@id":"https:\/\/www.body-vip.fr\/club-de-gym\/#website"},"datePublished":"2024-01-09T10:02:06+00:00","dateModified":"2024-01-09T11:08:04+00:00","description":"Proche de ses athl\u00e8tes, Mathieu Fassel met un point d'honneur aux r\u00e9sultats de ses sportifs. Le tout dans l' exigence et le d\u00e9passement de soi","inLanguage":"fr-FR","potentialAction":[{"@type":"ReadAction","target":["https:\/\/www.body-vip.fr\/club-de-gym\/preparation-physique\/"]}]},{"@type":"WebSite","@id":"https:\/\/www.body-vip.fr\/club-de-gym\/#website","url":"https:\/\/www.body-vip.fr\/club-de-gym\/","name":"Club de Sport","description":"","publisher":{"@id":"https:\/\/www.body-vip.fr\/club-de-gym\/#organization"},"potentialAction":[{"@type":"SearchAction","target":{"@type":"EntryPoint","urlTemplate":"https:\/\/www.body-vip.fr\/club-de-gym\/?s={search_term_string}"},"query-input":{"@type":"PropertyValueSpecification","valueRequired":true,"valueName":"search_term_string"}}],"inLanguage":"fr-FR"},{"@type":"Organization","@id":"https:\/\/www.body-vip.fr\/club-de-gym\/#organization","name":"Club de Sport","url":"https:\/\/www.body-vip.fr\/club-de-gym\/","logo":{"@type":"ImageObject","inLanguage":"fr-FR","@id":"https:\/\/www.body-vip.fr\/club-de-gym\/#\/schema\/logo\/image\/","url":"https:\/\/www.body-vip.fr\/club-de-gym\/wp-content\/uploads\/2026\/03\/cropped-rect4204.png","contentUrl":"https:\/\/www.body-vip.fr\/club-de-gym\/wp-content\/uploads\/2026\/03\/cropped-rect4204.png","width":700,"height":233,"caption":"Club de Sport"},"image":{"@id":"https:\/\/www.body-vip.fr\/club-de-gym\/#\/schema\/logo\/image\/"}}]}},"_links":{"self":[{"href":"https:\/\/www.body-vip.fr\/club-de-gym\/wp-json\/wp\/v2\/pages\/3031","targetHints":{"allow":["GET"]}}],"collection":[{"href":"https:\/\/www.body-vip.fr\/club-de-gym\/wp-json\/wp\/v2\/pages"}],"about":[{"href":"https:\/\/www.body-vip.fr\/club-de-gym\/wp-json\/wp\/v2\/types\/page"}],"author":[{"embeddable":true,"href":"https:\/\/www.body-vip.fr\/club-de-gym\/wp-json\/wp\/v2\/users\/1"}],"replies":[{"embeddable":true,"href":"https:\/\/www.body-vip.fr\/club-de-gym\/wp-json\/wp\/v2\/comments?post=3031"}],"version-history":[{"count":4,"href":"https:\/\/www.body-vip.fr\/club-de-gym\/wp-json\/wp\/v2\/pages\/3031\/revisions"}],"predecessor-version":[{"id":3047,"href":"https:\/\/www.body-vip.fr\/club-de-gym\/wp-json\/wp\/v2\/pages\/3031\/revisions\/3047"}],"wp:attachment":[{"href":"https:\/\/www.body-vip.fr\/club-de-gym\/wp-json\/wp\/v2\/media?parent=3031"}],"curies":[{"name":"wp","href":"https:\/\/api.w.org\/{rel}","templated":true}]}}