{"id":2877,"date":"2023-10-25T11:35:22","date_gmt":"2023-10-25T09:35:22","guid":{"rendered":"https:\/\/www.body-vip.fr\/club-de-gym\/?page_id=2877"},"modified":"2026-01-13T06:23:18","modified_gmt":"2026-01-13T05:23:18","slug":"boxe-anglaise-2","status":"publish","type":"page","link":"https:\/\/www.body-vip.fr\/club-de-gym\/boxe-anglaise-2\/","title":{"rendered":""},"content":{"rendered":"<p style=\"text-align: center;\"><style id=\"depicter-440-inline-pre-css\">\n\n.depicter-440:not(.depicter-ready){\n\theight:700px;\n}\n\n\/***** Tablet *****\/\n@media screen and (max-width: 1024px){\n\n.depicter-440:not(.depicter-ready){\n\theight:700px;\n}\n\n}\n\/***** Mobile *****\/\n@media screen and (max-width: 767px){\n\n.depicter-440:not(.depicter-ready){\n\theight:740px;\n}\n\n}\n<\/style>\n<div id=\"depicter-440\" class=\"depicter depicter-document depicter-revert depicter-440 depicter-layout-fullwidth\">\n\n<div class=\"depicter-loading-container depicter-loading dotFlashing-dark\"><div class=\"depicter-loading-dark depicter-dot-flashing\">\n   <span><\/span>\n   <span><\/span>\n   <span><\/span>\n<\/div>\n<\/div>\n<div id=\"depicter-440-section-1\" class=\"depicter-section depicter-440-section-1\" data-name=\"Section 1\" data-type=\"section\" data-local-id=\"section-1\">\n<picture class=\"depicter-bg\">\n<source data-depicter-srcset=\"https:\/\/www.body-vip.fr\/club-de-gym\/wp-content\/uploads\/2025\/10\/boxe-anglaise.jpg, https:\/\/www.body-vip.fr\/club-de-gym\/wp-content\/uploads\/2025\/10\/boxe-anglaise.jpg 2x\" srcset=\"data:image\/gif;base64,R0lGODlhAQABAIAAAAAAAP\/\/\/yH5BAEAAAAALAAAAAABAAEAAAIBRAA7\" media=\"(max-width: 1024px)\" \/>\n\n<source data-depicter-srcset=\"https:\/\/www.body-vip.fr\/club-de-gym\/wp-content\/uploads\/2025\/10\/boxe-anglaise.jpg, https:\/\/www.body-vip.fr\/club-de-gym\/wp-content\/uploads\/2025\/10\/boxe-anglaise-700x380.jpg 2x\" srcset=\"data:image\/gif;base64,R0lGODlhAQABAIAAAAAAAP\/\/\/yH5BAEAAAAALAAAAAABAAEAAAIBRAA7\" media=\"(min-width: 1025px)\" \/>\n<img decoding=\"async\" src=\"data:image\/gif;base64,R0lGODlhAQABAIAAAAAAAP\/\/\/yH5BAEAAAAALAAAAAABAAEAAAIBRAA7\" alt=\"\" data-depicter-src=\"https:\/\/www.body-vip.fr\/club-de-gym\/wp-content\/uploads\/2025\/10\/boxe-anglaise.jpg\" \/>\n<\/picture>\n\n\n<div id=\"depicter-440-element-5\" class=\"depicter-element depicter-layer depicter-440-element-5\" data-type=\"shape\" data-wrap=\"true\" data-name=\"Shape 1\" data-local-id=\"element-5\" data-offset=\"x:-449px;y:116px;origin:tl\" data-width=\"150px,,\" data-height=\"150px,,\" data-responsive-scale=\"true,,\"><\/div>\n\n<picture data-animation-in=\"{'direction':'left','easing':'easeInOutExpo','duration':1800,'movement':0,'type':'move'}\" data-between-in-out=\"false\" id=\"depicter-440-element-7\" class=\"depicter-element depicter-layer depicter-440-element-7\" data-type=\"image\" data-wrap=\"true\" data-name=\"Image 4\" data-local-id=\"element-7\" data-offset=\"x:42px;y:56px;origin:tl\" data-tablet-offset=\"x:68px;y:96px;origin:tl\" data-mobile-offset=\"x:23px;y:72px;origin:tl\" data-width=\"469px,372px,311px\" data-height=\"120px,58px,43px\" data-responsive-scale=\"true,,\" data-crop=\"false\">\n<source data-depicter-srcset=\"https:\/\/www.body-vip.fr\/club-de-gym\/wp-content\/uploads\/2025\/06\/2-311x43.jpg, https:\/\/www.body-vip.fr\/club-de-gym\/wp-content\/uploads\/2025\/06\/2-622x86.jpg 2x\" srcset=\"data:image\/gif;base64,R0lGODlhAQABAIAAAAAAAP\/\/\/yH5BAEAAAAALAAAAAABAAEAAAIBRAA7\" media=\"(max-width: 767px)\" \/>\n\n<source data-depicter-srcset=\"https:\/\/www.body-vip.fr\/club-de-gym\/wp-content\/uploads\/2025\/06\/2-372x58.jpg, https:\/\/www.body-vip.fr\/club-de-gym\/wp-content\/uploads\/2025\/06\/2-744x116.jpg 2x\" srcset=\"data:image\/gif;base64,R0lGODlhAQABAIAAAAAAAP\/\/\/yH5BAEAAAAALAAAAAABAAEAAAIBRAA7\" media=\"(max-width: 1024px)\" \/>\n\n<source data-depicter-srcset=\"https:\/\/www.body-vip.fr\/club-de-gym\/wp-content\/uploads\/2025\/06\/2-469x120.jpg, https:\/\/www.body-vip.fr\/club-de-gym\/wp-content\/uploads\/2025\/06\/2-938x240.jpg 2x\" srcset=\"data:image\/gif;base64,R0lGODlhAQABAIAAAAAAAP\/\/\/yH5BAEAAAAALAAAAAABAAEAAAIBRAA7\" media=\"(min-width: 1025px)\" \/>\n<img decoding=\"async\" src=\"data:image\/gif;base64,R0lGODlhAQABAIAAAAAAAP\/\/\/yH5BAEAAAAALAAAAAABAAEAAAIBRAA7\" data-depicter-src=\"https:\/\/www.body-vip.fr\/club-de-gym\/wp-content\/uploads\/2025\/06\/2-469x120.jpg\" alt=\"\" \/>\n<\/picture>\n<h1 id=\"depicter-440-element-12\" class=\"depicter-element depicter-layer depicter-440-element-12\" data-type=\"text\" data-wrap=\"true\" data-name=\"Text 2\" data-local-id=\"element-12\" data-offset=\"x:502px;y:724px;origin:tl\" data-tablet-offset=\"x:116px;y:383px;origin:tl\" data-mobile-offset=\"x:44px;y:415px;origin:tl\" data-width=\"271.438px,793px,271.438px\" data-height=\"auto,auto,auto\" data-responsive-scale=\"true,,\">BOXE<br>ANGLAISE<br><\/h1>\n<\/div>\n<\/div>\n<script>\n(window.depicterSetups = window.depicterSetups || []).push(function(){\n\tDepicter.basePath = 'https:\/\/www.body-vip.fr\/club-de-gym\/wp-content\/plugins\/depicter\/resources\/scripts\/player\/';\n\tconst dpPlayer = Depicter.setup('.depicter-440',\n\t\t{\"width\":[\"1200\",\"1024\",\"360\"],\"height\":[\"700\",\"700\",\"740\"],\"view\":\"basic\",\"keepAspectRatio\":true,\"preload\":0,\"layout\":\"fullwidth\",\"rtl\":false,\"initAfterAppear\":false,\"ajaxApiUrl\":\"https:\\\/\\\/www.body-vip.fr\\\/club-de-gym\\\/wp-admin\\\/admin-ajax.php\",\"mouseSwipe\":true,\"touchSwipe\":true,\"useWatermark\":false}\n\t);\n});\n<\/script><\/p>\n<h1 style=\"text-align: center;\"><span style=\"color: #bdbdbd;\">Avec Konmon Deh.<\/span><\/h1>\n<p style=\"text-align: center;\"><a href=\"#tarifs\"><img loading=\"lazy\" decoding=\"async\" class=\"aligncenter\" src=\"https:\/\/www.body-vip.fr\/club-de-gym\/wp-content\/uploads\/2023\/08\/tarifs.png\" alt=\"\" width=\"600\" height=\"122\" \/><\/a><\/p>\n<hr \/>\n<h2 style=\"text-align: center;\">Cours le lundi et jeudi \u00e0 14h00 &#8211; samedi 17h30<\/h2>\n<hr \/>\n<p style=\"text-align: center;\"><strong>Accessible \u00e0 tous, tous niveaux (loisir, comp\u00e9tition &#8211; amateurs et professionnels)<\/strong><\/p>\n<p style=\"text-align: center;\"><span style=\"color: #bdbdbd;\">Fort d&rsquo;une solide exp\u00e9rience acquise \u00e0 travers de nombreuses ann\u00e9es de pratique du MMA de haut niveau, Konmon est le coach qui pr\u00e9pare et accompagne les amateurs et professionnels lors de leurs comp\u00e9titions. <\/span><\/p>\n<p style=\"text-align: center;\"><span style=\"color: #bdbdbd;\">R\u00e9elle encyclop\u00e9die de ce sport, l&rsquo;avoir dans son coin pour nos amateurs est une arme de plus. <\/span><\/p>\n<p style=\"text-align: center;\"><span style=\"color: #bdbdbd;\">Alors vous aussi rejoignez BODY VIP FIGHT et profitez de son expertise lors de nos cours amateurs.<\/span><\/p>\n<h3 id=\"tarifs\" style=\"text-align: center;\">Formules annuelles\u00a0 :<\/h3>\n<p style=\"text-align: center;\"><span style=\"color: #d6d6d6;\">OFFRE <strong>\u00ab\u00a0FULL ACCESS SPORTS de COMBAT\u00a0\u00bb : Faites le\/les sports de combat de votre choix et acc\u00e9dez \u00e0 TOUTES nos activit\u00e9s sans restriction en illimit\u00e9 !<\/strong><\/span><\/p>\n<p><a href=\"https:\/\/bodyvip-fight-fitness.sportigo.fr\/buy\/offer-proposition\/4056568d-2459-4f86-8349-9d07f0bfc90f\" target=\"_blank\" rel=\"noopener\"><img loading=\"lazy\" decoding=\"async\" class=\"aligncenter wp-image-3633 size-large\" src=\"https:\/\/www.body-vip.fr\/club-de-gym\/wp-content\/uploads\/2025\/09\/1full-access-comptant-sport-combat-mensuel-1024x297.png\" alt=\"\" width=\"1024\" height=\"297\" srcset=\"https:\/\/www.body-vip.fr\/club-de-gym\/wp-content\/uploads\/2025\/09\/1full-access-comptant-sport-combat-mensuel-1024x297.png 1024w, https:\/\/www.body-vip.fr\/club-de-gym\/wp-content\/uploads\/2025\/09\/1full-access-comptant-sport-combat-mensuel-300x87.png 300w, https:\/\/www.body-vip.fr\/club-de-gym\/wp-content\/uploads\/2025\/09\/1full-access-comptant-sport-combat-mensuel-768x223.png 768w, https:\/\/www.body-vip.fr\/club-de-gym\/wp-content\/uploads\/2025\/09\/1full-access-comptant-sport-combat-mensuel-600x174.png 600w, https:\/\/www.body-vip.fr\/club-de-gym\/wp-content\/uploads\/2025\/09\/1full-access-comptant-sport-combat-mensuel-200x58.png 200w, https:\/\/www.body-vip.fr\/club-de-gym\/wp-content\/uploads\/2025\/09\/1full-access-comptant-sport-combat-mensuel.png 1501w\" sizes=\"auto, (max-width: 1024px) 100vw, 1024px\" \/><\/a><a href=\"https:\/\/bodyvip-fight-fitness.sportigo.fr\/buy\/offer-proposition\/92943159-499d-44e1-acfd-35ed9f1c109e\" target=\"_blank\" rel=\"noopener\"><img loading=\"lazy\" decoding=\"async\" class=\"aligncenter wp-image-3634 size-large\" src=\"https:\/\/www.body-vip.fr\/club-de-gym\/wp-content\/uploads\/2025\/09\/1full-access-comptant-sport-combat-1024x297.png\" alt=\"\" width=\"1024\" height=\"297\" srcset=\"https:\/\/www.body-vip.fr\/club-de-gym\/wp-content\/uploads\/2025\/09\/1full-access-comptant-sport-combat-1024x297.png 1024w, https:\/\/www.body-vip.fr\/club-de-gym\/wp-content\/uploads\/2025\/09\/1full-access-comptant-sport-combat-300x87.png 300w, https:\/\/www.body-vip.fr\/club-de-gym\/wp-content\/uploads\/2025\/09\/1full-access-comptant-sport-combat-768x223.png 768w, https:\/\/www.body-vip.fr\/club-de-gym\/wp-content\/uploads\/2025\/09\/1full-access-comptant-sport-combat-600x174.png 600w, https:\/\/www.body-vip.fr\/club-de-gym\/wp-content\/uploads\/2025\/09\/1full-access-comptant-sport-combat-200x58.png 200w, https:\/\/www.body-vip.fr\/club-de-gym\/wp-content\/uploads\/2025\/09\/1full-access-comptant-sport-combat.png 1501w\" sizes=\"auto, (max-width: 1024px) 100vw, 1024px\" \/><\/a><\/p>\n<p><a href=\"https:\/\/bodyvip-fight-fitness.sportigo.fr\/buy\/offer-proposition\/36b1602a-ba37-4444-9358-899c8903a242\" target=\"_blank\" rel=\"noopener\"><img loading=\"lazy\" decoding=\"async\" class=\"aligncenter wp-image-3635 size-large\" src=\"https:\/\/www.body-vip.fr\/club-de-gym\/wp-content\/uploads\/2025\/09\/full-access-etudiants-1-1024x297.png\" alt=\"\" width=\"1024\" height=\"297\" srcset=\"https:\/\/www.body-vip.fr\/club-de-gym\/wp-content\/uploads\/2025\/09\/full-access-etudiants-1-1024x297.png 1024w, https:\/\/www.body-vip.fr\/club-de-gym\/wp-content\/uploads\/2025\/09\/full-access-etudiants-1-300x87.png 300w, https:\/\/www.body-vip.fr\/club-de-gym\/wp-content\/uploads\/2025\/09\/full-access-etudiants-1-768x223.png 768w, https:\/\/www.body-vip.fr\/club-de-gym\/wp-content\/uploads\/2025\/09\/full-access-etudiants-1-600x174.png 600w, https:\/\/www.body-vip.fr\/club-de-gym\/wp-content\/uploads\/2025\/09\/full-access-etudiants-1-200x58.png 200w, https:\/\/www.body-vip.fr\/club-de-gym\/wp-content\/uploads\/2025\/09\/full-access-etudiants-1.png 1501w\" sizes=\"auto, (max-width: 1024px) 100vw, 1024px\" \/><\/a><\/p>\n<hr \/>\n<p><a href=\"https:\/\/bodyvip-fight-fitness.sportigo.fr\/buy\/offer-proposition\/a8e10593-eac0-42c2-9b9f-c643b84559f2\" target=\"_blank\" rel=\"noopener\"><img loading=\"lazy\" decoding=\"async\" class=\"aligncenter wp-image-3614 size-full\" src=\"https:\/\/www.body-vip.fr\/club-de-gym\/wp-content\/uploads\/2025\/09\/boxe-anglaise-45-1.png\" alt=\"\" width=\"1024\" height=\"261\" srcset=\"https:\/\/www.body-vip.fr\/club-de-gym\/wp-content\/uploads\/2025\/09\/boxe-anglaise-45-1.png 1024w, https:\/\/www.body-vip.fr\/club-de-gym\/wp-content\/uploads\/2025\/09\/boxe-anglaise-45-1-300x76.png 300w, https:\/\/www.body-vip.fr\/club-de-gym\/wp-content\/uploads\/2025\/09\/boxe-anglaise-45-1-768x196.png 768w, https:\/\/www.body-vip.fr\/club-de-gym\/wp-content\/uploads\/2025\/09\/boxe-anglaise-45-1-600x153.png 600w, https:\/\/www.body-vip.fr\/club-de-gym\/wp-content\/uploads\/2025\/09\/boxe-anglaise-45-1-200x51.png 200w\" sizes=\"auto, (max-width: 1024px) 100vw, 1024px\" \/><\/a><a href=\"https:\/\/bodyvip-fight-fitness.sportigo.fr\/buy\/offer-proposition\/4840b938-7ebd-4378-9e9a-7c0148e58cce\" target=\"_blank\" rel=\"noopener\"><img loading=\"lazy\" decoding=\"async\" class=\"aligncenter wp-image-3700 size-large\" src=\"https:\/\/www.body-vip.fr\/club-de-gym\/wp-content\/uploads\/2026\/01\/boxe-anglaise-499-1024x261.png\" alt=\"\" width=\"1024\" height=\"261\" srcset=\"https:\/\/www.body-vip.fr\/club-de-gym\/wp-content\/uploads\/2026\/01\/boxe-anglaise-499-1024x261.png 1024w, https:\/\/www.body-vip.fr\/club-de-gym\/wp-content\/uploads\/2026\/01\/boxe-anglaise-499-300x76.png 300w, https:\/\/www.body-vip.fr\/club-de-gym\/wp-content\/uploads\/2026\/01\/boxe-anglaise-499-768x195.png 768w, https:\/\/www.body-vip.fr\/club-de-gym\/wp-content\/uploads\/2026\/01\/boxe-anglaise-499-600x153.png 600w, https:\/\/www.body-vip.fr\/club-de-gym\/wp-content\/uploads\/2026\/01\/boxe-anglaise-499-200x51.png 200w, https:\/\/www.body-vip.fr\/club-de-gym\/wp-content\/uploads\/2026\/01\/boxe-anglaise-499.png 1501w\" sizes=\"auto, (max-width: 1024px) 100vw, 1024px\" \/><\/a><\/p>\n","protected":false},"excerpt":{"rendered":"<p>Avec Konmon Deh. Cours le lundi et jeudi \u00e0 14h00 &#8211; samedi 17h30 Accessible \u00e0 tous, tous niveaux (loisir, comp\u00e9tition &#8211; amateurs et professionnels) Fort d&rsquo;une solide exp\u00e9rience acquise \u00e0 travers de nombreuses ann\u00e9es de pratique du MMA de haut niveau, Konmon est le coach qui pr\u00e9pare et accompagne les amateurs et professionnels lors de [&hellip;]<\/p>\n","protected":false},"author":1,"featured_media":0,"parent":0,"menu_order":0,"comment_status":"closed","ping_status":"closed","template":"","meta":{"site-sidebar-layout":"default","site-content-layout":"default","ast-site-content-layout":"default","site-content-style":"default","site-sidebar-style":"default","ast-global-header-display":"","ast-banner-title-visibility":"","ast-main-header-display":"","ast-hfb-above-header-display":"","ast-hfb-below-header-display":"","ast-hfb-mobile-header-display":"","site-post-title":"","ast-breadcrumbs-content":"","ast-featured-img":"","footer-sml-layout":"","ast-disable-related-posts":"","theme-transparent-header-meta":"default","adv-header-id-meta":"","stick-header-meta":"","header-above-stick-meta":"","header-main-stick-meta":"","header-below-stick-meta":"","astra-migrate-meta-layouts":"set","ast-page-background-enabled":"default","ast-page-background-meta":{"desktop":{"background-color":"var(--ast-global-color-4)","background-image":"","background-repeat":"repeat","background-position":"center center","background-size":"auto","background-attachment":"scroll","background-type":"","background-media":"","overlay-type":"","overlay-color":"","overlay-opacity":"","overlay-gradient":""},"tablet":{"background-color":"","background-image":"","background-repeat":"repeat","background-position":"center center","background-size":"auto","background-attachment":"scroll","background-type":"","background-media":"","overlay-type":"","overlay-color":"","overlay-opacity":"","overlay-gradient":""},"mobile":{"background-color":"","background-image":"","background-repeat":"repeat","background-position":"center center","background-size":"auto","background-attachment":"scroll","background-type":"","background-media":"","overlay-type":"","overlay-color":"","overlay-opacity":"","overlay-gradient":""}},"ast-content-background-meta":{"desktop":{"background-color":"var(--ast-global-color-5)","background-image":"","background-repeat":"repeat","background-position":"center center","background-size":"auto","background-attachment":"scroll","background-type":"","background-media":"","overlay-type":"","overlay-color":"","overlay-opacity":"","overlay-gradient":""},"tablet":{"background-color":"var(--ast-global-color-5)","background-image":"","background-repeat":"repeat","background-position":"center center","background-size":"auto","background-attachment":"scroll","background-type":"","background-media":"","overlay-type":"","overlay-color":"","overlay-opacity":"","overlay-gradient":""},"mobile":{"background-color":"var(--ast-global-color-5)","background-image":"","background-repeat":"repeat","background-position":"center center","background-size":"auto","background-attachment":"scroll","background-type":"","background-media":"","overlay-type":"","overlay-color":"","overlay-opacity":"","overlay-gradient":""}},"footnotes":""},"class_list":["post-2877","page","type-page","status-publish","hentry"],"yoast_head":"<!-- This site is optimized with the Yoast SEO plugin v27.5 - https:\/\/yoast.com\/product\/yoast-seo-wordpress\/ -->\n<title>- Club de Sport<\/title>\n<meta name=\"robots\" content=\"index, follow, max-snippet:-1, max-image-preview:large, max-video-preview:-1\" \/>\n<link rel=\"canonical\" href=\"https:\/\/www.body-vip.fr\/club-de-gym\/boxe-anglaise-2\/\" \/>\n<meta property=\"og:locale\" content=\"fr_FR\" \/>\n<meta property=\"og:type\" content=\"article\" \/>\n<meta property=\"og:title\" content=\"- Club de Sport\" \/>\n<meta property=\"og:description\" content=\"Avec Konmon Deh. Cours le lundi et jeudi \u00e0 14h00 &#8211; samedi 17h30 Accessible \u00e0 tous, tous niveaux (loisir, comp\u00e9tition &#8211; amateurs et professionnels) Fort d&rsquo;une solide exp\u00e9rience acquise \u00e0 travers de nombreuses ann\u00e9es de pratique du MMA de haut niveau, Konmon est le coach qui pr\u00e9pare et accompagne les amateurs et professionnels lors de [&hellip;]\" \/>\n<meta property=\"og:url\" content=\"https:\/\/www.body-vip.fr\/club-de-gym\/boxe-anglaise-2\/\" \/>\n<meta property=\"og:site_name\" content=\"Club de Sport\" \/>\n<meta property=\"article:modified_time\" content=\"2026-01-13T05:23:18+00:00\" \/>\n<meta property=\"og:image\" content=\"https:\/\/www.body-vip.fr\/club-de-gym\/wp-content\/uploads\/2023\/08\/tarifs.png\" \/>\n<meta name=\"twitter:card\" content=\"summary_large_image\" \/>\n<meta name=\"twitter:label1\" content=\"Dur\u00e9e de lecture estim\u00e9e\" \/>\n\t<meta name=\"twitter:data1\" content=\"2 minutes\" \/>\n<script type=\"application\/ld+json\" class=\"yoast-schema-graph\">{\"@context\":\"https:\\\/\\\/schema.org\",\"@graph\":[{\"@type\":\"WebPage\",\"@id\":\"https:\\\/\\\/www.body-vip.fr\\\/club-de-gym\\\/boxe-anglaise-2\\\/\",\"url\":\"https:\\\/\\\/www.body-vip.fr\\\/club-de-gym\\\/boxe-anglaise-2\\\/\",\"name\":\"- Club de Sport\",\"isPartOf\":{\"@id\":\"https:\\\/\\\/www.body-vip.fr\\\/club-de-gym\\\/#website\"},\"primaryImageOfPage\":{\"@id\":\"https:\\\/\\\/www.body-vip.fr\\\/club-de-gym\\\/boxe-anglaise-2\\\/#primaryimage\"},\"image\":{\"@id\":\"https:\\\/\\\/www.body-vip.fr\\\/club-de-gym\\\/boxe-anglaise-2\\\/#primaryimage\"},\"thumbnailUrl\":\"https:\\\/\\\/www.body-vip.fr\\\/club-de-gym\\\/wp-content\\\/uploads\\\/2023\\\/08\\\/tarifs.png\",\"datePublished\":\"2023-10-25T09:35:22+00:00\",\"dateModified\":\"2026-01-13T05:23:18+00:00\",\"inLanguage\":\"fr-FR\",\"potentialAction\":[{\"@type\":\"ReadAction\",\"target\":[\"https:\\\/\\\/www.body-vip.fr\\\/club-de-gym\\\/boxe-anglaise-2\\\/\"]}]},{\"@type\":\"ImageObject\",\"inLanguage\":\"fr-FR\",\"@id\":\"https:\\\/\\\/www.body-vip.fr\\\/club-de-gym\\\/boxe-anglaise-2\\\/#primaryimage\",\"url\":\"https:\\\/\\\/www.body-vip.fr\\\/club-de-gym\\\/wp-content\\\/uploads\\\/2023\\\/08\\\/tarifs.png\",\"contentUrl\":\"https:\\\/\\\/www.body-vip.fr\\\/club-de-gym\\\/wp-content\\\/uploads\\\/2023\\\/08\\\/tarifs.png\",\"width\":600,\"height\":122},{\"@type\":\"WebSite\",\"@id\":\"https:\\\/\\\/www.body-vip.fr\\\/club-de-gym\\\/#website\",\"url\":\"https:\\\/\\\/www.body-vip.fr\\\/club-de-gym\\\/\",\"name\":\"Club de Sport\",\"description\":\"\",\"publisher\":{\"@id\":\"https:\\\/\\\/www.body-vip.fr\\\/club-de-gym\\\/#organization\"},\"potentialAction\":[{\"@type\":\"SearchAction\",\"target\":{\"@type\":\"EntryPoint\",\"urlTemplate\":\"https:\\\/\\\/www.body-vip.fr\\\/club-de-gym\\\/?s={search_term_string}\"},\"query-input\":{\"@type\":\"PropertyValueSpecification\",\"valueRequired\":true,\"valueName\":\"search_term_string\"}}],\"inLanguage\":\"fr-FR\"},{\"@type\":\"Organization\",\"@id\":\"https:\\\/\\\/www.body-vip.fr\\\/club-de-gym\\\/#organization\",\"name\":\"Club de Sport\",\"url\":\"https:\\\/\\\/www.body-vip.fr\\\/club-de-gym\\\/\",\"logo\":{\"@type\":\"ImageObject\",\"inLanguage\":\"fr-FR\",\"@id\":\"https:\\\/\\\/www.body-vip.fr\\\/club-de-gym\\\/#\\\/schema\\\/logo\\\/image\\\/\",\"url\":\"https:\\\/\\\/www.body-vip.fr\\\/club-de-gym\\\/wp-content\\\/uploads\\\/2026\\\/03\\\/cropped-rect4204.png\",\"contentUrl\":\"https:\\\/\\\/www.body-vip.fr\\\/club-de-gym\\\/wp-content\\\/uploads\\\/2026\\\/03\\\/cropped-rect4204.png\",\"width\":700,\"height\":233,\"caption\":\"Club de Sport\"},\"image\":{\"@id\":\"https:\\\/\\\/www.body-vip.fr\\\/club-de-gym\\\/#\\\/schema\\\/logo\\\/image\\\/\"}}]}<\/script>\n<!-- \/ Yoast SEO plugin. -->","yoast_head_json":{"title":"- Club de Sport","robots":{"index":"index","follow":"follow","max-snippet":"max-snippet:-1","max-image-preview":"max-image-preview:large","max-video-preview":"max-video-preview:-1"},"canonical":"https:\/\/www.body-vip.fr\/club-de-gym\/boxe-anglaise-2\/","og_locale":"fr_FR","og_type":"article","og_title":"- Club de Sport","og_description":"Avec Konmon Deh. Cours le lundi et jeudi \u00e0 14h00 &#8211; samedi 17h30 Accessible \u00e0 tous, tous niveaux (loisir, comp\u00e9tition &#8211; amateurs et professionnels) Fort d&rsquo;une solide exp\u00e9rience acquise \u00e0 travers de nombreuses ann\u00e9es de pratique du MMA de haut niveau, Konmon est le coach qui pr\u00e9pare et accompagne les amateurs et professionnels lors de [&hellip;]","og_url":"https:\/\/www.body-vip.fr\/club-de-gym\/boxe-anglaise-2\/","og_site_name":"Club de Sport","article_modified_time":"2026-01-13T05:23:18+00:00","og_image":[{"url":"https:\/\/www.body-vip.fr\/club-de-gym\/wp-content\/uploads\/2023\/08\/tarifs.png","type":"","width":"","height":""}],"twitter_card":"summary_large_image","twitter_misc":{"Dur\u00e9e de lecture estim\u00e9e":"2 minutes"},"schema":{"@context":"https:\/\/schema.org","@graph":[{"@type":"WebPage","@id":"https:\/\/www.body-vip.fr\/club-de-gym\/boxe-anglaise-2\/","url":"https:\/\/www.body-vip.fr\/club-de-gym\/boxe-anglaise-2\/","name":"- Club de Sport","isPartOf":{"@id":"https:\/\/www.body-vip.fr\/club-de-gym\/#website"},"primaryImageOfPage":{"@id":"https:\/\/www.body-vip.fr\/club-de-gym\/boxe-anglaise-2\/#primaryimage"},"image":{"@id":"https:\/\/www.body-vip.fr\/club-de-gym\/boxe-anglaise-2\/#primaryimage"},"thumbnailUrl":"https:\/\/www.body-vip.fr\/club-de-gym\/wp-content\/uploads\/2023\/08\/tarifs.png","datePublished":"2023-10-25T09:35:22+00:00","dateModified":"2026-01-13T05:23:18+00:00","inLanguage":"fr-FR","potentialAction":[{"@type":"ReadAction","target":["https:\/\/www.body-vip.fr\/club-de-gym\/boxe-anglaise-2\/"]}]},{"@type":"ImageObject","inLanguage":"fr-FR","@id":"https:\/\/www.body-vip.fr\/club-de-gym\/boxe-anglaise-2\/#primaryimage","url":"https:\/\/www.body-vip.fr\/club-de-gym\/wp-content\/uploads\/2023\/08\/tarifs.png","contentUrl":"https:\/\/www.body-vip.fr\/club-de-gym\/wp-content\/uploads\/2023\/08\/tarifs.png","width":600,"height":122},{"@type":"WebSite","@id":"https:\/\/www.body-vip.fr\/club-de-gym\/#website","url":"https:\/\/www.body-vip.fr\/club-de-gym\/","name":"Club de Sport","description":"","publisher":{"@id":"https:\/\/www.body-vip.fr\/club-de-gym\/#organization"},"potentialAction":[{"@type":"SearchAction","target":{"@type":"EntryPoint","urlTemplate":"https:\/\/www.body-vip.fr\/club-de-gym\/?s={search_term_string}"},"query-input":{"@type":"PropertyValueSpecification","valueRequired":true,"valueName":"search_term_string"}}],"inLanguage":"fr-FR"},{"@type":"Organization","@id":"https:\/\/www.body-vip.fr\/club-de-gym\/#organization","name":"Club de Sport","url":"https:\/\/www.body-vip.fr\/club-de-gym\/","logo":{"@type":"ImageObject","inLanguage":"fr-FR","@id":"https:\/\/www.body-vip.fr\/club-de-gym\/#\/schema\/logo\/image\/","url":"https:\/\/www.body-vip.fr\/club-de-gym\/wp-content\/uploads\/2026\/03\/cropped-rect4204.png","contentUrl":"https:\/\/www.body-vip.fr\/club-de-gym\/wp-content\/uploads\/2026\/03\/cropped-rect4204.png","width":700,"height":233,"caption":"Club de Sport"},"image":{"@id":"https:\/\/www.body-vip.fr\/club-de-gym\/#\/schema\/logo\/image\/"}}]}},"_links":{"self":[{"href":"https:\/\/www.body-vip.fr\/club-de-gym\/wp-json\/wp\/v2\/pages\/2877","targetHints":{"allow":["GET"]}}],"collection":[{"href":"https:\/\/www.body-vip.fr\/club-de-gym\/wp-json\/wp\/v2\/pages"}],"about":[{"href":"https:\/\/www.body-vip.fr\/club-de-gym\/wp-json\/wp\/v2\/types\/page"}],"author":[{"embeddable":true,"href":"https:\/\/www.body-vip.fr\/club-de-gym\/wp-json\/wp\/v2\/users\/1"}],"replies":[{"embeddable":true,"href":"https:\/\/www.body-vip.fr\/club-de-gym\/wp-json\/wp\/v2\/comments?post=2877"}],"version-history":[{"count":27,"href":"https:\/\/www.body-vip.fr\/club-de-gym\/wp-json\/wp\/v2\/pages\/2877\/revisions"}],"predecessor-version":[{"id":3702,"href":"https:\/\/www.body-vip.fr\/club-de-gym\/wp-json\/wp\/v2\/pages\/2877\/revisions\/3702"}],"wp:attachment":[{"href":"https:\/\/www.body-vip.fr\/club-de-gym\/wp-json\/wp\/v2\/media?parent=2877"}],"curies":[{"name":"wp","href":"https:\/\/api.w.org\/{rel}","templated":true}]}}