{"id":2534,"date":"2023-07-31T13:14:01","date_gmt":"2023-07-31T11:14:01","guid":{"rendered":"https:\/\/www.body-vip.fr\/club-de-gym\/?page_id=2534"},"modified":"2026-03-09T15:54:33","modified_gmt":"2026-03-09T14:54:33","slug":"accueil","status":"publish","type":"page","link":"https:\/\/www.body-vip.fr\/club-de-gym\/","title":{"rendered":""},"content":{"rendered":"<p style=\"text-align: center;\"><style id=\"depicter-183-inline-pre-css\">\n\n.depicter-revert.depicter-183{\n\tbackground-color:#626262;\n}\n.depicter-183:not(.depicter-ready){\n\theight:600px;\n}\n\n\/***** Tablet *****\/\n@media screen and (max-width: 1024px){\n\n.depicter-183:not(.depicter-ready){\n\theight:700px;\n}\n\n}\n\/***** Mobile *****\/\n@media screen and (max-width: 767px){\n\n.depicter-183:not(.depicter-ready){\n\theight:740px;\n}\n\n}\n<\/style>\n<div id=\"depicter-183\" class=\"depicter depicter-document depicter-revert depicter-183 depicter-layout-fullwidth\">\n\n<div class=\"depicter-loading-container depicter-loading circles-dark\"><svg class=\"depicter-single-svg-loading\" viewBox=\"0 0 135 135\" xmlns=\"http:\/\/www.w3.org\/2000\/svg\" fill=\"#050a0e\">\n   <path d=\"M67.447 58c5.523 0 10-4.477 10-10s-4.477-10-10-10-10 4.477-10 10 4.477 10 10 10zm9.448 9.447c0 5.523 4.477 10 10 10 5.522 0 10-4.477 10-10s-4.478-10-10-10c-5.523 0-10 4.477-10 10zm-9.448 9.448c-5.523 0-10 4.477-10 10 0 5.522 4.477 10 10 10s10-4.478 10-10c0-5.523-4.477-10-10-10zM58 67.447c0-5.523-4.477-10-10-10s-10 4.477-10 10 4.477 10 10 10 10-4.477 10-10z\">\n      <animateTransform attributeName=\"transform\" type=\"rotate\" from=\"0 67 67\" to=\"-360 67 67\" dur=\"2.5s\" repeatCount=\"indefinite\" \/>\n   <\/path>\n   <path d=\"M28.19 40.31c6.627 0 12-5.374 12-12 0-6.628-5.373-12-12-12-6.628 0-12 5.372-12 12 0 6.626 5.372 12 12 12zm30.72-19.825c4.686 4.687 12.284 4.687 16.97 0 4.686-4.686 4.686-12.284 0-16.97-4.686-4.687-12.284-4.687-16.97 0-4.687 4.686-4.687 12.284 0 16.97zm35.74 7.705c0 6.627 5.37 12 12 12 6.626 0 12-5.373 12-12 0-6.628-5.374-12-12-12-6.63 0-12 5.372-12 12zm19.822 30.72c-4.686 4.686-4.686 12.284 0 16.97 4.687 4.686 12.285 4.686 16.97 0 4.687-4.686 4.687-12.284 0-16.97-4.685-4.687-12.283-4.687-16.97 0zm-7.704 35.74c-6.627 0-12 5.37-12 12 0 6.626 5.373 12 12 12s12-5.374 12-12c0-6.63-5.373-12-12-12zm-30.72 19.822c-4.686-4.686-12.284-4.686-16.97 0-4.686 4.687-4.686 12.285 0 16.97 4.686 4.687 12.284 4.687 16.97 0 4.687-4.685 4.687-12.283 0-16.97zm-35.74-7.704c0-6.627-5.372-12-12-12-6.626 0-12 5.373-12 12s5.374 12 12 12c6.628 0 12-5.373 12-12zm-19.823-30.72c4.687-4.686 4.687-12.284 0-16.97-4.686-4.686-12.284-4.686-16.97 0-4.687 4.686-4.687 12.284 0 16.97 4.686 4.687 12.284 4.687 16.97 0z\">\n      <animateTransform attributeName=\"transform\" type=\"rotate\" from=\"0 67 67\" to=\"360 67 67\" dur=\"8s\" repeatCount=\"indefinite\" \/>\n   <\/path>\n<\/svg>\n<\/div>\n<div id=\"depicter-183-section-1\" class=\"depicter-section depicter-183-section-1\" data-name=\"Slide 1\" data-type=\"section\" data-local-id=\"section-1\">\n<picture id=\"depicter-183-element-60\" class=\"depicter-element depicter-layer depicter-183-element-60\" data-type=\"image\" data-wrap=\"true\" data-name=\"Image 2\" data-local-id=\"element-60\" data-offset=\"x:0px;y:0px;origin:tl\" data-mobile-offset=\"x:1px;y:154px;origin:mr\" data-width=\"394px,,355px\" data-height=\"592px,,534px\" data-responsive-scale=\"true,,\" data-crop=\"false\">\n<source data-depicter-srcset=\"https:\/\/www.body-vip.fr\/club-de-gym\/wp-content\/uploads\/2026\/03\/WhatsApp-Image-2026-03-09-at-09.30.37-1-355x534.jpeg, https:\/\/www.body-vip.fr\/club-de-gym\/wp-content\/uploads\/2026\/03\/WhatsApp-Image-2026-03-09-at-09.30.37-1-710x1068.jpeg 2x\" srcset=\"data:image\/gif;base64,R0lGODlhAQABAIAAAAAAAP\/\/\/yH5BAEAAAAALAAAAAABAAEAAAIBRAA7\" media=\"(max-width: 767px)\" \/>\n\n<source data-depicter-srcset=\"https:\/\/www.body-vip.fr\/club-de-gym\/wp-content\/uploads\/2026\/03\/WhatsApp-Image-2026-03-09-at-09.30.37-1-394x592.jpeg, https:\/\/www.body-vip.fr\/club-de-gym\/wp-content\/uploads\/2026\/03\/WhatsApp-Image-2026-03-09-at-09.30.37-1-788x1184.jpeg 2x\" srcset=\"data:image\/gif;base64,R0lGODlhAQABAIAAAAAAAP\/\/\/yH5BAEAAAAALAAAAAABAAEAAAIBRAA7\" media=\"(min-width: 768px)\" \/>\n<img decoding=\"async\" src=\"data:image\/gif;base64,R0lGODlhAQABAIAAAAAAAP\/\/\/yH5BAEAAAAALAAAAAABAAEAAAIBRAA7\" data-depicter-src=\"https:\/\/www.body-vip.fr\/club-de-gym\/wp-content\/uploads\/2026\/03\/WhatsApp-Image-2026-03-09-at-09.30.37-1-394x592.jpeg\" alt=\"\" \/>\n<\/picture>\n<h2 data-animation-in=\"{'direction':'top','easing':'easeInOutExpo','duration':2500,'movement':{'value':500,'unit':'px'},'delay':500,'type':'move'}\" data-between-in-out=\"false\" id=\"depicter-183-element-32\" class=\"depicter-element depicter-layer depicter-183-element-32\" data-type=\"text\" data-wrap=\"true\" data-name=\"Text 8\" data-local-id=\"element-32\" data-offset=\"x:0px;y:275px;origin:mc\" data-tablet-offset=\"x:13px;y:183px;origin:mc\" data-mobile-offset=\"x:4px;y:488px;origin:tl\" data-width=\"805px,auto,auto\" data-height=\"auto,auto,auto\" data-responsive-scale=\"true,,\">KRAV MAGA - BOXE THAI - MMA - BOXE ANGLAISE -  GRAPPLING - LUTA LIVRE <\/h2>\n\n<picture data-animation-in=\"{'direction':'left','easing':'easeOutQuart','duration':2500,'movement':{'value':900,'unit':'px'},'type':'move'}\" data-between-in-out=\"false\" id=\"depicter-183-element-51\" class=\"depicter-element depicter-layer depicter-183-element-51\" data-type=\"image\" data-wrap=\"true\" data-name=\"Image 10\" data-local-id=\"element-51\" data-offset=\"x:0px;y:-23px;origin:ml\" data-tablet-offset=\"x:0px;y:-2px;origin:ml\" data-mobile-offset=\"x:-29px;y:-218px;origin:ml\" data-width=\"1000px,1000px,436px\" data-height=\"561px,699px,304px\" data-responsive-scale=\"true,,\" data-crop=\"false\">\n<source data-depicter-srcset=\"https:\/\/www.body-vip.fr\/club-de-gym\/wp-content\/uploads\/2026\/03\/WhatsApp-Image-2026-03-09-at-09.30.36-3-436x304.jpeg, https:\/\/www.body-vip.fr\/club-de-gym\/wp-content\/uploads\/2026\/03\/WhatsApp-Image-2026-03-09-at-09.30.36-3-872x608.jpeg 2x\" srcset=\"data:image\/gif;base64,R0lGODlhAQABAIAAAAAAAP\/\/\/yH5BAEAAAAALAAAAAABAAEAAAIBRAA7\" media=\"(max-width: 767px)\" \/>\n\n<source data-depicter-srcset=\"https:\/\/www.body-vip.fr\/club-de-gym\/wp-content\/uploads\/2026\/03\/WhatsApp-Image-2026-03-09-at-09.30.36-3-1000x699.jpeg, https:\/\/www.body-vip.fr\/club-de-gym\/wp-content\/uploads\/2026\/03\/WhatsApp-Image-2026-03-09-at-09.30.36-3-2000x1398.jpeg 2x\" srcset=\"data:image\/gif;base64,R0lGODlhAQABAIAAAAAAAP\/\/\/yH5BAEAAAAALAAAAAABAAEAAAIBRAA7\" media=\"(max-width: 1024px)\" \/>\n\n<source data-depicter-srcset=\"https:\/\/www.body-vip.fr\/club-de-gym\/wp-content\/uploads\/2026\/03\/WhatsApp-Image-2026-03-09-at-09.30.36-3-1000x561.jpeg, https:\/\/www.body-vip.fr\/club-de-gym\/wp-content\/uploads\/2026\/03\/WhatsApp-Image-2026-03-09-at-09.30.36-3-2000x1122.jpeg 2x\" srcset=\"data:image\/gif;base64,R0lGODlhAQABAIAAAAAAAP\/\/\/yH5BAEAAAAALAAAAAABAAEAAAIBRAA7\" media=\"(min-width: 1025px)\" \/>\n<img decoding=\"async\" src=\"data:image\/gif;base64,R0lGODlhAQABAIAAAAAAAP\/\/\/yH5BAEAAAAALAAAAAABAAEAAAIBRAA7\" data-depicter-src=\"https:\/\/www.body-vip.fr\/club-de-gym\/wp-content\/uploads\/2026\/03\/WhatsApp-Image-2026-03-09-at-09.30.36-3-1000x561.jpeg\" alt=\"\" \/>\n<\/picture>\n<picture data-animation-in=\"{'direction':'top','easing':'easeOutQuart','duration':2500,'movement':80,'delay':2500,'type':'move'}\" data-between-in-out=\"false\" id=\"depicter-183-element-58\" class=\"depicter-element depicter-layer depicter-183-element-58\" data-type=\"image\" data-wrap=\"true\" data-name=\"Image 11\" data-local-id=\"element-58\" data-offset=\"x:3px;y:-39px;origin:mc\" data-mobile-offset=\"x:0px;y:-233px;origin:ml\" data-width=\"686px,,377px\" data-height=\"138px,,71px\" data-responsive-scale=\"true,,\" data-crop=\"false\">\n<source data-depicter-srcset=\"https:\/\/www.body-vip.fr\/club-de-gym\/wp-content\/uploads\/2026\/03\/centre-de-performances-377x71.png, https:\/\/www.body-vip.fr\/club-de-gym\/wp-content\/uploads\/2026\/03\/centre-de-performances-754x142.png 2x\" srcset=\"data:image\/gif;base64,R0lGODlhAQABAIAAAAAAAP\/\/\/yH5BAEAAAAALAAAAAABAAEAAAIBRAA7\" media=\"(max-width: 767px)\" \/>\n\n<source data-depicter-srcset=\"https:\/\/www.body-vip.fr\/club-de-gym\/wp-content\/uploads\/2026\/03\/centre-de-performances-686x138.png, https:\/\/www.body-vip.fr\/club-de-gym\/wp-content\/uploads\/2026\/03\/centre-de-performances-1372x276.png 2x\" srcset=\"data:image\/gif;base64,R0lGODlhAQABAIAAAAAAAP\/\/\/yH5BAEAAAAALAAAAAABAAEAAAIBRAA7\" media=\"(min-width: 768px)\" \/>\n<img decoding=\"async\" src=\"data:image\/gif;base64,R0lGODlhAQABAIAAAAAAAP\/\/\/yH5BAEAAAAALAAAAAABAAEAAAIBRAA7\" data-depicter-src=\"https:\/\/www.body-vip.fr\/club-de-gym\/wp-content\/uploads\/2026\/03\/centre-de-performances-686x138.png\" alt=\"\" \/>\n<\/picture>\n<picture data-animation-in=\"{'direction':'right','easing':'easeOutQuart','duration':2500,'movement':{'value':350,'unit':'px'},'delay':2000,'type':'move'}\" data-between-in-out=\"false\" id=\"depicter-183-element-59\" class=\"depicter-element depicter-layer depicter-183-element-59\" data-type=\"image\" data-wrap=\"true\" data-name=\"Image 12\" data-local-id=\"element-59\" data-offset=\"x:2px;y:212px;origin:mc\" data-tablet-offset=\"x:1px;y:286px;origin:mc\" data-mobile-offset=\"x:-3px;y:-26px;origin:ml\" data-width=\"565px,565px,365px\" data-height=\"126px,126px,81px\" data-responsive-scale=\"true,,\" data-crop=\"false\">\n<source data-depicter-srcset=\"https:\/\/www.body-vip.fr\/club-de-gym\/wp-content\/uploads\/2026\/03\/forge-365x81.png, https:\/\/www.body-vip.fr\/club-de-gym\/wp-content\/uploads\/2026\/03\/forge-730x162.png 2x\" srcset=\"data:image\/gif;base64,R0lGODlhAQABAIAAAAAAAP\/\/\/yH5BAEAAAAALAAAAAABAAEAAAIBRAA7\" media=\"(max-width: 767px)\" \/>\n\n<source data-depicter-srcset=\"https:\/\/www.body-vip.fr\/club-de-gym\/wp-content\/uploads\/2026\/03\/forge-565x126.png, https:\/\/www.body-vip.fr\/club-de-gym\/wp-content\/uploads\/2026\/03\/forge-1130x252.png 2x\" srcset=\"data:image\/gif;base64,R0lGODlhAQABAIAAAAAAAP\/\/\/yH5BAEAAAAALAAAAAABAAEAAAIBRAA7\" media=\"(min-width: 768px)\" \/>\n<img decoding=\"async\" src=\"data:image\/gif;base64,R0lGODlhAQABAIAAAAAAAP\/\/\/yH5BAEAAAAALAAAAAABAAEAAAIBRAA7\" data-depicter-src=\"https:\/\/www.body-vip.fr\/club-de-gym\/wp-content\/uploads\/2026\/03\/forge-565x126.png\" alt=\"\" \/>\n<\/picture><\/div>\n<\/div>\n<script>\n(window.depicterSetups = window.depicterSetups || []).push(function(){\n\tDepicter.basePath = 'https:\/\/www.body-vip.fr\/club-de-gym\/wp-content\/plugins\/depicter\/resources\/scripts\/player\/';\n\tconst dpPlayer = Depicter.setup('.depicter-183',\n\t\t{\"width\":[\"1000\",\"1000\",\"360\"],\"height\":[\"600\",\"700\",\"740\"],\"view\":\"basic\",\"keepAspectRatio\":false,\"preload\":0,\"layout\":\"fullwidth\",\"rtl\":false,\"initAfterAppear\":false,\"ajaxApiUrl\":\"https:\\\/\\\/www.body-vip.fr\\\/club-de-gym\\\/wp-admin\\\/admin-ajax.php\",\"stretch\":true,\"mouseSwipe\":true,\"touchSwipe\":true,\"fullscreenMargin\":\"0\",\"useWatermark\":false}\n\t);\n});\n<\/script><\/p>\n<p style=\"text-align: center;\"><strong>Club en collaboration avec MMA FACTORY<\/strong><\/p>\n<hr \/>\n<h3 style=\"text-align: center;\">\u201cBODY VIP \u2013 L\u00c0 O\u00d9 LES CORPS ORDINAIRES DEVIENNENT EXTRAORDINAIRES.\u201d<\/h3>\n<hr \/>\n<p style=\"text-align: center;\">Ici, on ne vient pas simplement s\u2019entra\u00eener.<br \/>\n<strong>On vient se transformer.<\/strong><\/p>\n<p style=\"text-align: center;\">Chez BODY VIP, chaque s\u00e9ance est con\u00e7ue pour r\u00e9v\u00e9ler la meilleure version de toi-m\u00eame : puissance, endurance, mental.<\/p>\n<p style=\"text-align: center;\"><strong>Coaching d\u2019\u00e9lite. R\u00e9sultats r\u00e9els.<\/strong><\/p>\n<p style=\"text-align: center;\"><a href=\"https:\/\/www.body-vip.fr\/club-de-gym\/coaching-coach-nutrition\/\"><img loading=\"lazy\" decoding=\"async\" class=\"aligncenter wp-image-3707 size-large\" title=\"coaching sportif\" src=\"https:\/\/www.body-vip.fr\/club-de-gym\/wp-content\/uploads\/2026\/03\/reserver-un-coaching-1024x208.png\" alt=\"\" width=\"1024\" height=\"208\" srcset=\"https:\/\/www.body-vip.fr\/club-de-gym\/wp-content\/uploads\/2026\/03\/reserver-un-coaching-1024x208.png 1024w, https:\/\/www.body-vip.fr\/club-de-gym\/wp-content\/uploads\/2026\/03\/reserver-un-coaching-300x61.png 300w, https:\/\/www.body-vip.fr\/club-de-gym\/wp-content\/uploads\/2026\/03\/reserver-un-coaching-768x156.png 768w, https:\/\/www.body-vip.fr\/club-de-gym\/wp-content\/uploads\/2026\/03\/reserver-un-coaching-600x122.png 600w, https:\/\/www.body-vip.fr\/club-de-gym\/wp-content\/uploads\/2026\/03\/reserver-un-coaching-200x41.png 200w, https:\/\/www.body-vip.fr\/club-de-gym\/wp-content\/uploads\/2026\/03\/reserver-un-coaching.png 1108w\" sizes=\"auto, (max-width: 1024px) 100vw, 1024px\" \/><\/a><\/p>\n<p><img loading=\"lazy\" decoding=\"async\" class=\"aligncenter size-large wp-image-3692\" src=\"https:\/\/www.body-vip.fr\/club-de-gym\/wp-content\/uploads\/2025\/12\/body-vip-1-1024x557.jpeg\" alt=\"\" width=\"1024\" height=\"557\" srcset=\"https:\/\/www.body-vip.fr\/club-de-gym\/wp-content\/uploads\/2025\/12\/body-vip-1-1024x557.jpeg 1024w, https:\/\/www.body-vip.fr\/club-de-gym\/wp-content\/uploads\/2025\/12\/body-vip-1-300x163.jpeg 300w, https:\/\/www.body-vip.fr\/club-de-gym\/wp-content\/uploads\/2025\/12\/body-vip-1-768x418.jpeg 768w, https:\/\/www.body-vip.fr\/club-de-gym\/wp-content\/uploads\/2025\/12\/body-vip-1-600x327.jpeg 600w, https:\/\/www.body-vip.fr\/club-de-gym\/wp-content\/uploads\/2025\/12\/body-vip-1-1536x836.jpeg 1536w, https:\/\/www.body-vip.fr\/club-de-gym\/wp-content\/uploads\/2025\/12\/body-vip-1-200x109.jpeg 200w, https:\/\/www.body-vip.fr\/club-de-gym\/wp-content\/uploads\/2025\/12\/body-vip-1.jpeg 1600w\" sizes=\"auto, (max-width: 1024px) 100vw, 1024px\" \/><\/p>\n<hr \/>\n<p><img loading=\"lazy\" decoding=\"async\" class=\"aligncenter size-large wp-image-3693\" src=\"https:\/\/www.body-vip.fr\/club-de-gym\/wp-content\/uploads\/2025\/12\/body-vip-2.jpeg\" alt=\"\" width=\"817\" height=\"817\" srcset=\"https:\/\/www.body-vip.fr\/club-de-gym\/wp-content\/uploads\/2025\/12\/body-vip-2.jpeg 817w, https:\/\/www.body-vip.fr\/club-de-gym\/wp-content\/uploads\/2025\/12\/body-vip-2-300x300.jpeg 300w, https:\/\/www.body-vip.fr\/club-de-gym\/wp-content\/uploads\/2025\/12\/body-vip-2-150x150.jpeg 150w, https:\/\/www.body-vip.fr\/club-de-gym\/wp-content\/uploads\/2025\/12\/body-vip-2-768x768.jpeg 768w, https:\/\/www.body-vip.fr\/club-de-gym\/wp-content\/uploads\/2025\/12\/body-vip-2-600x600.jpeg 600w, https:\/\/www.body-vip.fr\/club-de-gym\/wp-content\/uploads\/2025\/12\/body-vip-2-200x200.jpeg 200w\" sizes=\"auto, (max-width: 817px) 100vw, 817px\" \/><\/p>\n<hr \/>\n<div style=\"width: 832px;\" class=\"wp-video\"><video class=\"wp-video-shortcode\" id=\"video-2534-1\" width=\"832\" height=\"464\" loop autoplay preload=\"auto\" controls=\"controls\"><source type=\"video\/mp4\" src=\"https:\/\/www.body-vip.fr\/club-de-gym\/wp-content\/uploads\/2025\/10\/body-vip.mp4?_=1\" \/><a href=\"https:\/\/www.body-vip.fr\/club-de-gym\/wp-content\/uploads\/2025\/10\/body-vip.mp4\">https:\/\/www.body-vip.fr\/club-de-gym\/wp-content\/uploads\/2025\/10\/body-vip.mp4<\/a><\/video><\/div>\n","protected":false},"excerpt":{"rendered":"<p>Club en collaboration avec MMA FACTORY \u201cBODY VIP \u2013 L\u00c0 O\u00d9 LES CORPS ORDINAIRES DEVIENNENT EXTRAORDINAIRES.\u201d Ici, on ne vient pas simplement s\u2019entra\u00eener. On vient se transformer. Chez BODY VIP, chaque s\u00e9ance est con\u00e7ue pour r\u00e9v\u00e9ler la meilleure version de toi-m\u00eame : puissance, endurance, mental. Coaching d\u2019\u00e9lite. R\u00e9sultats r\u00e9els.<\/p>\n","protected":false},"author":1,"featured_media":0,"parent":0,"menu_order":0,"comment_status":"closed","ping_status":"closed","template":"","meta":{"site-sidebar-layout":"default","site-content-layout":"default","ast-site-content-layout":"default","site-content-style":"default","site-sidebar-style":"default","ast-global-header-display":"","ast-banner-title-visibility":"","ast-main-header-display":"","ast-hfb-above-header-display":"","ast-hfb-below-header-display":"","ast-hfb-mobile-header-display":"","site-post-title":"","ast-breadcrumbs-content":"","ast-featured-img":"","footer-sml-layout":"","ast-disable-related-posts":"","theme-transparent-header-meta":"default","adv-header-id-meta":"","stick-header-meta":"","header-above-stick-meta":"","header-main-stick-meta":"","header-below-stick-meta":"","astra-migrate-meta-layouts":"set","ast-page-background-enabled":"default","ast-page-background-meta":{"desktop":{"background-color":"var(--ast-global-color-4)","background-image":"","background-repeat":"repeat","background-position":"center center","background-size":"auto","background-attachment":"scroll","background-type":"","background-media":"","overlay-type":"","overlay-color":"","overlay-opacity":"","overlay-gradient":""},"tablet":{"background-color":"","background-image":"","background-repeat":"repeat","background-position":"center center","background-size":"auto","background-attachment":"scroll","background-type":"","background-media":"","overlay-type":"","overlay-color":"","overlay-opacity":"","overlay-gradient":""},"mobile":{"background-color":"","background-image":"","background-repeat":"repeat","background-position":"center center","background-size":"auto","background-attachment":"scroll","background-type":"","background-media":"","overlay-type":"","overlay-color":"","overlay-opacity":"","overlay-gradient":""}},"ast-content-background-meta":{"desktop":{"background-color":"var(--ast-global-color-5)","background-image":"","background-repeat":"repeat","background-position":"center center","background-size":"auto","background-attachment":"scroll","background-type":"","background-media":"","overlay-type":"","overlay-color":"","overlay-opacity":"","overlay-gradient":""},"tablet":{"background-color":"var(--ast-global-color-5)","background-image":"","background-repeat":"repeat","background-position":"center center","background-size":"auto","background-attachment":"scroll","background-type":"","background-media":"","overlay-type":"","overlay-color":"","overlay-opacity":"","overlay-gradient":""},"mobile":{"background-color":"var(--ast-global-color-5)","background-image":"","background-repeat":"repeat","background-position":"center center","background-size":"auto","background-attachment":"scroll","background-type":"","background-media":"","overlay-type":"","overlay-color":"","overlay-opacity":"","overlay-gradient":""}},"footnotes":""},"class_list":["post-2534","page","type-page","status-publish","hentry"],"yoast_head":"<!-- This site is optimized with the Yoast SEO plugin v27.4 - https:\/\/yoast.com\/product\/yoast-seo-wordpress\/ -->\n<title>Club de Sport<\/title>\n<meta name=\"description\" content=\"Club de sport de combat, cours collectifs et remise en forme bas\u00e9 \u00e0 Saint-Maur-des-Foss\u00e9s. Coaching et accompagnement.\" \/>\n<meta name=\"robots\" content=\"index, follow, max-snippet:-1, max-image-preview:large, max-video-preview:-1\" \/>\n<link rel=\"canonical\" href=\"https:\/\/www.body-vip.fr\/club-de-gym\/\" \/>\n<meta property=\"og:locale\" content=\"fr_FR\" \/>\n<meta property=\"og:type\" content=\"article\" \/>\n<meta property=\"og:title\" content=\"Club de Sport\" \/>\n<meta property=\"og:description\" content=\"Club de sport de combat, cours collectifs et remise en forme bas\u00e9 \u00e0 Saint-Maur-des-Foss\u00e9s. Coaching et accompagnement.\" \/>\n<meta property=\"og:url\" content=\"https:\/\/www.body-vip.fr\/club-de-gym\/\" \/>\n<meta property=\"og:site_name\" content=\"Club de Sport\" \/>\n<meta property=\"article:modified_time\" content=\"2026-03-09T14:54:33+00:00\" \/>\n<meta property=\"og:image\" content=\"https:\/\/www.body-vip.fr\/club-de-gym\/wp-content\/uploads\/2026\/03\/reserver-un-coaching-1024x208.png\" \/>\n<meta name=\"twitter:card\" content=\"summary_large_image\" \/>\n<meta name=\"twitter:label1\" content=\"Dur\u00e9e de lecture estim\u00e9e\" \/>\n\t<meta name=\"twitter:data1\" content=\"1 minute\" \/>\n<script type=\"application\/ld+json\" class=\"yoast-schema-graph\">{\"@context\":\"https:\\\/\\\/schema.org\",\"@graph\":[{\"@type\":\"WebPage\",\"@id\":\"https:\\\/\\\/www.body-vip.fr\\\/club-de-gym\\\/\",\"url\":\"https:\\\/\\\/www.body-vip.fr\\\/club-de-gym\\\/\",\"name\":\"Club de Sport\",\"isPartOf\":{\"@id\":\"https:\\\/\\\/www.body-vip.fr\\\/club-de-gym\\\/#website\"},\"primaryImageOfPage\":{\"@id\":\"https:\\\/\\\/www.body-vip.fr\\\/club-de-gym\\\/#primaryimage\"},\"image\":{\"@id\":\"https:\\\/\\\/www.body-vip.fr\\\/club-de-gym\\\/#primaryimage\"},\"thumbnailUrl\":\"https:\\\/\\\/www.body-vip.fr\\\/club-de-gym\\\/wp-content\\\/uploads\\\/2026\\\/03\\\/reserver-un-coaching-1024x208.png\",\"datePublished\":\"2023-07-31T11:14:01+00:00\",\"dateModified\":\"2026-03-09T14:54:33+00:00\",\"description\":\"Club de sport de combat, cours collectifs et remise en forme bas\u00e9 \u00e0 Saint-Maur-des-Foss\u00e9s. Coaching et accompagnement.\",\"inLanguage\":\"fr-FR\",\"potentialAction\":[{\"@type\":\"ReadAction\",\"target\":[\"https:\\\/\\\/www.body-vip.fr\\\/club-de-gym\\\/\"]}]},{\"@type\":\"ImageObject\",\"inLanguage\":\"fr-FR\",\"@id\":\"https:\\\/\\\/www.body-vip.fr\\\/club-de-gym\\\/#primaryimage\",\"url\":\"https:\\\/\\\/www.body-vip.fr\\\/club-de-gym\\\/wp-content\\\/uploads\\\/2026\\\/03\\\/reserver-un-coaching.png\",\"contentUrl\":\"https:\\\/\\\/www.body-vip.fr\\\/club-de-gym\\\/wp-content\\\/uploads\\\/2026\\\/03\\\/reserver-un-coaching.png\",\"width\":1108,\"height\":225},{\"@type\":\"WebSite\",\"@id\":\"https:\\\/\\\/www.body-vip.fr\\\/club-de-gym\\\/#website\",\"url\":\"https:\\\/\\\/www.body-vip.fr\\\/club-de-gym\\\/\",\"name\":\"Club de Sport\",\"description\":\"\",\"publisher\":{\"@id\":\"https:\\\/\\\/www.body-vip.fr\\\/club-de-gym\\\/#organization\"},\"potentialAction\":[{\"@type\":\"SearchAction\",\"target\":{\"@type\":\"EntryPoint\",\"urlTemplate\":\"https:\\\/\\\/www.body-vip.fr\\\/club-de-gym\\\/?s={search_term_string}\"},\"query-input\":{\"@type\":\"PropertyValueSpecification\",\"valueRequired\":true,\"valueName\":\"search_term_string\"}}],\"inLanguage\":\"fr-FR\"},{\"@type\":\"Organization\",\"@id\":\"https:\\\/\\\/www.body-vip.fr\\\/club-de-gym\\\/#organization\",\"name\":\"Club de Sport\",\"url\":\"https:\\\/\\\/www.body-vip.fr\\\/club-de-gym\\\/\",\"logo\":{\"@type\":\"ImageObject\",\"inLanguage\":\"fr-FR\",\"@id\":\"https:\\\/\\\/www.body-vip.fr\\\/club-de-gym\\\/#\\\/schema\\\/logo\\\/image\\\/\",\"url\":\"https:\\\/\\\/www.body-vip.fr\\\/club-de-gym\\\/wp-content\\\/uploads\\\/2026\\\/03\\\/cropped-rect4204.png\",\"contentUrl\":\"https:\\\/\\\/www.body-vip.fr\\\/club-de-gym\\\/wp-content\\\/uploads\\\/2026\\\/03\\\/cropped-rect4204.png\",\"width\":700,\"height\":233,\"caption\":\"Club de Sport\"},\"image\":{\"@id\":\"https:\\\/\\\/www.body-vip.fr\\\/club-de-gym\\\/#\\\/schema\\\/logo\\\/image\\\/\"}}]}<\/script>\n<!-- \/ Yoast SEO plugin. -->","yoast_head_json":{"title":"Club de Sport","description":"Club de sport de combat, cours collectifs et remise en forme bas\u00e9 \u00e0 Saint-Maur-des-Foss\u00e9s. Coaching et accompagnement.","robots":{"index":"index","follow":"follow","max-snippet":"max-snippet:-1","max-image-preview":"max-image-preview:large","max-video-preview":"max-video-preview:-1"},"canonical":"https:\/\/www.body-vip.fr\/club-de-gym\/","og_locale":"fr_FR","og_type":"article","og_title":"Club de Sport","og_description":"Club de sport de combat, cours collectifs et remise en forme bas\u00e9 \u00e0 Saint-Maur-des-Foss\u00e9s. Coaching et accompagnement.","og_url":"https:\/\/www.body-vip.fr\/club-de-gym\/","og_site_name":"Club de Sport","article_modified_time":"2026-03-09T14:54:33+00:00","og_image":[{"url":"https:\/\/www.body-vip.fr\/club-de-gym\/wp-content\/uploads\/2026\/03\/reserver-un-coaching-1024x208.png","type":"","width":"","height":""}],"twitter_card":"summary_large_image","twitter_misc":{"Dur\u00e9e de lecture estim\u00e9e":"1 minute"},"schema":{"@context":"https:\/\/schema.org","@graph":[{"@type":"WebPage","@id":"https:\/\/www.body-vip.fr\/club-de-gym\/","url":"https:\/\/www.body-vip.fr\/club-de-gym\/","name":"Club de Sport","isPartOf":{"@id":"https:\/\/www.body-vip.fr\/club-de-gym\/#website"},"primaryImageOfPage":{"@id":"https:\/\/www.body-vip.fr\/club-de-gym\/#primaryimage"},"image":{"@id":"https:\/\/www.body-vip.fr\/club-de-gym\/#primaryimage"},"thumbnailUrl":"https:\/\/www.body-vip.fr\/club-de-gym\/wp-content\/uploads\/2026\/03\/reserver-un-coaching-1024x208.png","datePublished":"2023-07-31T11:14:01+00:00","dateModified":"2026-03-09T14:54:33+00:00","description":"Club de sport de combat, cours collectifs et remise en forme bas\u00e9 \u00e0 Saint-Maur-des-Foss\u00e9s. Coaching et accompagnement.","inLanguage":"fr-FR","potentialAction":[{"@type":"ReadAction","target":["https:\/\/www.body-vip.fr\/club-de-gym\/"]}]},{"@type":"ImageObject","inLanguage":"fr-FR","@id":"https:\/\/www.body-vip.fr\/club-de-gym\/#primaryimage","url":"https:\/\/www.body-vip.fr\/club-de-gym\/wp-content\/uploads\/2026\/03\/reserver-un-coaching.png","contentUrl":"https:\/\/www.body-vip.fr\/club-de-gym\/wp-content\/uploads\/2026\/03\/reserver-un-coaching.png","width":1108,"height":225},{"@type":"WebSite","@id":"https:\/\/www.body-vip.fr\/club-de-gym\/#website","url":"https:\/\/www.body-vip.fr\/club-de-gym\/","name":"Club de Sport","description":"","publisher":{"@id":"https:\/\/www.body-vip.fr\/club-de-gym\/#organization"},"potentialAction":[{"@type":"SearchAction","target":{"@type":"EntryPoint","urlTemplate":"https:\/\/www.body-vip.fr\/club-de-gym\/?s={search_term_string}"},"query-input":{"@type":"PropertyValueSpecification","valueRequired":true,"valueName":"search_term_string"}}],"inLanguage":"fr-FR"},{"@type":"Organization","@id":"https:\/\/www.body-vip.fr\/club-de-gym\/#organization","name":"Club de Sport","url":"https:\/\/www.body-vip.fr\/club-de-gym\/","logo":{"@type":"ImageObject","inLanguage":"fr-FR","@id":"https:\/\/www.body-vip.fr\/club-de-gym\/#\/schema\/logo\/image\/","url":"https:\/\/www.body-vip.fr\/club-de-gym\/wp-content\/uploads\/2026\/03\/cropped-rect4204.png","contentUrl":"https:\/\/www.body-vip.fr\/club-de-gym\/wp-content\/uploads\/2026\/03\/cropped-rect4204.png","width":700,"height":233,"caption":"Club de Sport"},"image":{"@id":"https:\/\/www.body-vip.fr\/club-de-gym\/#\/schema\/logo\/image\/"}}]}},"_links":{"self":[{"href":"https:\/\/www.body-vip.fr\/club-de-gym\/wp-json\/wp\/v2\/pages\/2534","targetHints":{"allow":["GET"]}}],"collection":[{"href":"https:\/\/www.body-vip.fr\/club-de-gym\/wp-json\/wp\/v2\/pages"}],"about":[{"href":"https:\/\/www.body-vip.fr\/club-de-gym\/wp-json\/wp\/v2\/types\/page"}],"author":[{"embeddable":true,"href":"https:\/\/www.body-vip.fr\/club-de-gym\/wp-json\/wp\/v2\/users\/1"}],"replies":[{"embeddable":true,"href":"https:\/\/www.body-vip.fr\/club-de-gym\/wp-json\/wp\/v2\/comments?post=2534"}],"version-history":[{"count":15,"href":"https:\/\/www.body-vip.fr\/club-de-gym\/wp-json\/wp\/v2\/pages\/2534\/revisions"}],"predecessor-version":[{"id":3712,"href":"https:\/\/www.body-vip.fr\/club-de-gym\/wp-json\/wp\/v2\/pages\/2534\/revisions\/3712"}],"wp:attachment":[{"href":"https:\/\/www.body-vip.fr\/club-de-gym\/wp-json\/wp\/v2\/media?parent=2534"}],"curies":[{"name":"wp","href":"https:\/\/api.w.org\/{rel}","templated":true}]}}