{"id":2390,"date":"2023-07-27T14:18:38","date_gmt":"2023-07-27T12:18:38","guid":{"rendered":"https:\/\/www.body-vip.fr\/club-de-gym\/?page_id=2390"},"modified":"2025-09-02T06:23:54","modified_gmt":"2025-09-02T04:23:54","slug":"certificats-medicaux","status":"publish","type":"page","link":"https:\/\/www.body-vip.fr\/club-de-gym\/certificats-medicaux\/","title":{"rendered":""},"content":{"rendered":"<h1 style=\"text-align: center;\">T\u00e9l\u00e9chargez ci dessous le certificat m\u00e9dical qui vous concerne :<\/h1>\n<p><a href=\"https:\/\/www.body-vip.fr\/club-de-gym\/wp-content\/uploads\/2025\/09\/image5365.png\" target=\"_blank\" rel=\"noopener\"><img loading=\"lazy\" decoding=\"async\" class=\"aligncenter wp-image-3605 size-full\" src=\"https:\/\/www.body-vip.fr\/club-de-gym\/wp-content\/uploads\/2025\/09\/image5365.png\" alt=\"\" width=\"1500\" height=\"2186\" srcset=\"https:\/\/www.body-vip.fr\/club-de-gym\/wp-content\/uploads\/2025\/09\/image5365.png 1500w, https:\/\/www.body-vip.fr\/club-de-gym\/wp-content\/uploads\/2025\/09\/image5365-206x300.png 206w, https:\/\/www.body-vip.fr\/club-de-gym\/wp-content\/uploads\/2025\/09\/image5365-703x1024.png 703w, https:\/\/www.body-vip.fr\/club-de-gym\/wp-content\/uploads\/2025\/09\/image5365-768x1119.png 768w, https:\/\/www.body-vip.fr\/club-de-gym\/wp-content\/uploads\/2025\/09\/image5365-600x874.png 600w, https:\/\/www.body-vip.fr\/club-de-gym\/wp-content\/uploads\/2025\/09\/image5365-1054x1536.png 1054w, https:\/\/www.body-vip.fr\/club-de-gym\/wp-content\/uploads\/2025\/09\/image5365-1405x2048.png 1405w, https:\/\/www.body-vip.fr\/club-de-gym\/wp-content\/uploads\/2025\/09\/image5365-200x291.png 200w\" sizes=\"auto, (max-width: 1500px) 100vw, 1500px\" \/><\/a><\/p>\n<hr \/>\n<p><a href=\"https:\/\/www.body-vip.fr\/club-de-gym\/wp-content\/uploads\/2025\/09\/image5354.png\" target=\"_blank\" rel=\"noopener\"><img loading=\"lazy\" decoding=\"async\" class=\"aligncenter wp-image-3606 size-full\" src=\"https:\/\/www.body-vip.fr\/club-de-gym\/wp-content\/uploads\/2025\/09\/image5354.png\" alt=\"\" width=\"1500\" height=\"2211\" srcset=\"https:\/\/www.body-vip.fr\/club-de-gym\/wp-content\/uploads\/2025\/09\/image5354.png 1500w, https:\/\/www.body-vip.fr\/club-de-gym\/wp-content\/uploads\/2025\/09\/image5354-204x300.png 204w, https:\/\/www.body-vip.fr\/club-de-gym\/wp-content\/uploads\/2025\/09\/image5354-695x1024.png 695w, https:\/\/www.body-vip.fr\/club-de-gym\/wp-content\/uploads\/2025\/09\/image5354-768x1132.png 768w, https:\/\/www.body-vip.fr\/club-de-gym\/wp-content\/uploads\/2025\/09\/image5354-600x884.png 600w, https:\/\/www.body-vip.fr\/club-de-gym\/wp-content\/uploads\/2025\/09\/image5354-1042x1536.png 1042w, https:\/\/www.body-vip.fr\/club-de-gym\/wp-content\/uploads\/2025\/09\/image5354-1389x2048.png 1389w, https:\/\/www.body-vip.fr\/club-de-gym\/wp-content\/uploads\/2025\/09\/image5354-200x295.png 200w\" sizes=\"auto, (max-width: 1500px) 100vw, 1500px\" \/><\/a><\/p>\n<p>&nbsp;<\/p>\n","protected":false},"excerpt":{"rendered":"<p>T\u00e9l\u00e9chargez ci dessous le certificat m\u00e9dical qui vous concerne : &nbsp;<\/p>\n","protected":false},"author":1,"featured_media":0,"parent":0,"menu_order":0,"comment_status":"closed","ping_status":"closed","template":"","meta":{"site-sidebar-layout":"default","site-content-layout":"default","ast-site-content-layout":"default","site-content-style":"default","site-sidebar-style":"default","ast-global-header-display":"","ast-banner-title-visibility":"","ast-main-header-display":"","ast-hfb-above-header-display":"","ast-hfb-below-header-display":"","ast-hfb-mobile-header-display":"","site-post-title":"","ast-breadcrumbs-content":"","ast-featured-img":"","footer-sml-layout":"","ast-disable-related-posts":"","theme-transparent-header-meta":"default","adv-header-id-meta":"","stick-header-meta":"","header-above-stick-meta":"","header-main-stick-meta":"","header-below-stick-meta":"","astra-migrate-meta-layouts":"set","ast-page-background-enabled":"default","ast-page-background-meta":{"desktop":{"background-color":"var(--ast-global-color-4)","background-image":"","background-repeat":"repeat","background-position":"center center","background-size":"auto","background-attachment":"scroll","background-type":"","background-media":"","overlay-type":"","overlay-color":"","overlay-opacity":"","overlay-gradient":""},"tablet":{"background-color":"","background-image":"","background-repeat":"repeat","background-position":"center center","background-size":"auto","background-attachment":"scroll","background-type":"","background-media":"","overlay-type":"","overlay-color":"","overlay-opacity":"","overlay-gradient":""},"mobile":{"background-color":"","background-image":"","background-repeat":"repeat","background-position":"center center","background-size":"auto","background-attachment":"scroll","background-type":"","background-media":"","overlay-type":"","overlay-color":"","overlay-opacity":"","overlay-gradient":""}},"ast-content-background-meta":{"desktop":{"background-color":"var(--ast-global-color-5)","background-image":"","background-repeat":"repeat","background-position":"center center","background-size":"auto","background-attachment":"scroll","background-type":"","background-media":"","overlay-type":"","overlay-color":"","overlay-opacity":"","overlay-gradient":""},"tablet":{"background-color":"var(--ast-global-color-5)","background-image":"","background-repeat":"repeat","background-position":"center center","background-size":"auto","background-attachment":"scroll","background-type":"","background-media":"","overlay-type":"","overlay-color":"","overlay-opacity":"","overlay-gradient":""},"mobile":{"background-color":"var(--ast-global-color-5)","background-image":"","background-repeat":"repeat","background-position":"center center","background-size":"auto","background-attachment":"scroll","background-type":"","background-media":"","overlay-type":"","overlay-color":"","overlay-opacity":"","overlay-gradient":""}},"footnotes":""},"class_list":["post-2390","page","type-page","status-publish","hentry"],"yoast_head":"<!-- This site is optimized with the Yoast SEO plugin v27.5 - https:\/\/yoast.com\/product\/yoast-seo-wordpress\/ -->\n<title>- Club de Sport<\/title>\n<meta name=\"robots\" content=\"index, follow, max-snippet:-1, max-image-preview:large, max-video-preview:-1\" \/>\n<link rel=\"canonical\" href=\"https:\/\/www.body-vip.fr\/club-de-gym\/certificats-medicaux\/\" \/>\n<meta property=\"og:locale\" content=\"fr_FR\" \/>\n<meta property=\"og:type\" content=\"article\" \/>\n<meta property=\"og:title\" content=\"- Club de Sport\" \/>\n<meta property=\"og:description\" content=\"T\u00e9l\u00e9chargez ci dessous le certificat m\u00e9dical qui vous concerne : &nbsp;\" \/>\n<meta property=\"og:url\" content=\"https:\/\/www.body-vip.fr\/club-de-gym\/certificats-medicaux\/\" \/>\n<meta property=\"og:site_name\" content=\"Club de Sport\" \/>\n<meta property=\"article:modified_time\" content=\"2025-09-02T04:23:54+00:00\" \/>\n<meta property=\"og:image\" content=\"https:\/\/www.body-vip.fr\/club-de-gym\/wp-content\/uploads\/2025\/09\/image5365.png\" \/>\n\t<meta property=\"og:image:width\" content=\"1500\" \/>\n\t<meta property=\"og:image:height\" content=\"2186\" \/>\n\t<meta property=\"og:image:type\" content=\"image\/png\" \/>\n<meta name=\"twitter:card\" content=\"summary_large_image\" \/>\n<meta name=\"twitter:label1\" content=\"Dur\u00e9e de lecture estim\u00e9e\" \/>\n\t<meta name=\"twitter:data1\" content=\"1 minute\" \/>\n<script type=\"application\/ld+json\" class=\"yoast-schema-graph\">{\"@context\":\"https:\\\/\\\/schema.org\",\"@graph\":[{\"@type\":\"WebPage\",\"@id\":\"https:\\\/\\\/www.body-vip.fr\\\/club-de-gym\\\/certificats-medicaux\\\/\",\"url\":\"https:\\\/\\\/www.body-vip.fr\\\/club-de-gym\\\/certificats-medicaux\\\/\",\"name\":\"- Club de Sport\",\"isPartOf\":{\"@id\":\"https:\\\/\\\/www.body-vip.fr\\\/club-de-gym\\\/#website\"},\"primaryImageOfPage\":{\"@id\":\"https:\\\/\\\/www.body-vip.fr\\\/club-de-gym\\\/certificats-medicaux\\\/#primaryimage\"},\"image\":{\"@id\":\"https:\\\/\\\/www.body-vip.fr\\\/club-de-gym\\\/certificats-medicaux\\\/#primaryimage\"},\"thumbnailUrl\":\"https:\\\/\\\/www.body-vip.fr\\\/club-de-gym\\\/wp-content\\\/uploads\\\/2025\\\/09\\\/image5365.png\",\"datePublished\":\"2023-07-27T12:18:38+00:00\",\"dateModified\":\"2025-09-02T04:23:54+00:00\",\"inLanguage\":\"fr-FR\",\"potentialAction\":[{\"@type\":\"ReadAction\",\"target\":[\"https:\\\/\\\/www.body-vip.fr\\\/club-de-gym\\\/certificats-medicaux\\\/\"]}]},{\"@type\":\"ImageObject\",\"inLanguage\":\"fr-FR\",\"@id\":\"https:\\\/\\\/www.body-vip.fr\\\/club-de-gym\\\/certificats-medicaux\\\/#primaryimage\",\"url\":\"https:\\\/\\\/www.body-vip.fr\\\/club-de-gym\\\/wp-content\\\/uploads\\\/2025\\\/09\\\/image5365.png\",\"contentUrl\":\"https:\\\/\\\/www.body-vip.fr\\\/club-de-gym\\\/wp-content\\\/uploads\\\/2025\\\/09\\\/image5365.png\",\"width\":1500,\"height\":2186},{\"@type\":\"WebSite\",\"@id\":\"https:\\\/\\\/www.body-vip.fr\\\/club-de-gym\\\/#website\",\"url\":\"https:\\\/\\\/www.body-vip.fr\\\/club-de-gym\\\/\",\"name\":\"Club de Sport\",\"description\":\"\",\"publisher\":{\"@id\":\"https:\\\/\\\/www.body-vip.fr\\\/club-de-gym\\\/#organization\"},\"potentialAction\":[{\"@type\":\"SearchAction\",\"target\":{\"@type\":\"EntryPoint\",\"urlTemplate\":\"https:\\\/\\\/www.body-vip.fr\\\/club-de-gym\\\/?s={search_term_string}\"},\"query-input\":{\"@type\":\"PropertyValueSpecification\",\"valueRequired\":true,\"valueName\":\"search_term_string\"}}],\"inLanguage\":\"fr-FR\"},{\"@type\":\"Organization\",\"@id\":\"https:\\\/\\\/www.body-vip.fr\\\/club-de-gym\\\/#organization\",\"name\":\"Club de Sport\",\"url\":\"https:\\\/\\\/www.body-vip.fr\\\/club-de-gym\\\/\",\"logo\":{\"@type\":\"ImageObject\",\"inLanguage\":\"fr-FR\",\"@id\":\"https:\\\/\\\/www.body-vip.fr\\\/club-de-gym\\\/#\\\/schema\\\/logo\\\/image\\\/\",\"url\":\"https:\\\/\\\/www.body-vip.fr\\\/club-de-gym\\\/wp-content\\\/uploads\\\/2026\\\/03\\\/cropped-rect4204.png\",\"contentUrl\":\"https:\\\/\\\/www.body-vip.fr\\\/club-de-gym\\\/wp-content\\\/uploads\\\/2026\\\/03\\\/cropped-rect4204.png\",\"width\":700,\"height\":233,\"caption\":\"Club de Sport\"},\"image\":{\"@id\":\"https:\\\/\\\/www.body-vip.fr\\\/club-de-gym\\\/#\\\/schema\\\/logo\\\/image\\\/\"}}]}<\/script>\n<!-- \/ Yoast SEO plugin. -->","yoast_head_json":{"title":"- Club de Sport","robots":{"index":"index","follow":"follow","max-snippet":"max-snippet:-1","max-image-preview":"max-image-preview:large","max-video-preview":"max-video-preview:-1"},"canonical":"https:\/\/www.body-vip.fr\/club-de-gym\/certificats-medicaux\/","og_locale":"fr_FR","og_type":"article","og_title":"- Club de Sport","og_description":"T\u00e9l\u00e9chargez ci dessous le certificat m\u00e9dical qui vous concerne : &nbsp;","og_url":"https:\/\/www.body-vip.fr\/club-de-gym\/certificats-medicaux\/","og_site_name":"Club de Sport","article_modified_time":"2025-09-02T04:23:54+00:00","og_image":[{"width":1500,"height":2186,"url":"https:\/\/www.body-vip.fr\/club-de-gym\/wp-content\/uploads\/2025\/09\/image5365.png","type":"image\/png"}],"twitter_card":"summary_large_image","twitter_misc":{"Dur\u00e9e de lecture estim\u00e9e":"1 minute"},"schema":{"@context":"https:\/\/schema.org","@graph":[{"@type":"WebPage","@id":"https:\/\/www.body-vip.fr\/club-de-gym\/certificats-medicaux\/","url":"https:\/\/www.body-vip.fr\/club-de-gym\/certificats-medicaux\/","name":"- Club de Sport","isPartOf":{"@id":"https:\/\/www.body-vip.fr\/club-de-gym\/#website"},"primaryImageOfPage":{"@id":"https:\/\/www.body-vip.fr\/club-de-gym\/certificats-medicaux\/#primaryimage"},"image":{"@id":"https:\/\/www.body-vip.fr\/club-de-gym\/certificats-medicaux\/#primaryimage"},"thumbnailUrl":"https:\/\/www.body-vip.fr\/club-de-gym\/wp-content\/uploads\/2025\/09\/image5365.png","datePublished":"2023-07-27T12:18:38+00:00","dateModified":"2025-09-02T04:23:54+00:00","inLanguage":"fr-FR","potentialAction":[{"@type":"ReadAction","target":["https:\/\/www.body-vip.fr\/club-de-gym\/certificats-medicaux\/"]}]},{"@type":"ImageObject","inLanguage":"fr-FR","@id":"https:\/\/www.body-vip.fr\/club-de-gym\/certificats-medicaux\/#primaryimage","url":"https:\/\/www.body-vip.fr\/club-de-gym\/wp-content\/uploads\/2025\/09\/image5365.png","contentUrl":"https:\/\/www.body-vip.fr\/club-de-gym\/wp-content\/uploads\/2025\/09\/image5365.png","width":1500,"height":2186},{"@type":"WebSite","@id":"https:\/\/www.body-vip.fr\/club-de-gym\/#website","url":"https:\/\/www.body-vip.fr\/club-de-gym\/","name":"Club de Sport","description":"","publisher":{"@id":"https:\/\/www.body-vip.fr\/club-de-gym\/#organization"},"potentialAction":[{"@type":"SearchAction","target":{"@type":"EntryPoint","urlTemplate":"https:\/\/www.body-vip.fr\/club-de-gym\/?s={search_term_string}"},"query-input":{"@type":"PropertyValueSpecification","valueRequired":true,"valueName":"search_term_string"}}],"inLanguage":"fr-FR"},{"@type":"Organization","@id":"https:\/\/www.body-vip.fr\/club-de-gym\/#organization","name":"Club de Sport","url":"https:\/\/www.body-vip.fr\/club-de-gym\/","logo":{"@type":"ImageObject","inLanguage":"fr-FR","@id":"https:\/\/www.body-vip.fr\/club-de-gym\/#\/schema\/logo\/image\/","url":"https:\/\/www.body-vip.fr\/club-de-gym\/wp-content\/uploads\/2026\/03\/cropped-rect4204.png","contentUrl":"https:\/\/www.body-vip.fr\/club-de-gym\/wp-content\/uploads\/2026\/03\/cropped-rect4204.png","width":700,"height":233,"caption":"Club de Sport"},"image":{"@id":"https:\/\/www.body-vip.fr\/club-de-gym\/#\/schema\/logo\/image\/"}}]}},"_links":{"self":[{"href":"https:\/\/www.body-vip.fr\/club-de-gym\/wp-json\/wp\/v2\/pages\/2390","targetHints":{"allow":["GET"]}}],"collection":[{"href":"https:\/\/www.body-vip.fr\/club-de-gym\/wp-json\/wp\/v2\/pages"}],"about":[{"href":"https:\/\/www.body-vip.fr\/club-de-gym\/wp-json\/wp\/v2\/types\/page"}],"author":[{"embeddable":true,"href":"https:\/\/www.body-vip.fr\/club-de-gym\/wp-json\/wp\/v2\/users\/1"}],"replies":[{"embeddable":true,"href":"https:\/\/www.body-vip.fr\/club-de-gym\/wp-json\/wp\/v2\/comments?post=2390"}],"version-history":[{"count":6,"href":"https:\/\/www.body-vip.fr\/club-de-gym\/wp-json\/wp\/v2\/pages\/2390\/revisions"}],"predecessor-version":[{"id":3607,"href":"https:\/\/www.body-vip.fr\/club-de-gym\/wp-json\/wp\/v2\/pages\/2390\/revisions\/3607"}],"wp:attachment":[{"href":"https:\/\/www.body-vip.fr\/club-de-gym\/wp-json\/wp\/v2\/media?parent=2390"}],"curies":[{"name":"wp","href":"https:\/\/api.w.org\/{rel}","templated":true}]}}