{"id":1192,"date":"2020-07-02T08:39:00","date_gmt":"2020-07-02T06:39:00","guid":{"rendered":"https:\/\/www.body-vip.fr\/club-de-gym\/?page_id=1192"},"modified":"2026-03-09T17:21:30","modified_gmt":"2026-03-09T16:21:30","slug":"boxe-et-fitness","status":"publish","type":"page","link":"https:\/\/www.body-vip.fr\/club-de-gym\/boxe-et-fitness\/","title":{"rendered":""},"content":{"rendered":"<p style=\"text-align: center;\"><style id=\"depicter-6-inline-pre-css\">\n\n.depicter-revert.depicter-6{\n\tbackground-color:#FFFFFF;\n}\n.depicter-6:not(.depicter-ready){\n\twidth:1200px;\n\theight:700px;\n}\n\n\/***** Tablet *****\/\n@media screen and (max-width: 1024px){\n\n.depicter-6:not(.depicter-ready){\n\twidth:1024px;\n\theight:730px;\n}\n\n}\n\/***** Mobile *****\/\n@media screen and (max-width: 767px){\n\n.depicter-6:not(.depicter-ready){\n\twidth:360px;\n\theight:700px;\n}\n\n}\n<\/style>\n<div id=\"depicter-6\" class=\"depicter depicter-document depicter-revert depicter-6\">\n\n<div class=\"depicter-loading-container depicter-loading dotFlashing-dark\"><div class=\"depicter-loading-dark depicter-dot-flashing\">\n   <span><\/span>\n   <span><\/span>\n   <span><\/span>\n<\/div>\n<\/div>\n<div id=\"depicter-6-section-1\" class=\"depicter-section depicter-6-section-1\" data-name=\"Slide 1\" data-type=\"section\" data-local-id=\"section-1\">\n<picture class=\"depicter-bg\">\n<source data-depicter-srcset=\"https:\/\/www.body-vip.fr\/club-de-gym\/wp-content\/uploads\/2024\/09\/body-vip-fight-fitness-20-768x512.jpg, https:\/\/www.body-vip.fr\/club-de-gym\/wp-content\/uploads\/2024\/09\/body-vip-fight-fitness-20.jpg 2x\" srcset=\"data:image\/gif;base64,R0lGODlhAQABAIAAAAAAAP\/\/\/yH5BAEAAAAALAAAAAABAAEAAAIBRAA7\" media=\"(max-width: 1024px)\" \/>\n\n<source data-depicter-srcset=\"https:\/\/www.body-vip.fr\/club-de-gym\/wp-content\/uploads\/2024\/09\/body-vip-fight-fitness-20.jpg, https:\/\/www.body-vip.fr\/club-de-gym\/wp-content\/uploads\/2024\/09\/body-vip-fight-fitness-20-1600x1066.jpg 2x\" srcset=\"data:image\/gif;base64,R0lGODlhAQABAIAAAAAAAP\/\/\/yH5BAEAAAAALAAAAAABAAEAAAIBRAA7\" media=\"(min-width: 1025px)\" \/>\n<img decoding=\"async\" src=\"data:image\/gif;base64,R0lGODlhAQABAIAAAAAAAP\/\/\/yH5BAEAAAAALAAAAAABAAEAAAIBRAA7\" alt=\"\" data-depicter-src=\"https:\/\/www.body-vip.fr\/club-de-gym\/wp-content\/uploads\/2024\/09\/body-vip-fight-fitness-20.jpg\" data-object-fit=\"cover,cover,cover\" data-object-position=\"center center,,center center\" \/>\n<\/picture>\n\n\n<h2 data-animation-in=\"{'direction':'top','easing':'easeOutQuart','duration':2500,'movement':{'value':350,'unit':'px'},'type':'move'}\" data-between-in-out=\"false\" data-tablet-animation-in=\"{'direction':'left','easing':'easeInOutExpo','duration':2500,'movement':0,'type':'move'}\" id=\"depicter-6-element-24\" class=\"depicter-element depicter-layer depicter-6-element-24\" data-type=\"text\" data-wrap=\"true\" data-name=\"Text 1\" data-local-id=\"element-24\" data-offset=\"x:0px;y:303px;origin:tl\" data-tablet-offset=\"x:120px;y:13px;origin:tl\" data-mobile-offset=\"x:-57px;y:27px;origin:tl\" data-width=\"1200px,785px,475px\" data-height=\"auto,auto,auto\" data-responsive-scale=\"true,,\">L 'EXPERIENCE AU SERVICE DE TA PROGRESSION<br><\/h2>\n\n<picture id=\"depicter-6-element-28\" class=\"depicter-element depicter-layer depicter-6-element-28\" data-type=\"image\" data-wrap=\"true\" data-name=\"Image 1\" data-local-id=\"element-28\" data-offset=\"x:118px;y:37px;origin:tl\" data-tablet-offset=\"x:62px;y:190px;origin:tl\" data-mobile-offset=\"x:25px;y:98px;origin:tl\" data-width=\"181px,261px,163px\" data-height=\"217px,312px,195px\" data-responsive-scale=\"true,,\" data-crop=\"false\">\n<source data-depicter-srcset=\"https:\/\/www.body-vip.fr\/club-de-gym\/wp-content\/uploads\/2025\/06\/image7797-163x195.png, https:\/\/www.body-vip.fr\/club-de-gym\/wp-content\/uploads\/2025\/06\/image7797-326x390.png 2x\" srcset=\"data:image\/gif;base64,R0lGODlhAQABAIAAAAAAAP\/\/\/yH5BAEAAAAALAAAAAABAAEAAAIBRAA7\" media=\"(max-width: 767px)\" \/>\n\n<source data-depicter-srcset=\"https:\/\/www.body-vip.fr\/club-de-gym\/wp-content\/uploads\/2025\/06\/image7797-261x312.png, https:\/\/www.body-vip.fr\/club-de-gym\/wp-content\/uploads\/2025\/06\/image7797-522x624.png 2x\" srcset=\"data:image\/gif;base64,R0lGODlhAQABAIAAAAAAAP\/\/\/yH5BAEAAAAALAAAAAABAAEAAAIBRAA7\" media=\"(max-width: 1024px)\" \/>\n\n<source data-depicter-srcset=\"https:\/\/www.body-vip.fr\/club-de-gym\/wp-content\/uploads\/2025\/06\/image7797-181x217.png, https:\/\/www.body-vip.fr\/club-de-gym\/wp-content\/uploads\/2025\/06\/image7797-362x434.png 2x\" srcset=\"data:image\/gif;base64,R0lGODlhAQABAIAAAAAAAP\/\/\/yH5BAEAAAAALAAAAAABAAEAAAIBRAA7\" media=\"(min-width: 1025px)\" \/>\n<img decoding=\"async\" src=\"data:image\/gif;base64,R0lGODlhAQABAIAAAAAAAP\/\/\/yH5BAEAAAAALAAAAAABAAEAAAIBRAA7\" data-depicter-src=\"https:\/\/www.body-vip.fr\/club-de-gym\/wp-content\/uploads\/2025\/06\/image7797-181x217.png\" alt=\"\" \/>\n<\/picture>\n<picture data-animation-in=\"{'direction':'left','easing':'easeInOutExpo','duration':1800,'movement':{'value':800,'unit':'px'},'type':'move'}\" data-between-in-out=\"false\" id=\"depicter-6-element-29\" class=\"depicter-element depicter-layer depicter-6-element-29\" data-type=\"image\" data-wrap=\"true\" data-name=\"Image 2\" data-local-id=\"element-29\" data-offset=\"x:75px;y:434px;origin:tl\" data-tablet-offset=\"x:53px;y:533px;origin:tl\" data-mobile-offset=\"x:0px;y:495px;origin:tl\" data-width=\"1108px,971px,366px\" data-height=\"225px,197px,73px\" data-responsive-scale=\"true,,\" data-crop=\"false\">\n<source data-depicter-srcset=\"https:\/\/www.body-vip.fr\/club-de-gym\/wp-content\/uploads\/2026\/03\/equipe-366x73.png, https:\/\/www.body-vip.fr\/club-de-gym\/wp-content\/uploads\/2026\/03\/equipe-732x146.png 2x\" srcset=\"data:image\/gif;base64,R0lGODlhAQABAIAAAAAAAP\/\/\/yH5BAEAAAAALAAAAAABAAEAAAIBRAA7\" media=\"(max-width: 767px)\" \/>\n\n<source data-depicter-srcset=\"https:\/\/www.body-vip.fr\/club-de-gym\/wp-content\/uploads\/2026\/03\/equipe-971x197.png, https:\/\/www.body-vip.fr\/club-de-gym\/wp-content\/uploads\/2026\/03\/equipe-1942x394.png 2x\" srcset=\"data:image\/gif;base64,R0lGODlhAQABAIAAAAAAAP\/\/\/yH5BAEAAAAALAAAAAABAAEAAAIBRAA7\" media=\"(max-width: 1024px)\" \/>\n\n<source data-depicter-srcset=\"https:\/\/www.body-vip.fr\/club-de-gym\/wp-content\/uploads\/2026\/03\/equipe-1108x225.png, https:\/\/www.body-vip.fr\/club-de-gym\/wp-content\/uploads\/2026\/03\/equipe-2216x450.png 2x\" srcset=\"data:image\/gif;base64,R0lGODlhAQABAIAAAAAAAP\/\/\/yH5BAEAAAAALAAAAAABAAEAAAIBRAA7\" media=\"(min-width: 1025px)\" \/>\n<img decoding=\"async\" src=\"data:image\/gif;base64,R0lGODlhAQABAIAAAAAAAP\/\/\/yH5BAEAAAAALAAAAAABAAEAAAIBRAA7\" data-depicter-src=\"https:\/\/www.body-vip.fr\/club-de-gym\/wp-content\/uploads\/2026\/03\/equipe-1108x225.png\" alt=\"\" \/>\n<\/picture><\/div>\n<\/div>\n<script>\n(window.depicterSetups = window.depicterSetups || []).push(function(){\n\tDepicter.basePath = 'https:\/\/www.body-vip.fr\/club-de-gym\/wp-content\/plugins\/depicter\/resources\/scripts\/player\/';\n\tconst dpPlayer = Depicter.setup('.depicter-6',\n\t\t{\"width\":[\"1200\",\"1024\",\"360\"],\"height\":[\"700\",\"730\",\"700\"],\"view\":\"basic\",\"keepAspectRatio\":true,\"preload\":0,\"layout\":\"boxed\",\"rtl\":false,\"initAfterAppear\":false,\"ajaxApiUrl\":\"https:\\\/\\\/www.body-vip.fr\\\/club-de-gym\\\/wp-admin\\\/admin-ajax.php\",\"mouseSwipe\":true,\"touchSwipe\":true,\"fullscreenMargin\":\"0\",\"useWatermark\":false}\n\t);\n});\n<\/script><\/p>\n<hr \/>\n<h1 style=\"text-align: center;\">Le club qui transforme les passionn\u00e9s en athl\u00e8tes.<\/h1>\n<p style=\"text-align: center;\"><span style=\"color: #ebebeb;\">Sports de combat \u2013 Pr\u00e9paration physique \u2013 Performance<\/span><br \/>\n<span style=\"color: #ebebeb;\">Loisirs \u2022 Amateurs \u2022 Comp\u00e9tition \u2022 Professionnels<\/span><\/p>\n<p style=\"text-align: center;\">\u2e3b<\/p>\n<h3 style=\"text-align: center;\">Rejoins une \u00e9quipe d\u2019experts rattach\u00e9e au MMA Factory<\/h3>\n<p style=\"text-align: center;\"><span style=\"color: #ebebeb;\">\u2022 MMA<\/span><br \/>\n<span style=\"color: #ebebeb;\">\u2022 Boxe Tha\u00ef<\/span><br \/>\n<span style=\"color: #ebebeb;\">\u2022 Boxe Anglaise<\/span><br \/>\n<span style=\"color: #ebebeb;\">\u2022 Lutte<\/span><br \/>\n<span style=\"color: #ebebeb;\">\u2022 Grappling<\/span><br \/>\n<span style=\"color: #ebebeb;\">\u2022 Pr\u00e9paration Physique haut niveau<\/span><\/p>\n<p style=\"text-align: center;\"><strong>D\u00e9butant ou confirm\u00e9, tu progresses \u2014 garanti.<\/strong><\/p>\n<p style=\"text-align: center;\">\u2e3b<\/p>\n<p style=\"text-align: center;\"><span style=\"color: #ebebeb;\">Des coachs reconnus, une ambiance familiale, un club unique depuis 2003<\/span><\/p>\n<h4 style=\"text-align: center;\">BODY VIP, c\u2019est 20 ans d\u2019exp\u00e9rience, une \u00e9quipe haut niveau, et un accompagnement adapt\u00e9 \u00e0 chacun.<\/h4>\n<p style=\"text-align: center;\">\u2e3b<\/p>\n<p style=\"text-align: center;\"><em><strong>\u00ab Train Hard. Rise Strong. \u00bb<\/strong><\/em><\/p>\n<p style=\"text-align: center;\"><span style=\"color: #ebebeb;\">Rejoins l\u2019aventure BODY VIP<\/span><\/p>\n<p style=\"text-align: center;\"><span style=\"color: #ebebeb;\">\u27a4 Cours \u2022 Coaching \u2022 Comp\u00e9tition<\/span><br \/>\n<span style=\"color: #ebebeb;\">\u27a4 Tous niveaux<\/span><br \/>\n<span style=\"color: #ebebeb;\">\u27a4 Accueil imm\u00e9diat<\/span><\/p>\n<p><span style=\"transition-property: all;\"><a style=\"font-size: 16px; font-style: normal; font-weight: 400; transition-property: all; color: #3a3a3a;\" href=\"https:\/\/www.body-vip.fr\/club-de-gym\/coaching-coach-nutrition\/\" target=\"_blank\" rel=\"noopener\"><img loading=\"lazy\" decoding=\"async\" class=\"aligncenter wp-image-3447 size-large\" title=\"obtenir un coach sportif\" src=\"https:\/\/www.body-vip.fr\/club-de-gym\/wp-content\/uploads\/2024\/09\/fitness-etudiants-1024x208.png\" alt=\"\" width=\"1024\" height=\"208\" srcset=\"https:\/\/www.body-vip.fr\/club-de-gym\/wp-content\/uploads\/2024\/09\/fitness-etudiants-1024x208.png 1024w, https:\/\/www.body-vip.fr\/club-de-gym\/wp-content\/uploads\/2024\/09\/fitness-etudiants-300x61.png 300w, https:\/\/www.body-vip.fr\/club-de-gym\/wp-content\/uploads\/2024\/09\/fitness-etudiants-768x156.png 768w, https:\/\/www.body-vip.fr\/club-de-gym\/wp-content\/uploads\/2024\/09\/fitness-etudiants-600x122.png 600w, https:\/\/www.body-vip.fr\/club-de-gym\/wp-content\/uploads\/2024\/09\/fitness-etudiants-200x41.png 200w, https:\/\/www.body-vip.fr\/club-de-gym\/wp-content\/uploads\/2024\/09\/fitness-etudiants.png 1108w\" sizes=\"auto, (max-width: 1024px) 100vw, 1024px\" \/><\/a><\/span><\/p>\n<hr \/>\n<p style=\"text-align: center;\"><iframe loading=\"lazy\" title=\"YouTube video player\" src=\"https:\/\/www.youtube.com\/embed\/PRI8ltEgH_A?si=RhhdyKd__X-tXpc5\" width=\"560\" height=\"315\" frameborder=\"0\" allowfullscreen=\"allowfullscreen\"><\/iframe><\/p>\n","protected":false},"excerpt":{"rendered":"<p>Le club qui transforme les passionn\u00e9s en athl\u00e8tes. Sports de combat \u2013 Pr\u00e9paration physique \u2013 Performance Loisirs \u2022 Amateurs \u2022 Comp\u00e9tition \u2022 Professionnels \u2e3b Rejoins une \u00e9quipe d\u2019experts rattach\u00e9e au MMA Factory \u2022 MMA \u2022 Boxe Tha\u00ef \u2022 Boxe Anglaise \u2022 Lutte \u2022 Grappling \u2022 Pr\u00e9paration Physique haut niveau D\u00e9butant ou confirm\u00e9, tu progresses \u2014 [&hellip;]<\/p>\n","protected":false},"author":1,"featured_media":0,"parent":0,"menu_order":0,"comment_status":"closed","ping_status":"closed","template":"","meta":{"site-sidebar-layout":"default","site-content-layout":"default","ast-site-content-layout":"default","site-content-style":"default","site-sidebar-style":"default","ast-global-header-display":"","ast-banner-title-visibility":"","ast-main-header-display":"","ast-hfb-above-header-display":"","ast-hfb-below-header-display":"","ast-hfb-mobile-header-display":"","site-post-title":"","ast-breadcrumbs-content":"","ast-featured-img":"","footer-sml-layout":"","ast-disable-related-posts":"","theme-transparent-header-meta":"default","adv-header-id-meta":"","stick-header-meta":"","header-above-stick-meta":"","header-main-stick-meta":"","header-below-stick-meta":"","astra-migrate-meta-layouts":"set","ast-page-background-enabled":"default","ast-page-background-meta":{"desktop":{"background-color":"var(--ast-global-color-4)","background-image":"","background-repeat":"repeat","background-position":"center center","background-size":"auto","background-attachment":"scroll","background-type":"","background-media":"","overlay-type":"","overlay-color":"","overlay-opacity":"","overlay-gradient":""},"tablet":{"background-color":"","background-image":"","background-repeat":"repeat","background-position":"center center","background-size":"auto","background-attachment":"scroll","background-type":"","background-media":"","overlay-type":"","overlay-color":"","overlay-opacity":"","overlay-gradient":""},"mobile":{"background-color":"","background-image":"","background-repeat":"repeat","background-position":"center center","background-size":"auto","background-attachment":"scroll","background-type":"","background-media":"","overlay-type":"","overlay-color":"","overlay-opacity":"","overlay-gradient":""}},"ast-content-background-meta":{"desktop":{"background-color":"var(--ast-global-color-5)","background-image":"","background-repeat":"repeat","background-position":"center center","background-size":"auto","background-attachment":"scroll","background-type":"","background-media":"","overlay-type":"","overlay-color":"","overlay-opacity":"","overlay-gradient":""},"tablet":{"background-color":"var(--ast-global-color-5)","background-image":"","background-repeat":"repeat","background-position":"center center","background-size":"auto","background-attachment":"scroll","background-type":"","background-media":"","overlay-type":"","overlay-color":"","overlay-opacity":"","overlay-gradient":""},"mobile":{"background-color":"var(--ast-global-color-5)","background-image":"","background-repeat":"repeat","background-position":"center center","background-size":"auto","background-attachment":"scroll","background-type":"","background-media":"","overlay-type":"","overlay-color":"","overlay-opacity":"","overlay-gradient":""}},"footnotes":""},"class_list":["post-1192","page","type-page","status-publish","hentry"],"yoast_head":"<!-- This site is optimized with the Yoast SEO plugin v27.5 - https:\/\/yoast.com\/product\/yoast-seo-wordpress\/ -->\n<title>Club de boxe Saint Maur 94100, Krav maga, MMA, boxe Tha\u00ef<\/title>\n<meta name=\"description\" content=\"Le club de boxe de Saint Maur des Foss\u00e9s vous accueille toute la semaine pour vos projets sportifs et l&#039;apprentissage des sports de combat\" \/>\n<meta name=\"robots\" content=\"index, follow, max-snippet:-1, max-image-preview:large, max-video-preview:-1\" \/>\n<link rel=\"canonical\" href=\"https:\/\/www.body-vip.fr\/club-de-gym\/boxe-et-fitness\/\" \/>\n<meta property=\"og:locale\" content=\"fr_FR\" \/>\n<meta property=\"og:type\" content=\"article\" \/>\n<meta property=\"og:title\" content=\"Club de boxe Saint Maur 94100, Krav maga, MMA, boxe Tha\u00ef\" \/>\n<meta property=\"og:description\" content=\"Le club de boxe de Saint Maur des Foss\u00e9s vous accueille toute la semaine pour vos projets sportifs et l&#039;apprentissage des sports de combat\" \/>\n<meta property=\"og:url\" content=\"https:\/\/www.body-vip.fr\/club-de-gym\/boxe-et-fitness\/\" \/>\n<meta property=\"og:site_name\" content=\"Club de Sport\" \/>\n<meta property=\"article:modified_time\" content=\"2026-03-09T16:21:30+00:00\" \/>\n<meta property=\"og:image\" content=\"https:\/\/www.body-vip.fr\/club-de-gym\/wp-content\/uploads\/2024\/09\/fitness-etudiants-1024x208.png\" \/>\n<meta name=\"twitter:card\" content=\"summary_large_image\" \/>\n<meta name=\"twitter:label1\" content=\"Dur\u00e9e de lecture estim\u00e9e\" \/>\n\t<meta name=\"twitter:data1\" content=\"1 minute\" \/>\n<script type=\"application\/ld+json\" class=\"yoast-schema-graph\">{\"@context\":\"https:\\\/\\\/schema.org\",\"@graph\":[{\"@type\":\"WebPage\",\"@id\":\"https:\\\/\\\/www.body-vip.fr\\\/club-de-gym\\\/boxe-et-fitness\\\/\",\"url\":\"https:\\\/\\\/www.body-vip.fr\\\/club-de-gym\\\/boxe-et-fitness\\\/\",\"name\":\"Club de boxe Saint Maur 94100, Krav maga, MMA, boxe Tha\u00ef\",\"isPartOf\":{\"@id\":\"https:\\\/\\\/www.body-vip.fr\\\/club-de-gym\\\/#website\"},\"primaryImageOfPage\":{\"@id\":\"https:\\\/\\\/www.body-vip.fr\\\/club-de-gym\\\/boxe-et-fitness\\\/#primaryimage\"},\"image\":{\"@id\":\"https:\\\/\\\/www.body-vip.fr\\\/club-de-gym\\\/boxe-et-fitness\\\/#primaryimage\"},\"thumbnailUrl\":\"https:\\\/\\\/www.body-vip.fr\\\/club-de-gym\\\/wp-content\\\/uploads\\\/2024\\\/09\\\/fitness-etudiants-1024x208.png\",\"datePublished\":\"2020-07-02T06:39:00+00:00\",\"dateModified\":\"2026-03-09T16:21:30+00:00\",\"description\":\"Le club de boxe de Saint Maur des Foss\u00e9s vous accueille toute la semaine pour vos projets sportifs et l'apprentissage des sports de combat\",\"inLanguage\":\"fr-FR\",\"potentialAction\":[{\"@type\":\"ReadAction\",\"target\":[\"https:\\\/\\\/www.body-vip.fr\\\/club-de-gym\\\/boxe-et-fitness\\\/\"]}]},{\"@type\":\"ImageObject\",\"inLanguage\":\"fr-FR\",\"@id\":\"https:\\\/\\\/www.body-vip.fr\\\/club-de-gym\\\/boxe-et-fitness\\\/#primaryimage\",\"url\":\"https:\\\/\\\/www.body-vip.fr\\\/club-de-gym\\\/wp-content\\\/uploads\\\/2024\\\/09\\\/fitness-etudiants.png\",\"contentUrl\":\"https:\\\/\\\/www.body-vip.fr\\\/club-de-gym\\\/wp-content\\\/uploads\\\/2024\\\/09\\\/fitness-etudiants.png\",\"width\":1108,\"height\":225},{\"@type\":\"WebSite\",\"@id\":\"https:\\\/\\\/www.body-vip.fr\\\/club-de-gym\\\/#website\",\"url\":\"https:\\\/\\\/www.body-vip.fr\\\/club-de-gym\\\/\",\"name\":\"Club de Sport\",\"description\":\"\",\"publisher\":{\"@id\":\"https:\\\/\\\/www.body-vip.fr\\\/club-de-gym\\\/#organization\"},\"potentialAction\":[{\"@type\":\"SearchAction\",\"target\":{\"@type\":\"EntryPoint\",\"urlTemplate\":\"https:\\\/\\\/www.body-vip.fr\\\/club-de-gym\\\/?s={search_term_string}\"},\"query-input\":{\"@type\":\"PropertyValueSpecification\",\"valueRequired\":true,\"valueName\":\"search_term_string\"}}],\"inLanguage\":\"fr-FR\"},{\"@type\":\"Organization\",\"@id\":\"https:\\\/\\\/www.body-vip.fr\\\/club-de-gym\\\/#organization\",\"name\":\"Club de Sport\",\"url\":\"https:\\\/\\\/www.body-vip.fr\\\/club-de-gym\\\/\",\"logo\":{\"@type\":\"ImageObject\",\"inLanguage\":\"fr-FR\",\"@id\":\"https:\\\/\\\/www.body-vip.fr\\\/club-de-gym\\\/#\\\/schema\\\/logo\\\/image\\\/\",\"url\":\"https:\\\/\\\/www.body-vip.fr\\\/club-de-gym\\\/wp-content\\\/uploads\\\/2026\\\/03\\\/cropped-rect4204.png\",\"contentUrl\":\"https:\\\/\\\/www.body-vip.fr\\\/club-de-gym\\\/wp-content\\\/uploads\\\/2026\\\/03\\\/cropped-rect4204.png\",\"width\":700,\"height\":233,\"caption\":\"Club de Sport\"},\"image\":{\"@id\":\"https:\\\/\\\/www.body-vip.fr\\\/club-de-gym\\\/#\\\/schema\\\/logo\\\/image\\\/\"}}]}<\/script>\n<!-- \/ Yoast SEO plugin. -->","yoast_head_json":{"title":"Club de boxe Saint Maur 94100, Krav maga, MMA, boxe Tha\u00ef","description":"Le club de boxe de Saint Maur des Foss\u00e9s vous accueille toute la semaine pour vos projets sportifs et l'apprentissage des sports de combat","robots":{"index":"index","follow":"follow","max-snippet":"max-snippet:-1","max-image-preview":"max-image-preview:large","max-video-preview":"max-video-preview:-1"},"canonical":"https:\/\/www.body-vip.fr\/club-de-gym\/boxe-et-fitness\/","og_locale":"fr_FR","og_type":"article","og_title":"Club de boxe Saint Maur 94100, Krav maga, MMA, boxe Tha\u00ef","og_description":"Le club de boxe de Saint Maur des Foss\u00e9s vous accueille toute la semaine pour vos projets sportifs et l'apprentissage des sports de combat","og_url":"https:\/\/www.body-vip.fr\/club-de-gym\/boxe-et-fitness\/","og_site_name":"Club de Sport","article_modified_time":"2026-03-09T16:21:30+00:00","og_image":[{"url":"https:\/\/www.body-vip.fr\/club-de-gym\/wp-content\/uploads\/2024\/09\/fitness-etudiants-1024x208.png","type":"","width":"","height":""}],"twitter_card":"summary_large_image","twitter_misc":{"Dur\u00e9e de lecture estim\u00e9e":"1 minute"},"schema":{"@context":"https:\/\/schema.org","@graph":[{"@type":"WebPage","@id":"https:\/\/www.body-vip.fr\/club-de-gym\/boxe-et-fitness\/","url":"https:\/\/www.body-vip.fr\/club-de-gym\/boxe-et-fitness\/","name":"Club de boxe Saint Maur 94100, Krav maga, MMA, boxe Tha\u00ef","isPartOf":{"@id":"https:\/\/www.body-vip.fr\/club-de-gym\/#website"},"primaryImageOfPage":{"@id":"https:\/\/www.body-vip.fr\/club-de-gym\/boxe-et-fitness\/#primaryimage"},"image":{"@id":"https:\/\/www.body-vip.fr\/club-de-gym\/boxe-et-fitness\/#primaryimage"},"thumbnailUrl":"https:\/\/www.body-vip.fr\/club-de-gym\/wp-content\/uploads\/2024\/09\/fitness-etudiants-1024x208.png","datePublished":"2020-07-02T06:39:00+00:00","dateModified":"2026-03-09T16:21:30+00:00","description":"Le club de boxe de Saint Maur des Foss\u00e9s vous accueille toute la semaine pour vos projets sportifs et l'apprentissage des sports de combat","inLanguage":"fr-FR","potentialAction":[{"@type":"ReadAction","target":["https:\/\/www.body-vip.fr\/club-de-gym\/boxe-et-fitness\/"]}]},{"@type":"ImageObject","inLanguage":"fr-FR","@id":"https:\/\/www.body-vip.fr\/club-de-gym\/boxe-et-fitness\/#primaryimage","url":"https:\/\/www.body-vip.fr\/club-de-gym\/wp-content\/uploads\/2024\/09\/fitness-etudiants.png","contentUrl":"https:\/\/www.body-vip.fr\/club-de-gym\/wp-content\/uploads\/2024\/09\/fitness-etudiants.png","width":1108,"height":225},{"@type":"WebSite","@id":"https:\/\/www.body-vip.fr\/club-de-gym\/#website","url":"https:\/\/www.body-vip.fr\/club-de-gym\/","name":"Club de Sport","description":"","publisher":{"@id":"https:\/\/www.body-vip.fr\/club-de-gym\/#organization"},"potentialAction":[{"@type":"SearchAction","target":{"@type":"EntryPoint","urlTemplate":"https:\/\/www.body-vip.fr\/club-de-gym\/?s={search_term_string}"},"query-input":{"@type":"PropertyValueSpecification","valueRequired":true,"valueName":"search_term_string"}}],"inLanguage":"fr-FR"},{"@type":"Organization","@id":"https:\/\/www.body-vip.fr\/club-de-gym\/#organization","name":"Club de Sport","url":"https:\/\/www.body-vip.fr\/club-de-gym\/","logo":{"@type":"ImageObject","inLanguage":"fr-FR","@id":"https:\/\/www.body-vip.fr\/club-de-gym\/#\/schema\/logo\/image\/","url":"https:\/\/www.body-vip.fr\/club-de-gym\/wp-content\/uploads\/2026\/03\/cropped-rect4204.png","contentUrl":"https:\/\/www.body-vip.fr\/club-de-gym\/wp-content\/uploads\/2026\/03\/cropped-rect4204.png","width":700,"height":233,"caption":"Club de Sport"},"image":{"@id":"https:\/\/www.body-vip.fr\/club-de-gym\/#\/schema\/logo\/image\/"}}]}},"_links":{"self":[{"href":"https:\/\/www.body-vip.fr\/club-de-gym\/wp-json\/wp\/v2\/pages\/1192","targetHints":{"allow":["GET"]}}],"collection":[{"href":"https:\/\/www.body-vip.fr\/club-de-gym\/wp-json\/wp\/v2\/pages"}],"about":[{"href":"https:\/\/www.body-vip.fr\/club-de-gym\/wp-json\/wp\/v2\/types\/page"}],"author":[{"embeddable":true,"href":"https:\/\/www.body-vip.fr\/club-de-gym\/wp-json\/wp\/v2\/users\/1"}],"replies":[{"embeddable":true,"href":"https:\/\/www.body-vip.fr\/club-de-gym\/wp-json\/wp\/v2\/comments?post=1192"}],"version-history":[{"count":26,"href":"https:\/\/www.body-vip.fr\/club-de-gym\/wp-json\/wp\/v2\/pages\/1192\/revisions"}],"predecessor-version":[{"id":3733,"href":"https:\/\/www.body-vip.fr\/club-de-gym\/wp-json\/wp\/v2\/pages\/1192\/revisions\/3733"}],"wp:attachment":[{"href":"https:\/\/www.body-vip.fr\/club-de-gym\/wp-json\/wp\/v2\/media?parent=1192"}],"curies":[{"name":"wp","href":"https:\/\/api.w.org\/{rel}","templated":true}]}}